{"id":1878,"date":"2026-04-08T12:16:15","date_gmt":"2026-04-08T16:16:15","guid":{"rendered":"https:\/\/nominingue.com\/?page_id=1878"},"modified":"2026-04-09T11:53:32","modified_gmt":"2026-04-09T15:53:32","slug":"canot-camping","status":"publish","type":"page","link":"https:\/\/nominingue.com\/fr\/canot-camping\/","title":{"rendered":"Canot Camping"},"content":{"rendered":"\n<p>Depuis sa fondation en 1925, le Camp Nominingue a plac\u00e9 l\u2019exp\u00e9dition et l\u2019exploration au c\u0153ur de l\u2019exp\u00e9rience des campeurs. D\u00e8s le tout d\u00e9but, notre mission a \u00e9t\u00e9 d\u2019offrir \u00e0 chaque campeur la possibilit\u00e9 de d\u00e9couvrir les vastes \u00e9tendues sauvages et les cours d\u2019eau navigables du Qu\u00e9bec. Alors que nos premi\u00e8res ann\u00e9es ont \u00e9t\u00e9 marqu\u00e9es par la d\u00e9couverte de nouveaux lacs et itin\u00e9raires, notre deuxi\u00e8me si\u00e8cle marque une \u00e9volution : nous concilions d\u00e9sormais cet esprit d\u2019aventure avec un accent mis sur la s\u00e9curit\u00e9, l\u2019acquisition de comp\u00e9tences et l\u2019\u00e9panouissement personnel en pleine nature.<\/p>\n\n\n\n<p>Notre programme d\u2019excursions propose des sorties en pleine nature adapt\u00e9es \u00e0 l\u2019\u00e2ge, au niveau de comp\u00e9tence et \u00e0 la dur\u00e9e du s\u00e9jour de chaque campeur. Les exp\u00e9riences vont de randonn\u00e9es d\u2019une journ\u00e9e dans <strong>la r\u00e9serve faunique Papineau-Labelle<\/strong> \u00e0 des exp\u00e9ditions immersives de 10 jours \u00e0 travers les terrains accident\u00e9s de <strong>la r\u00e9serve faunique de La V\u00e9rendrye<\/strong>. En chemin, les campeurs d\u00e9couvrent des cascades cach\u00e9es, des barrages de castors et des rochers parfaits pour sauter. Ces voyages sont plus que de simples aventures ; ce sont des occasions de ma\u00eetriser des comp\u00e9tences essentielles en plein air, notamment la navigation, la gestion d\u2019un campement et la cuisine au feu de bois.<\/p>\n\n\n\n<figure class=\"wp-block-image size-full\"><img loading=\"lazy\" decoding=\"async\" width=\"800\" height=\"531\" src=\"https:\/\/nominingue.com\/wp-content\/uploads\/2023\/06\/canoe-tripping4.jpg\" alt=\"\" class=\"wp-image-355\" srcset=\"https:\/\/nominingue.com\/wp-content\/uploads\/2023\/06\/canoe-tripping4.jpg 800w, https:\/\/nominingue.com\/wp-content\/uploads\/2023\/06\/canoe-tripping4-300x199.jpg 300w, https:\/\/nominingue.com\/wp-content\/uploads\/2023\/06\/canoe-tripping4-768x510.jpg 768w\" sizes=\"auto, (max-width: 800px) 100vw, 800px\" \/><\/figure>\n\n\n\n<p>L&rsquo;autonomisation commence d\u00e8s l&rsquo;arriv\u00e9e des campeurs. Lors de leurs deux premiers jours au camp, notre \u00e9quipe charg\u00e9e des sorties invite les campeurs \u00e0 prendre les r\u00eanes en choisissant une excursion qui suscite leur int\u00e9r\u00eat. Il ne s&rsquo;agit pas simplement d&rsquo;une feuille d&rsquo;inscription, mais du d\u00e9but d&rsquo;un v\u00e9ritable parcours. Une fois le groupe constitu\u00e9, les campeurs travaillent en collaboration avec leurs accompagnateurs pour \u00e9laborer leurs propres menus et \u00e9tudier leurs itin\u00e9raires, s&rsquo;assurant ainsi de s&rsquo;investir pleinement \u00e0 chaque \u00e9tape de leur future aventure en pleine nature.<\/p>\n\n\n\n<h2 class=\"wp-block-heading has-text-align-center\">S\u00e9jours R\u00e9guliers<\/h2>\n\n\n\n<figure class=\"wp-block-table\"><table class=\"has-fixed-layout\"><tbody><tr><td class=\"has-text-align-center\" data-align=\"center\"><strong>Camp<\/strong><\/td><td class=\"has-text-align-center\" data-align=\"center\"><strong>Age<\/strong><\/td><td class=\"has-text-align-center\" data-align=\"center\"><strong>Ann\u00e9e Scolaire<\/strong><\/td><td class=\"has-text-align-center\" data-align=\"center\"><strong>Section<\/strong><\/td><td class=\"has-text-align-center\" data-align=\"center\"><strong>Canot Camping<\/strong><\/td><\/tr><tr><td class=\"has-text-align-center\" data-align=\"center\">Lower<\/td><td class=\"has-text-align-center\" data-align=\"center\">7-9<\/td><td class=\"has-text-align-center\" data-align=\"center\">1-3<\/td><td class=\"has-text-align-center\" data-align=\"center\">1-2<\/td><td class=\"has-text-align-center\" data-align=\"center\">1-nuit<\/td><\/tr><tr><td class=\"has-text-align-center\" data-align=\"center\">\ufeff<\/td><td class=\"has-text-align-center\" data-align=\"center\">10<\/td><td class=\"has-text-align-center\" data-align=\"center\">4<\/td><td class=\"has-text-align-center\" data-align=\"center\">3<\/td><td class=\"has-text-align-center\" data-align=\"center\">1-nuit ou<br>3-jours*<\/td><\/tr><tr><td class=\"has-text-align-center\" data-align=\"center\">Middle<\/td><td class=\"has-text-align-center\" data-align=\"center\">11<\/td><td class=\"has-text-align-center\" data-align=\"center\">5<\/td><td class=\"has-text-align-center\" data-align=\"center\">4<\/td><td class=\"has-text-align-center\" data-align=\"center\">3-jours<\/td><\/tr><tr><td class=\"has-text-align-center\" data-align=\"center\">\ufeff<\/td><td class=\"has-text-align-center\" data-align=\"center\">12<\/td><td class=\"has-text-align-center\" data-align=\"center\">6<\/td><td class=\"has-text-align-center\" data-align=\"center\">5<\/td><td class=\"has-text-align-center\" data-align=\"center\">5-jours**<\/td><\/tr><tr><td class=\"has-text-align-center\" data-align=\"center\">Upper<\/td><td class=\"has-text-align-center\" data-align=\"center\">13<\/td><td class=\"has-text-align-center\" data-align=\"center\">Sec 1<\/td><td class=\"has-text-align-center\" data-align=\"center\">6<\/td><td class=\"has-text-align-center\" data-align=\"center\">Super 5<\/td><\/tr><tr><td class=\"has-text-align-center\" data-align=\"center\">\ufeff<\/td><td class=\"has-text-align-center\" data-align=\"center\">14<\/td><td class=\"has-text-align-center\" data-align=\"center\">Sec 2<\/td><td class=\"has-text-align-center\" data-align=\"center\">7<\/td><td class=\"has-text-align-center\" data-align=\"center\">7-jours<\/td><\/tr><tr><td class=\"has-text-align-center\" data-align=\"center\">\ufeff<\/td><td class=\"has-text-align-center\" data-align=\"center\">15<\/td><td class=\"has-text-align-center\" data-align=\"center\">Sec 3<\/td><td class=\"has-text-align-center\" data-align=\"center\">7<\/td><td class=\"has-text-align-center\" data-align=\"center\">8 or 10-jours<\/td><\/tr><tr><td class=\"has-text-align-center\" data-align=\"center\">LIT<\/td><td class=\"has-text-align-center\" data-align=\"center\">16<\/td><td class=\"has-text-align-center\" data-align=\"center\">Sec 4<\/td><td class=\"has-text-align-center\" data-align=\"center\">LIT<\/td><td class=\"has-text-align-center\" data-align=\"center\">8-jours<\/td><\/tr><\/tbody><\/table><\/figure>\n\n\n\n<p>* Il faut avoir r\u00e9ussi le test de natation en eau profonde<br>** Pour les campeurs participant au s\u00e9jour de 12-jours, seule l&rsquo;excursion de 3-jours est propos\u00e9e.<\/p>\n\n\n\n<h2 class=\"wp-block-heading has-text-align-center\">Sessions D\u00e9couvertes<\/h2>\n\n\n\n<figure class=\"wp-block-table\"><table class=\"has-fixed-layout\"><tbody><tr><td class=\"has-text-align-center\" data-align=\"center\"><strong>&nbsp;Session<\/strong><\/td><td class=\"has-text-align-center\" data-align=\"center\"><strong>Age<\/strong><\/td><td class=\"has-text-align-center\" data-align=\"center\"><strong>Ann\u00e9e Scolaire<\/strong><\/td><td class=\"has-text-align-center\" data-align=\"center\"><strong>Section<\/strong><\/td><td class=\"has-text-align-center\" data-align=\"center\"><strong>Excursion<\/strong><\/td><\/tr><tr><td class=\"has-text-align-center\" data-align=\"center\"><strong>DC 8-jours<\/strong><\/td><td class=\"has-text-align-center\" data-align=\"center\">11 &#8211; 12<\/td><td class=\"has-text-align-center\" data-align=\"center\">5-6<\/td><td class=\"has-text-align-center\" data-align=\"center\">4-5<\/td><td class=\"has-text-align-center\" data-align=\"center\">1\/2 jour<\/td><\/tr><tr><td class=\"has-text-align-center\" data-align=\"center\"><strong>DC12-jours<\/strong><\/td><td class=\"has-text-align-center\" data-align=\"center\">13 &#8211; 15<\/td><td class=\"has-text-align-center\" data-align=\"center\">Sec 1<\/td><td class=\"has-text-align-center\" data-align=\"center\">6<\/td><td class=\"has-text-align-center\" data-align=\"center\">1 jour<\/td><\/tr><\/tbody><\/table><\/figure>\n\n\n\n<p><\/p>\n","protected":false},"excerpt":{"rendered":"<p>Depuis sa fondation en 1925, le Camp Nominingue a plac\u00e9 l\u2019exp\u00e9dition et l\u2019exploration au c\u0153ur de l\u2019exp\u00e9rience des campeurs. D\u00e8s le tout d\u00e9but, notre mission a \u00e9t\u00e9 d\u2019offrir \u00e0 chaque campeur la possibilit\u00e9 de d\u00e9couvrir les vastes \u00e9tendues sauvages et les cours d\u2019eau navigables du Qu\u00e9bec. Alors que nos premi\u00e8res ann\u00e9es ont \u00e9t\u00e9 marqu\u00e9es par [&hellip;]<\/p>\n","protected":false},"author":5,"featured_media":77,"parent":0,"menu_order":0,"comment_status":"closed","ping_status":"closed","template":"","meta":{"_acf_changed":false,"footnotes":""},"class_list":["post-1878","page","type-page","status-publish","has-post-thumbnail","hentry"],"acf":[],"yoast_head":"<!-- This site is optimized with the Yoast SEO plugin v27.3 - https:\/\/yoast.com\/product\/yoast-seo-wordpress\/ -->\n<title>Canot Camping - Nominingue Camp<\/title>\n<meta name=\"robots\" content=\"index, follow, max-snippet:-1, max-image-preview:large, max-video-preview:-1\" \/>\n<link rel=\"canonical\" href=\"https:\/\/nominingue.com\/fr\/canot-camping\/\" \/>\n<meta property=\"og:locale\" content=\"fr_FR\" \/>\n<meta property=\"og:type\" content=\"article\" \/>\n<meta property=\"og:title\" content=\"Canot Camping - Nominingue Camp\" \/>\n<meta property=\"og:description\" content=\"Depuis sa fondation en 1925, le Camp Nominingue a plac\u00e9 l\u2019exp\u00e9dition et l\u2019exploration au c\u0153ur de l\u2019exp\u00e9rience des campeurs. D\u00e8s le tout d\u00e9but, notre mission a \u00e9t\u00e9 d\u2019offrir \u00e0 chaque campeur la possibilit\u00e9 de d\u00e9couvrir les vastes \u00e9tendues sauvages et les cours d\u2019eau navigables du Qu\u00e9bec. Alors que nos premi\u00e8res ann\u00e9es ont \u00e9t\u00e9 marqu\u00e9es par [&hellip;]\" \/>\n<meta property=\"og:url\" content=\"https:\/\/nominingue.com\/fr\/canot-camping\/\" \/>\n<meta property=\"og:site_name\" content=\"Nominingue Camp\" \/>\n<meta property=\"article:publisher\" content=\"https:\/\/www.facebook.com\/CampNominingue\/\" \/>\n<meta property=\"article:modified_time\" content=\"2026-04-09T15:53:32+00:00\" \/>\n<meta property=\"og:image\" content=\"https:\/\/nominingue.com\/wp-content\/uploads\/2023\/05\/canoe2.webp\" \/>\n\t<meta property=\"og:image:width\" content=\"1600\" \/>\n\t<meta property=\"og:image:height\" content=\"1067\" \/>\n\t<meta property=\"og:image:type\" content=\"image\/webp\" \/>\n<meta name=\"twitter:card\" content=\"summary_large_image\" \/>\n<meta name=\"twitter:site\" content=\"@CampNominingue\" \/>\n<meta name=\"twitter:label1\" content=\"Dur\u00e9e de lecture estim\u00e9e\" \/>\n\t<meta name=\"twitter:data1\" content=\"3 minutes\" \/>\n<script type=\"application\/ld+json\" class=\"yoast-schema-graph\">{\"@context\":\"https:\\\/\\\/schema.org\",\"@graph\":[{\"@type\":\"WebPage\",\"@id\":\"https:\\\/\\\/nominingue.com\\\/fr\\\/canot-camping\\\/\",\"url\":\"https:\\\/\\\/nominingue.com\\\/fr\\\/canot-camping\\\/\",\"name\":\"Canot Camping - Nominingue Camp\",\"isPartOf\":{\"@id\":\"https:\\\/\\\/nominingue.com\\\/fr\\\/#website\"},\"primaryImageOfPage\":{\"@id\":\"https:\\\/\\\/nominingue.com\\\/fr\\\/canot-camping\\\/#primaryimage\"},\"image\":{\"@id\":\"https:\\\/\\\/nominingue.com\\\/fr\\\/canot-camping\\\/#primaryimage\"},\"thumbnailUrl\":\"https:\\\/\\\/nominingue.com\\\/wp-content\\\/uploads\\\/2023\\\/05\\\/canoe2.webp\",\"datePublished\":\"2026-04-08T16:16:15+00:00\",\"dateModified\":\"2026-04-09T15:53:32+00:00\",\"breadcrumb\":{\"@id\":\"https:\\\/\\\/nominingue.com\\\/fr\\\/canot-camping\\\/#breadcrumb\"},\"inLanguage\":\"fr-FR\",\"potentialAction\":[{\"@type\":\"ReadAction\",\"target\":[\"https:\\\/\\\/nominingue.com\\\/fr\\\/canot-camping\\\/\"]}]},{\"@type\":\"ImageObject\",\"inLanguage\":\"fr-FR\",\"@id\":\"https:\\\/\\\/nominingue.com\\\/fr\\\/canot-camping\\\/#primaryimage\",\"url\":\"https:\\\/\\\/nominingue.com\\\/wp-content\\\/uploads\\\/2023\\\/05\\\/canoe2.webp\",\"contentUrl\":\"https:\\\/\\\/nominingue.com\\\/wp-content\\\/uploads\\\/2023\\\/05\\\/canoe2.webp\",\"width\":1600,\"height\":1067},{\"@type\":\"BreadcrumbList\",\"@id\":\"https:\\\/\\\/nominingue.com\\\/fr\\\/canot-camping\\\/#breadcrumb\",\"itemListElement\":[{\"@type\":\"ListItem\",\"position\":1,\"name\":\"Home\",\"item\":\"https:\\\/\\\/nominingue.com\\\/fr\\\/\"},{\"@type\":\"ListItem\",\"position\":2,\"name\":\"Canot Camping\"}]},{\"@type\":\"WebSite\",\"@id\":\"https:\\\/\\\/nominingue.com\\\/fr\\\/#website\",\"url\":\"https:\\\/\\\/nominingue.com\\\/fr\\\/\",\"name\":\"Nominingue Camp\",\"description\":\"Where your summer adventure begins...\",\"publisher\":{\"@id\":\"https:\\\/\\\/nominingue.com\\\/fr\\\/#organization\"},\"potentialAction\":[{\"@type\":\"SearchAction\",\"target\":{\"@type\":\"EntryPoint\",\"urlTemplate\":\"https:\\\/\\\/nominingue.com\\\/fr\\\/?s={search_term_string}\"},\"query-input\":{\"@type\":\"PropertyValueSpecification\",\"valueRequired\":true,\"valueName\":\"search_term_string\"}}],\"inLanguage\":\"fr-FR\"},{\"@type\":\"Organization\",\"@id\":\"https:\\\/\\\/nominingue.com\\\/fr\\\/#organization\",\"name\":\"Nominingue Camp\",\"url\":\"https:\\\/\\\/nominingue.com\\\/fr\\\/\",\"logo\":{\"@type\":\"ImageObject\",\"inLanguage\":\"fr-FR\",\"@id\":\"https:\\\/\\\/nominingue.com\\\/fr\\\/#\\\/schema\\\/logo\\\/image\\\/\",\"url\":\"https:\\\/\\\/nominingue.com\\\/wp-content\\\/uploads\\\/2025\\\/01\\\/CampNominingueTransparentGrey_Red-e1736697536987.png\",\"contentUrl\":\"https:\\\/\\\/nominingue.com\\\/wp-content\\\/uploads\\\/2025\\\/01\\\/CampNominingueTransparentGrey_Red-e1736697536987.png\",\"width\":2230,\"height\":1290,\"caption\":\"Nominingue Camp\"},\"image\":{\"@id\":\"https:\\\/\\\/nominingue.com\\\/fr\\\/#\\\/schema\\\/logo\\\/image\\\/\"},\"sameAs\":[\"https:\\\/\\\/www.facebook.com\\\/CampNominingue\\\/\",\"https:\\\/\\\/x.com\\\/CampNominingue\",\"https:\\\/\\\/www.youtube.com\\\/user\\\/CampNominingue\",\"https:\\\/\\\/www.instagram.com\\\/CampNominingue\\\/\"]}]}<\/script>\n<!-- \/ Yoast SEO plugin. -->","yoast_head_json":{"title":"Canot Camping - Nominingue Camp","robots":{"index":"index","follow":"follow","max-snippet":"max-snippet:-1","max-image-preview":"max-image-preview:large","max-video-preview":"max-video-preview:-1"},"canonical":"https:\/\/nominingue.com\/fr\/canot-camping\/","og_locale":"fr_FR","og_type":"article","og_title":"Canot Camping - Nominingue Camp","og_description":"Depuis sa fondation en 1925, le Camp Nominingue a plac\u00e9 l\u2019exp\u00e9dition et l\u2019exploration au c\u0153ur de l\u2019exp\u00e9rience des campeurs. D\u00e8s le tout d\u00e9but, notre mission a \u00e9t\u00e9 d\u2019offrir \u00e0 chaque campeur la possibilit\u00e9 de d\u00e9couvrir les vastes \u00e9tendues sauvages et les cours d\u2019eau navigables du Qu\u00e9bec. Alors que nos premi\u00e8res ann\u00e9es ont \u00e9t\u00e9 marqu\u00e9es par [&hellip;]","og_url":"https:\/\/nominingue.com\/fr\/canot-camping\/","og_site_name":"Nominingue Camp","article_publisher":"https:\/\/www.facebook.com\/CampNominingue\/","article_modified_time":"2026-04-09T15:53:32+00:00","og_image":[{"width":1600,"height":1067,"url":"https:\/\/nominingue.com\/wp-content\/uploads\/2023\/05\/canoe2.webp","type":"image\/webp"}],"twitter_card":"summary_large_image","twitter_site":"@CampNominingue","twitter_misc":{"Dur\u00e9e de lecture estim\u00e9e":"3 minutes"},"schema":{"@context":"https:\/\/schema.org","@graph":[{"@type":"WebPage","@id":"https:\/\/nominingue.com\/fr\/canot-camping\/","url":"https:\/\/nominingue.com\/fr\/canot-camping\/","name":"Canot Camping - Nominingue Camp","isPartOf":{"@id":"https:\/\/nominingue.com\/fr\/#website"},"primaryImageOfPage":{"@id":"https:\/\/nominingue.com\/fr\/canot-camping\/#primaryimage"},"image":{"@id":"https:\/\/nominingue.com\/fr\/canot-camping\/#primaryimage"},"thumbnailUrl":"https:\/\/nominingue.com\/wp-content\/uploads\/2023\/05\/canoe2.webp","datePublished":"2026-04-08T16:16:15+00:00","dateModified":"2026-04-09T15:53:32+00:00","breadcrumb":{"@id":"https:\/\/nominingue.com\/fr\/canot-camping\/#breadcrumb"},"inLanguage":"fr-FR","potentialAction":[{"@type":"ReadAction","target":["https:\/\/nominingue.com\/fr\/canot-camping\/"]}]},{"@type":"ImageObject","inLanguage":"fr-FR","@id":"https:\/\/nominingue.com\/fr\/canot-camping\/#primaryimage","url":"https:\/\/nominingue.com\/wp-content\/uploads\/2023\/05\/canoe2.webp","contentUrl":"https:\/\/nominingue.com\/wp-content\/uploads\/2023\/05\/canoe2.webp","width":1600,"height":1067},{"@type":"BreadcrumbList","@id":"https:\/\/nominingue.com\/fr\/canot-camping\/#breadcrumb","itemListElement":[{"@type":"ListItem","position":1,"name":"Home","item":"https:\/\/nominingue.com\/fr\/"},{"@type":"ListItem","position":2,"name":"Canot Camping"}]},{"@type":"WebSite","@id":"https:\/\/nominingue.com\/fr\/#website","url":"https:\/\/nominingue.com\/fr\/","name":"Nominingue Camp","description":"Where your summer adventure begins...","publisher":{"@id":"https:\/\/nominingue.com\/fr\/#organization"},"potentialAction":[{"@type":"SearchAction","target":{"@type":"EntryPoint","urlTemplate":"https:\/\/nominingue.com\/fr\/?s={search_term_string}"},"query-input":{"@type":"PropertyValueSpecification","valueRequired":true,"valueName":"search_term_string"}}],"inLanguage":"fr-FR"},{"@type":"Organization","@id":"https:\/\/nominingue.com\/fr\/#organization","name":"Nominingue Camp","url":"https:\/\/nominingue.com\/fr\/","logo":{"@type":"ImageObject","inLanguage":"fr-FR","@id":"https:\/\/nominingue.com\/fr\/#\/schema\/logo\/image\/","url":"https:\/\/nominingue.com\/wp-content\/uploads\/2025\/01\/CampNominingueTransparentGrey_Red-e1736697536987.png","contentUrl":"https:\/\/nominingue.com\/wp-content\/uploads\/2025\/01\/CampNominingueTransparentGrey_Red-e1736697536987.png","width":2230,"height":1290,"caption":"Nominingue Camp"},"image":{"@id":"https:\/\/nominingue.com\/fr\/#\/schema\/logo\/image\/"},"sameAs":["https:\/\/www.facebook.com\/CampNominingue\/","https:\/\/x.com\/CampNominingue","https:\/\/www.youtube.com\/user\/CampNominingue","https:\/\/www.instagram.com\/CampNominingue\/"]}]}},"_links":{"self":[{"href":"https:\/\/nominingue.com\/fr\/wp-json\/wp\/v2\/pages\/1878","targetHints":{"allow":["GET"]}}],"collection":[{"href":"https:\/\/nominingue.com\/fr\/wp-json\/wp\/v2\/pages"}],"about":[{"href":"https:\/\/nominingue.com\/fr\/wp-json\/wp\/v2\/types\/page"}],"author":[{"embeddable":true,"href":"https:\/\/nominingue.com\/fr\/wp-json\/wp\/v2\/users\/5"}],"replies":[{"embeddable":true,"href":"https:\/\/nominingue.com\/fr\/wp-json\/wp\/v2\/comments?post=1878"}],"version-history":[{"count":5,"href":"https:\/\/nominingue.com\/fr\/wp-json\/wp\/v2\/pages\/1878\/revisions"}],"predecessor-version":[{"id":1927,"href":"https:\/\/nominingue.com\/fr\/wp-json\/wp\/v2\/pages\/1878\/revisions\/1927"}],"wp:featuredmedia":[{"embeddable":true,"href":"https:\/\/nominingue.com\/fr\/wp-json\/wp\/v2\/media\/77"}],"wp:attachment":[{"href":"https:\/\/nominingue.com\/fr\/wp-json\/wp\/v2\/media?parent=1878"}],"curies":[{"name":"wp","href":"https:\/\/api.w.org\/{rel}","templated":true}]}}