{"id":57,"date":"2024-10-28T21:30:06","date_gmt":"2024-10-29T01:30:06","guid":{"rendered":"https:\/\/nominingue.com\/a-propos-de-nous\/"},"modified":"2026-02-27T11:10:45","modified_gmt":"2026-02-27T16:10:45","slug":"a-propos","status":"publish","type":"page","link":"https:\/\/nominingue.com\/fr\/a-propos\/","title":{"rendered":"\u00c0 propos de nous"},"content":{"rendered":"\n<p>Fond\u00e9 sur l&rsquo;id\u00e9e qu&rsquo;une exp\u00e9rience de camp en pleine nature aiderait les gar\u00e7ons \u00e0 d\u00e9velopper la responsabilit\u00e9, la maturit\u00e9 et le leadership, notre programme de camp d&rsquo;\u00e9t\u00e9 a acquis une compr\u00e9hension unique des besoins des gar\u00e7ons. Comme des milliers d&rsquo;anciens campeurs peuvent en t\u00e9moigner, un \u00e9t\u00e9 au Camp Nominingue est une exp\u00e9rience qui vous marquera pour toute la vie.<\/p>\n\n\n\n<p>Fond\u00e9 en 1925, notre campement, situ\u00e9 sur une propri\u00e9t\u00e9 de 390 acres, offre des installations exceptionnelles qui assurent un environnement s\u00e9curitaire et id\u00e9al pour s&rsquo;amuser et vivre des aventures estivales. Nous sommes un camp d&rsquo;\u00e9t\u00e9 pour gar\u00e7ons au Qu\u00e9bec, au nord de Montr\u00e9al et de Mont-Tremblant, avec plus de 2 km de rivage aux abords du Petit lac Nominingue !<\/p>\n\n\n\n<h2 class=\"wp-block-heading\">Nos valeurs et missions<\/h2>\n\n\n\n<div class=\"wp-block-columns bordered is-layout-flex wp-container-core-columns-is-layout-9d6595d7 wp-block-columns-is-layout-flex\">\n<div class=\"wp-block-column is-vertically-aligned-top is-layout-flow wp-block-column-is-layout-flow\" style=\"flex-basis:50%\">\n<div class=\"wp-block-group wp-elements-c6cf6afa60f02997a588f47c4ed612d3\"><div class=\"wp-block-group__inner-container is-layout-constrained wp-block-group-is-layout-constrained\">\n<p><img loading=\"lazy\" decoding=\"async\" width=\"35\" height=\"37\" src=\"https:\/\/nominingue.com\/wp-content\/themes\/nominingue\/assets\/svg\/leaf.svg\" alt=\"\"><\/p>\n\n\n\n<h3 class=\"wp-block-heading\">Exp\u00e9rience en plein air<\/h3>\n\n\n\n<p>Quitter la ville pour apprendre \u00e0 appr\u00e9cier la nature, vivre sous des tentes, explorer le terrain de jeu de Nominingue, acqu\u00e9rir des comp\u00e9tences en techniques de campement et en canotage, et s&rsquo;aventurer en plein air lors d&rsquo;excursions en canot.<\/p>\n<\/div><\/div>\n<\/div>\n\n\n\n<div class=\"wp-block-column is-layout-flow wp-block-column-is-layout-flow\" style=\"flex-basis:50%\">\n<div class=\"wp-block-group wp-elements-e24556dace692e93e3b689227feed6c6 wp-container-content-e29552f7\"><div class=\"wp-block-group__inner-container is-layout-constrained wp-block-group-is-layout-constrained\">\n<p><img loading=\"lazy\" decoding=\"async\" width=\"45\" height=\"45\" src=\"https:\/\/nominingue.com\/wp-content\/themes\/nominingue\/assets\/svg\/key.svg\" alt=\"\"><\/p>\n\n\n\n<h3 class=\"wp-block-heading\">Opportunit\u00e9<\/h3>\n\n\n\n<p>Loin de la routine habituelle, acqu\u00e9rir de nouvelles comp\u00e9tences, faire des choix et prendre des d\u00e9cisions adapt\u00e9s \u00e0 son \u00e2ge, vivre le travail d&rsquo;\u00e9quipe et l&rsquo;interd\u00e9pendance \u00e0 travers la vie en groupe et les activit\u00e9s collectives, pour s&rsquo;amuser et vivre des aventures.<\/p>\n<\/div><\/div>\n<\/div>\n<\/div>\n\n\n\n<div class=\"wp-block-columns bordered is-layout-flex wp-container-core-columns-is-layout-9d6595d7 wp-block-columns-is-layout-flex\">\n<div class=\"wp-block-column is-layout-flow wp-block-column-is-layout-flow\">\n<div class=\"wp-block-group wp-elements-449bdc6791d13a0ff8df44adcd043310 wp-container-content-e29552f7\"><div class=\"wp-block-group__inner-container is-layout-constrained wp-block-group-is-layout-constrained\">\n<p><img loading=\"lazy\" decoding=\"async\" width=\"32\" height=\"32\" src=\"https:\/\/nominingue.com\/wp-content\/themes\/nominingue\/assets\/svg\/arrow.svg\" alt=\"\"><\/p>\n\n\n\n<h3 class=\"wp-block-heading\">Croissance personnelle<\/h3>\n\n\n\n<p>Cela provient de nouvelles exp\u00e9riences et de d\u00e9fis loin de la maison, de l&rsquo;acquisition de nouvelles comp\u00e9tences, du d\u00e9veloppement de l&rsquo;amiti\u00e9 et du travail d&rsquo;\u00e9quipe, de l&rsquo;assumption de responsabilit\u00e9s et de la construction de la confiance en soi et de l&rsquo;ind\u00e9pendance.<\/p>\n<\/div><\/div>\n<\/div>\n\n\n\n<div class=\"wp-block-column is-layout-flow wp-block-column-is-layout-flow\">\n<div class=\"wp-block-group wp-elements-dc748038cb8c96e6931b527be0a2d98b wp-container-content-e29552f7\"><div class=\"wp-block-group__inner-container is-layout-constrained wp-block-group-is-layout-constrained\">\n<p><img loading=\"lazy\" decoding=\"async\" width=\"40\" height=\"37\" src=\"https:\/\/nominingue.com\/wp-content\/themes\/nominingue\/assets\/svg\/heart.svg\" alt=\"\"><\/p>\n\n\n\n<h3 class=\"wp-block-heading\">Respect<\/h3>\n\n\n\n<p>Cl\u00e9 de la vie en communaut\u00e9 : respect des personnes, de soi-m\u00eame et des autres, de la nature, de la s\u00e9curit\u00e9 et de la durabilit\u00e9.<\/p>\n<\/div><\/div>\n<\/div>\n<\/div>\n\n\n\n<h2 class=\"wp-block-heading\">Notre Histoire<\/h2>\n\n\n\n<p>Fond\u00e9 en 1925 par F.M. Van Wagner, le Camp Nominingue a une longue histoire en tant que l&rsquo;un des meilleurs camps d&rsquo;\u00e9t\u00e9 pour gar\u00e7ons au Canada. Prenant la rel\u00e8ve de son p\u00e8re, Peter Van Wagner a poss\u00e9d\u00e9 et dirig\u00e9 le camp jusqu&rsquo;en 2015, lorsqu&rsquo;il a vendu le camp \u00e0 des anciens \u00e9l\u00e8ves et \u00e0 son actuel propri\u00e9taire Erik Blachford. Actuellement, le camp est codirig\u00e9 par le directeur de camp Matt Cromey et la directrice de l&rsquo;administration Nicole Larin.<\/p>\n\n\n\n<p>Le Camp Nominingue a vu le jour le 4 juillet 1925, avec dix campeurs et cinq membres du personnel. Apr\u00e8s une recherche consid\u00e9rable, le site actuel a \u00e9t\u00e9 choisi en raison de ses nombreuses caract\u00e9ristiques souhaitables, notamment les excellentes possibilit\u00e9s d&rsquo;excursions en canot. Cela s&rsquo;est av\u00e9r\u00e9 encore mieux que pr\u00e9vu.  <\/p>\n\n\n\n<p>Depuis 1925, des dizaines de milliers de campeurs ont \u00e9t\u00e9 int\u00e9gr\u00e9s dans la communaut\u00e9 du Camp Nominingue en faisant la promesse solennelle d\u2019\u00eatre \u201chonn\u00eate, courtois, assidu, attentionn\u00e9, amical et courageux\u201d. Et en tant que Nomininguers, la plupart sont inspir\u00e9s \u00e0 vivre selon le principe directeur du Camp, tir\u00e9 du livre <em>Walden<\/em> de Henry David Thoreau.<\/p>\n\n\n\n<p>Le camp poss\u00e8de un registre de tous les voyages en canot effectu\u00e9s depuis 1928. Au fil des ans, plus de 4 500 excursions ont quitt\u00e9 le camp et sont revenues en toute s\u00e9curit\u00e9. Depuis le d\u00e9but, le camping, le canotage, les techniques de campement et la nature ont \u00e9t\u00e9 les fondations sur lesquelles le Camp Nominingue a \u00e9t\u00e9 construit.  <\/p>\n","protected":false},"excerpt":{"rendered":"<p>Fond\u00e9 sur l&rsquo;id\u00e9e qu&rsquo;une exp\u00e9rience de camp en pleine nature aiderait les gar\u00e7ons \u00e0 d\u00e9velopper la responsabilit\u00e9, la maturit\u00e9 et le leadership, notre programme de camp d&rsquo;\u00e9t\u00e9 a acquis une compr\u00e9hension unique des besoins des gar\u00e7ons. Comme des milliers d&rsquo;anciens campeurs peuvent en t\u00e9moigner, un \u00e9t\u00e9 au Camp Nominingue est une exp\u00e9rience qui vous marquera [&hellip;]<\/p>\n","protected":false},"author":2,"featured_media":0,"parent":0,"menu_order":0,"comment_status":"closed","ping_status":"closed","template":"","meta":{"_acf_changed":false,"footnotes":""},"class_list":["post-57","page","type-page","status-publish","hentry"],"acf":[],"yoast_head":"<!-- This site is optimized with the Yoast SEO plugin v27.3 - https:\/\/yoast.com\/product\/yoast-seo-wordpress\/ -->\n<title>\u00c0 propos de nous - Nominingue Camp<\/title>\n<meta name=\"robots\" content=\"index, follow, max-snippet:-1, max-image-preview:large, max-video-preview:-1\" \/>\n<link rel=\"canonical\" href=\"https:\/\/nominingue.com\/fr\/a-propos\/\" \/>\n<meta property=\"og:locale\" content=\"fr_FR\" \/>\n<meta property=\"og:type\" content=\"article\" \/>\n<meta property=\"og:title\" content=\"\u00c0 propos de nous - Nominingue Camp\" \/>\n<meta property=\"og:description\" content=\"Fond\u00e9 sur l&rsquo;id\u00e9e qu&rsquo;une exp\u00e9rience de camp en pleine nature aiderait les gar\u00e7ons \u00e0 d\u00e9velopper la responsabilit\u00e9, la maturit\u00e9 et le leadership, notre programme de camp d&rsquo;\u00e9t\u00e9 a acquis une compr\u00e9hension unique des besoins des gar\u00e7ons. Comme des milliers d&rsquo;anciens campeurs peuvent en t\u00e9moigner, un \u00e9t\u00e9 au Camp Nominingue est une exp\u00e9rience qui vous marquera [&hellip;]\" \/>\n<meta property=\"og:url\" content=\"https:\/\/nominingue.com\/fr\/a-propos\/\" \/>\n<meta property=\"og:site_name\" content=\"Nominingue Camp\" \/>\n<meta property=\"article:publisher\" content=\"https:\/\/www.facebook.com\/CampNominingue\/\" \/>\n<meta property=\"article:modified_time\" content=\"2026-02-27T16:10:45+00:00\" \/>\n<meta property=\"og:image\" content=\"https:\/\/nominingue.com\/wp-content\/themes\/nominingue\/assets\/svg\/leaf.svg\" \/>\n<meta name=\"twitter:card\" content=\"summary_large_image\" \/>\n<meta name=\"twitter:site\" content=\"@CampNominingue\" \/>\n<meta name=\"twitter:label1\" content=\"Dur\u00e9e de lecture estim\u00e9e\" \/>\n\t<meta name=\"twitter:data1\" content=\"4 minutes\" \/>\n<script type=\"application\/ld+json\" class=\"yoast-schema-graph\">{\"@context\":\"https:\\\/\\\/schema.org\",\"@graph\":[{\"@type\":\"WebPage\",\"@id\":\"https:\\\/\\\/nominingue.com\\\/fr\\\/a-propos\\\/\",\"url\":\"https:\\\/\\\/nominingue.com\\\/fr\\\/a-propos\\\/\",\"name\":\"\u00c0 propos de nous - Nominingue Camp\",\"isPartOf\":{\"@id\":\"https:\\\/\\\/nominingue.com\\\/fr\\\/#website\"},\"primaryImageOfPage\":{\"@id\":\"https:\\\/\\\/nominingue.com\\\/fr\\\/a-propos\\\/#primaryimage\"},\"image\":{\"@id\":\"https:\\\/\\\/nominingue.com\\\/fr\\\/a-propos\\\/#primaryimage\"},\"thumbnailUrl\":\"https:\\\/\\\/nominingue.com\\\/wp-content\\\/themes\\\/nominingue\\\/assets\\\/svg\\\/leaf.svg\",\"datePublished\":\"2024-10-29T01:30:06+00:00\",\"dateModified\":\"2026-02-27T16:10:45+00:00\",\"breadcrumb\":{\"@id\":\"https:\\\/\\\/nominingue.com\\\/fr\\\/a-propos\\\/#breadcrumb\"},\"inLanguage\":\"fr-FR\",\"potentialAction\":[{\"@type\":\"ReadAction\",\"target\":[\"https:\\\/\\\/nominingue.com\\\/fr\\\/a-propos\\\/\"]}]},{\"@type\":\"ImageObject\",\"inLanguage\":\"fr-FR\",\"@id\":\"https:\\\/\\\/nominingue.com\\\/fr\\\/a-propos\\\/#primaryimage\",\"url\":\"https:\\\/\\\/nominingue.com\\\/wp-content\\\/themes\\\/nominingue\\\/assets\\\/svg\\\/leaf.svg\",\"contentUrl\":\"https:\\\/\\\/nominingue.com\\\/wp-content\\\/themes\\\/nominingue\\\/assets\\\/svg\\\/leaf.svg\"},{\"@type\":\"BreadcrumbList\",\"@id\":\"https:\\\/\\\/nominingue.com\\\/fr\\\/a-propos\\\/#breadcrumb\",\"itemListElement\":[{\"@type\":\"ListItem\",\"position\":1,\"name\":\"Home\",\"item\":\"https:\\\/\\\/nominingue.com\\\/fr\\\/\"},{\"@type\":\"ListItem\",\"position\":2,\"name\":\"\u00c0 propos de nous\"}]},{\"@type\":\"WebSite\",\"@id\":\"https:\\\/\\\/nominingue.com\\\/fr\\\/#website\",\"url\":\"https:\\\/\\\/nominingue.com\\\/fr\\\/\",\"name\":\"Nominingue Camp\",\"description\":\"Where your summer adventure begins...\",\"publisher\":{\"@id\":\"https:\\\/\\\/nominingue.com\\\/fr\\\/#organization\"},\"potentialAction\":[{\"@type\":\"SearchAction\",\"target\":{\"@type\":\"EntryPoint\",\"urlTemplate\":\"https:\\\/\\\/nominingue.com\\\/fr\\\/?s={search_term_string}\"},\"query-input\":{\"@type\":\"PropertyValueSpecification\",\"valueRequired\":true,\"valueName\":\"search_term_string\"}}],\"inLanguage\":\"fr-FR\"},{\"@type\":\"Organization\",\"@id\":\"https:\\\/\\\/nominingue.com\\\/fr\\\/#organization\",\"name\":\"Nominingue Camp\",\"url\":\"https:\\\/\\\/nominingue.com\\\/fr\\\/\",\"logo\":{\"@type\":\"ImageObject\",\"inLanguage\":\"fr-FR\",\"@id\":\"https:\\\/\\\/nominingue.com\\\/fr\\\/#\\\/schema\\\/logo\\\/image\\\/\",\"url\":\"https:\\\/\\\/nominingue.com\\\/wp-content\\\/uploads\\\/2025\\\/01\\\/CampNominingueTransparentGrey_Red-e1736697536987.png\",\"contentUrl\":\"https:\\\/\\\/nominingue.com\\\/wp-content\\\/uploads\\\/2025\\\/01\\\/CampNominingueTransparentGrey_Red-e1736697536987.png\",\"width\":2230,\"height\":1290,\"caption\":\"Nominingue Camp\"},\"image\":{\"@id\":\"https:\\\/\\\/nominingue.com\\\/fr\\\/#\\\/schema\\\/logo\\\/image\\\/\"},\"sameAs\":[\"https:\\\/\\\/www.facebook.com\\\/CampNominingue\\\/\",\"https:\\\/\\\/x.com\\\/CampNominingue\",\"https:\\\/\\\/www.youtube.com\\\/user\\\/CampNominingue\",\"https:\\\/\\\/www.instagram.com\\\/CampNominingue\\\/\"]}]}<\/script>\n<!-- \/ Yoast SEO plugin. -->","yoast_head_json":{"title":"\u00c0 propos de nous - Nominingue Camp","robots":{"index":"index","follow":"follow","max-snippet":"max-snippet:-1","max-image-preview":"max-image-preview:large","max-video-preview":"max-video-preview:-1"},"canonical":"https:\/\/nominingue.com\/fr\/a-propos\/","og_locale":"fr_FR","og_type":"article","og_title":"\u00c0 propos de nous - Nominingue Camp","og_description":"Fond\u00e9 sur l&rsquo;id\u00e9e qu&rsquo;une exp\u00e9rience de camp en pleine nature aiderait les gar\u00e7ons \u00e0 d\u00e9velopper la responsabilit\u00e9, la maturit\u00e9 et le leadership, notre programme de camp d&rsquo;\u00e9t\u00e9 a acquis une compr\u00e9hension unique des besoins des gar\u00e7ons. Comme des milliers d&rsquo;anciens campeurs peuvent en t\u00e9moigner, un \u00e9t\u00e9 au Camp Nominingue est une exp\u00e9rience qui vous marquera [&hellip;]","og_url":"https:\/\/nominingue.com\/fr\/a-propos\/","og_site_name":"Nominingue Camp","article_publisher":"https:\/\/www.facebook.com\/CampNominingue\/","article_modified_time":"2026-02-27T16:10:45+00:00","og_image":[{"url":"https:\/\/nominingue.com\/wp-content\/themes\/nominingue\/assets\/svg\/leaf.svg","type":"","width":"","height":""}],"twitter_card":"summary_large_image","twitter_site":"@CampNominingue","twitter_misc":{"Dur\u00e9e de lecture estim\u00e9e":"4 minutes"},"schema":{"@context":"https:\/\/schema.org","@graph":[{"@type":"WebPage","@id":"https:\/\/nominingue.com\/fr\/a-propos\/","url":"https:\/\/nominingue.com\/fr\/a-propos\/","name":"\u00c0 propos de nous - Nominingue Camp","isPartOf":{"@id":"https:\/\/nominingue.com\/fr\/#website"},"primaryImageOfPage":{"@id":"https:\/\/nominingue.com\/fr\/a-propos\/#primaryimage"},"image":{"@id":"https:\/\/nominingue.com\/fr\/a-propos\/#primaryimage"},"thumbnailUrl":"https:\/\/nominingue.com\/wp-content\/themes\/nominingue\/assets\/svg\/leaf.svg","datePublished":"2024-10-29T01:30:06+00:00","dateModified":"2026-02-27T16:10:45+00:00","breadcrumb":{"@id":"https:\/\/nominingue.com\/fr\/a-propos\/#breadcrumb"},"inLanguage":"fr-FR","potentialAction":[{"@type":"ReadAction","target":["https:\/\/nominingue.com\/fr\/a-propos\/"]}]},{"@type":"ImageObject","inLanguage":"fr-FR","@id":"https:\/\/nominingue.com\/fr\/a-propos\/#primaryimage","url":"https:\/\/nominingue.com\/wp-content\/themes\/nominingue\/assets\/svg\/leaf.svg","contentUrl":"https:\/\/nominingue.com\/wp-content\/themes\/nominingue\/assets\/svg\/leaf.svg"},{"@type":"BreadcrumbList","@id":"https:\/\/nominingue.com\/fr\/a-propos\/#breadcrumb","itemListElement":[{"@type":"ListItem","position":1,"name":"Home","item":"https:\/\/nominingue.com\/fr\/"},{"@type":"ListItem","position":2,"name":"\u00c0 propos de nous"}]},{"@type":"WebSite","@id":"https:\/\/nominingue.com\/fr\/#website","url":"https:\/\/nominingue.com\/fr\/","name":"Nominingue Camp","description":"Where your summer adventure begins...","publisher":{"@id":"https:\/\/nominingue.com\/fr\/#organization"},"potentialAction":[{"@type":"SearchAction","target":{"@type":"EntryPoint","urlTemplate":"https:\/\/nominingue.com\/fr\/?s={search_term_string}"},"query-input":{"@type":"PropertyValueSpecification","valueRequired":true,"valueName":"search_term_string"}}],"inLanguage":"fr-FR"},{"@type":"Organization","@id":"https:\/\/nominingue.com\/fr\/#organization","name":"Nominingue Camp","url":"https:\/\/nominingue.com\/fr\/","logo":{"@type":"ImageObject","inLanguage":"fr-FR","@id":"https:\/\/nominingue.com\/fr\/#\/schema\/logo\/image\/","url":"https:\/\/nominingue.com\/wp-content\/uploads\/2025\/01\/CampNominingueTransparentGrey_Red-e1736697536987.png","contentUrl":"https:\/\/nominingue.com\/wp-content\/uploads\/2025\/01\/CampNominingueTransparentGrey_Red-e1736697536987.png","width":2230,"height":1290,"caption":"Nominingue Camp"},"image":{"@id":"https:\/\/nominingue.com\/fr\/#\/schema\/logo\/image\/"},"sameAs":["https:\/\/www.facebook.com\/CampNominingue\/","https:\/\/x.com\/CampNominingue","https:\/\/www.youtube.com\/user\/CampNominingue","https:\/\/www.instagram.com\/CampNominingue\/"]}]}},"_links":{"self":[{"href":"https:\/\/nominingue.com\/fr\/wp-json\/wp\/v2\/pages\/57","targetHints":{"allow":["GET"]}}],"collection":[{"href":"https:\/\/nominingue.com\/fr\/wp-json\/wp\/v2\/pages"}],"about":[{"href":"https:\/\/nominingue.com\/fr\/wp-json\/wp\/v2\/types\/page"}],"author":[{"embeddable":true,"href":"https:\/\/nominingue.com\/fr\/wp-json\/wp\/v2\/users\/2"}],"replies":[{"embeddable":true,"href":"https:\/\/nominingue.com\/fr\/wp-json\/wp\/v2\/comments?post=57"}],"version-history":[{"count":51,"href":"https:\/\/nominingue.com\/fr\/wp-json\/wp\/v2\/pages\/57\/revisions"}],"predecessor-version":[{"id":1812,"href":"https:\/\/nominingue.com\/fr\/wp-json\/wp\/v2\/pages\/57\/revisions\/1812"}],"wp:attachment":[{"href":"https:\/\/nominingue.com\/fr\/wp-json\/wp\/v2\/media?parent=57"}],"curies":[{"name":"wp","href":"https:\/\/api.w.org\/{rel}","templated":true}]}}