{"id":634,"date":"2023-05-25T12:54:49","date_gmt":"2023-05-25T16:54:49","guid":{"rendered":"https:\/\/nominingue.com\/journee-des-visiteurs-2023\/"},"modified":"2025-04-11T15:43:29","modified_gmt":"2025-04-11T19:43:29","slug":"journee-des-visiteurs-2023","status":"publish","type":"page","link":"https:\/\/nominingue.com\/fr\/journee-des-visiteurs-2023\/","title":{"rendered":"Journ\u00e9es de visite"},"content":{"rendered":"\n<p>Nos journ\u00e9es visiteurs ont lieu le <strong>deuxi\u00e8me samedi de juillet<\/strong> et le <strong>deuxi\u00e8me samedi d\u2019ao\u00fbt<\/strong>, de <strong>10h30 \u00e0 15h30.<\/strong><\/p>\n\n\n\n<p>Nous vous demandons de limiter vos visites \u00e0 ces deux jours entre 10h30 et 15h30. Veillez \u00e0 ce que votre fils sache si et quand vous viendrez lui rendre visite. Cela permettra d&rsquo;\u00e9viter toute d\u00e9ception ou surprise d\u00e9stabilisante. Vous pouvez lui \u00e9crire, nous t\u00e9l\u00e9phoner ou nous envoyer un courriel et nous transmettrons le message.<\/p>\n\n\n\n<p>Les parents des campeurs qui effectuent <strong>une session de 8 jours ou de 15 jours<\/strong> sont invit\u00e9s \u00e0 arriver \u00e0 tout moment apr\u00e8s 10h30 pour r\u00e9cup\u00e9rer leur fils et passer la journ\u00e9e au camp.<\/p>\n\n\n\n<p>Les parents des campeurs qui arrivent au camp pour commencer une <strong>session de 12 jours<\/strong> peuvent arriver \u00e0 tout moment entre 10h30 et 15h30. Vous aurez tout le temps de voir le camp en action et d&rsquo;installer votre fils dans sa tente. Ne partez pas avant 15h30 car le conseiller de votre fils sera impliqu\u00e9 dans le programme ailleurs jusqu&rsquo;\u00e0 cette heure.<\/p>\n\n\n\n<p>Les parents des campeurs qui participent \u00e0 des sessions de <strong>19 jours, 26 jours ou plus<\/strong> sont invit\u00e9s \u00e0 se pr\u00e9senter \u00e0 la journ\u00e9e des visiteurs \u00e0 tout moment apr\u00e8s 10h30.<\/p>\n\n\n\n<p>Si votre fils doit participer \u00e0 un voyage de 10 jours en cano\u00eb pendant la journ\u00e9e des visiteurs, nous vous contacterons par e-mail pour vous informer que votre fils ne sera pas au camp ce jour-l\u00e0.<\/p>\n\n\n\n<p>Vous \u00eates invit\u00e9s \u00e0 nous rejoindre dans le r\u00e9fectoire d\u00e8s que le gong retentira \u00e0 12h20. La famille proche d&rsquo;un campeur est gratuite. Vous pouvez choisir d&rsquo;apporter un pique-nique et demander \u00e0 votre fils de vous rejoindre sur la plage de pique-nique o\u00f9 des tables de pique-nique sont \u00e0 votre disposition. L&rsquo;aire de Campcraft, situ\u00e9e \u00e0 proximit\u00e9, est un autre site de pique-nique o\u00f9 l&rsquo;on trouve \u00e9galement un robinet d&rsquo;eau potable. Une autre solution consiste \u00e0 sortir votre fils du camp pour le d\u00e9jeuner. Nous vous demandons d&rsquo;informer le bureau des affaires si vous d\u00e9cidez de retirer votre fils du camp. Veuillez ne pas emmener d&rsquo;autres campeurs que vos fils hors du camp, \u00e0 moins d&rsquo;avoir une autorisation \u00e9crite de leurs parents.<\/p>\n\n\n\n<p>Ce jour-l\u00e0, les campeurs et les parents ont la possibilit\u00e9 de participer au programme, de profiter des installations ou de se d\u00e9tendre. N&rsquo;h\u00e9sitez pas \u00e0 participer au programme de l&rsquo;apr\u00e8s-midi ou \u00e0 vous promener dans le camp.<\/p>\n\n\n\n<h3 class=\"wp-block-heading\">Une journ\u00e9e type pour les visiteurs<\/h3>\n\n\n\n<figure class=\"wp-block-table\"><table><tbody><tr><td><strong>Date<\/strong><\/td><td><strong>Activit\u00e9<\/strong><\/td><\/tr><tr><td>11:00 12:00<\/td><td>Nage libre et navigation de plaisance dans les zones prescrites<\/td><\/tr><tr><td>12:30-13:30<\/td><td>Repas<\/td><\/tr><tr><td>14:00<\/td><td>Course de cano\u00ebs de guerre<\/td><\/tr><tr><td>14:15-15:30<\/td><td>Carnaval, baignade libre, navigation de plaisance &#8211; cano\u00eb, kayak, voile, planche \u00e0 voile<\/td><\/tr><\/tbody><\/table><\/figure>\n\n\n\n<figure class=\"wp-block-image size-large\"><img loading=\"lazy\" decoding=\"async\" width=\"1024\" height=\"617\" src=\"https:\/\/nominingue.com\/wp-content\/uploads\/2023\/06\/activity-canoe-1024x617.webp\" alt=\"\" class=\"wp-image-363\" srcset=\"https:\/\/nominingue.com\/wp-content\/uploads\/2023\/06\/activity-canoe-1024x617.webp 1024w, https:\/\/nominingue.com\/wp-content\/uploads\/2023\/06\/activity-canoe-300x181.webp 300w, https:\/\/nominingue.com\/wp-content\/uploads\/2023\/06\/activity-canoe-768x463.webp 768w, https:\/\/nominingue.com\/wp-content\/uploads\/2023\/06\/activity-canoe-1536x925.webp 1536w, https:\/\/nominingue.com\/wp-content\/uploads\/2023\/06\/activity-canoe.webp 1599w\" sizes=\"auto, (max-width: 1024px) 100vw, 1024px\" \/><\/figure>\n\n\n\n<p>Des bus arriveront avec de nouveaux campeurs et un programme sp\u00e9cial pour les campeurs est pr\u00e9vu \u00e0 16h00, les parents sont donc pri\u00e9s de planifier leur d\u00e9part avant cette heure.<\/p>\n\n\n\n<p>Vous pouvez choisir d&rsquo;apporter de la nourriture suppl\u00e9mentaire ce jour-l\u00e0 pour votre fils, mais nous vous demandons de limiter la nourriture que vous apportez \u00e0 ce qui peut \u00eatre consomm\u00e9 pendant votre visite. Vous pouvez \u00e9galement envisager une r\u00e9compense non comestible, comme un gant de baseball, un nouveau leurre de p\u00eache ou votre magazine pr\u00e9f\u00e9r\u00e9.<\/p>\n\n\n\n<p>Nous avons constat\u00e9 par le pass\u00e9 que les grandes quantit\u00e9s de nourriture peuvent entra\u00eener une perte d&rsquo;app\u00e9tit au moment des repas, des probl\u00e8mes avec les \u00e9cureuils, les tamias et les ratons laveurs, ainsi qu&rsquo;une augmentation de la liti\u00e8re. N&rsquo;oubliez pas que nous interdisons tout snack et toute boisson dans la zone des tentes du camp.<\/p>\n\n\n\n<p>Le chien de la famille n&rsquo;est pas admis au camp. Nous aimons les chiens, mais, malheureusement, lorsqu&rsquo;ils sont nombreux les jours de visite, ils constituent une nuisance, m\u00eame s&rsquo;ils sont bien dress\u00e9s. Le ou les deux chiens appartenant au personnel sont toujours attach\u00e9s \u00e0 l&rsquo;abri des regards ces jours-l\u00e0.<\/p>\n\n\n\n<p>Nous nous r\u00e9jouissons de vous voir au camp cet \u00e9t\u00e9 !<\/p>\n","protected":false},"excerpt":{"rendered":"<p>Nos journ\u00e9es visiteurs ont lieu le deuxi\u00e8me samedi de juillet et le deuxi\u00e8me samedi d\u2019ao\u00fbt, de 10h30 \u00e0 15h30. Nous vous demandons de limiter vos visites \u00e0 ces deux jours entre 10h30 et 15h30. Veillez \u00e0 ce que votre fils sache si et quand vous viendrez lui rendre visite. Cela permettra d&rsquo;\u00e9viter toute d\u00e9ception ou [&hellip;]<\/p>\n","protected":false},"author":2,"featured_media":0,"parent":0,"menu_order":0,"comment_status":"closed","ping_status":"closed","template":"","meta":{"_acf_changed":false,"footnotes":""},"class_list":["post-634","page","type-page","status-publish","hentry"],"acf":[],"yoast_head":"<!-- This site is optimized with the Yoast SEO plugin v27.4 - https:\/\/yoast.com\/product\/yoast-seo-wordpress\/ -->\n<title>Journ\u00e9es de visite - Nominingue Camp<\/title>\n<meta name=\"robots\" content=\"index, follow, max-snippet:-1, max-image-preview:large, max-video-preview:-1\" \/>\n<link rel=\"canonical\" href=\"https:\/\/nominingue.com\/fr\/journee-des-visiteurs-2023\/\" \/>\n<meta property=\"og:locale\" content=\"fr_FR\" \/>\n<meta property=\"og:type\" content=\"article\" \/>\n<meta property=\"og:title\" content=\"Journ\u00e9es de visite - Nominingue Camp\" \/>\n<meta property=\"og:description\" content=\"Nos journ\u00e9es visiteurs ont lieu le deuxi\u00e8me samedi de juillet et le deuxi\u00e8me samedi d\u2019ao\u00fbt, de 10h30 \u00e0 15h30. Nous vous demandons de limiter vos visites \u00e0 ces deux jours entre 10h30 et 15h30. Veillez \u00e0 ce que votre fils sache si et quand vous viendrez lui rendre visite. Cela permettra d&rsquo;\u00e9viter toute d\u00e9ception ou [&hellip;]\" \/>\n<meta property=\"og:url\" content=\"https:\/\/nominingue.com\/fr\/journee-des-visiteurs-2023\/\" \/>\n<meta property=\"og:site_name\" content=\"Nominingue Camp\" \/>\n<meta property=\"article:publisher\" content=\"https:\/\/www.facebook.com\/CampNominingue\/\" \/>\n<meta property=\"article:modified_time\" content=\"2025-04-11T19:43:29+00:00\" \/>\n<meta property=\"og:image\" content=\"https:\/\/nominingue.com\/wp-content\/uploads\/2023\/06\/activity-canoe-1024x617.webp\" \/>\n<meta name=\"twitter:card\" content=\"summary_large_image\" \/>\n<meta name=\"twitter:site\" content=\"@CampNominingue\" \/>\n<meta name=\"twitter:label1\" content=\"Dur\u00e9e de lecture estim\u00e9e\" \/>\n\t<meta name=\"twitter:data1\" content=\"3 minutes\" \/>\n<script type=\"application\/ld+json\" class=\"yoast-schema-graph\">{\"@context\":\"https:\\\/\\\/schema.org\",\"@graph\":[{\"@type\":\"WebPage\",\"@id\":\"https:\\\/\\\/nominingue.com\\\/fr\\\/journee-des-visiteurs-2023\\\/\",\"url\":\"https:\\\/\\\/nominingue.com\\\/fr\\\/journee-des-visiteurs-2023\\\/\",\"name\":\"Journ\u00e9es de visite - Nominingue Camp\",\"isPartOf\":{\"@id\":\"https:\\\/\\\/nominingue.com\\\/fr\\\/#website\"},\"primaryImageOfPage\":{\"@id\":\"https:\\\/\\\/nominingue.com\\\/fr\\\/journee-des-visiteurs-2023\\\/#primaryimage\"},\"image\":{\"@id\":\"https:\\\/\\\/nominingue.com\\\/fr\\\/journee-des-visiteurs-2023\\\/#primaryimage\"},\"thumbnailUrl\":\"https:\\\/\\\/nominingue.com\\\/wp-content\\\/uploads\\\/2023\\\/06\\\/activity-canoe-1024x617.webp\",\"datePublished\":\"2023-05-25T16:54:49+00:00\",\"dateModified\":\"2025-04-11T19:43:29+00:00\",\"breadcrumb\":{\"@id\":\"https:\\\/\\\/nominingue.com\\\/fr\\\/journee-des-visiteurs-2023\\\/#breadcrumb\"},\"inLanguage\":\"fr-FR\",\"potentialAction\":[{\"@type\":\"ReadAction\",\"target\":[\"https:\\\/\\\/nominingue.com\\\/fr\\\/journee-des-visiteurs-2023\\\/\"]}]},{\"@type\":\"ImageObject\",\"inLanguage\":\"fr-FR\",\"@id\":\"https:\\\/\\\/nominingue.com\\\/fr\\\/journee-des-visiteurs-2023\\\/#primaryimage\",\"url\":\"https:\\\/\\\/nominingue.com\\\/wp-content\\\/uploads\\\/2023\\\/06\\\/activity-canoe-1024x617.webp\",\"contentUrl\":\"https:\\\/\\\/nominingue.com\\\/wp-content\\\/uploads\\\/2023\\\/06\\\/activity-canoe-1024x617.webp\"},{\"@type\":\"BreadcrumbList\",\"@id\":\"https:\\\/\\\/nominingue.com\\\/fr\\\/journee-des-visiteurs-2023\\\/#breadcrumb\",\"itemListElement\":[{\"@type\":\"ListItem\",\"position\":1,\"name\":\"Home\",\"item\":\"https:\\\/\\\/nominingue.com\\\/fr\\\/\"},{\"@type\":\"ListItem\",\"position\":2,\"name\":\"Journ\u00e9es de visite\"}]},{\"@type\":\"WebSite\",\"@id\":\"https:\\\/\\\/nominingue.com\\\/fr\\\/#website\",\"url\":\"https:\\\/\\\/nominingue.com\\\/fr\\\/\",\"name\":\"Nominingue Camp\",\"description\":\"Where your summer adventure begins...\",\"publisher\":{\"@id\":\"https:\\\/\\\/nominingue.com\\\/fr\\\/#organization\"},\"potentialAction\":[{\"@type\":\"SearchAction\",\"target\":{\"@type\":\"EntryPoint\",\"urlTemplate\":\"https:\\\/\\\/nominingue.com\\\/fr\\\/?s={search_term_string}\"},\"query-input\":{\"@type\":\"PropertyValueSpecification\",\"valueRequired\":true,\"valueName\":\"search_term_string\"}}],\"inLanguage\":\"fr-FR\"},{\"@type\":\"Organization\",\"@id\":\"https:\\\/\\\/nominingue.com\\\/fr\\\/#organization\",\"name\":\"Nominingue Camp\",\"url\":\"https:\\\/\\\/nominingue.com\\\/fr\\\/\",\"logo\":{\"@type\":\"ImageObject\",\"inLanguage\":\"fr-FR\",\"@id\":\"https:\\\/\\\/nominingue.com\\\/fr\\\/#\\\/schema\\\/logo\\\/image\\\/\",\"url\":\"https:\\\/\\\/nominingue.com\\\/wp-content\\\/uploads\\\/2025\\\/01\\\/CampNominingueTransparentGrey_Red-e1736697536987.png\",\"contentUrl\":\"https:\\\/\\\/nominingue.com\\\/wp-content\\\/uploads\\\/2025\\\/01\\\/CampNominingueTransparentGrey_Red-e1736697536987.png\",\"width\":2230,\"height\":1290,\"caption\":\"Nominingue Camp\"},\"image\":{\"@id\":\"https:\\\/\\\/nominingue.com\\\/fr\\\/#\\\/schema\\\/logo\\\/image\\\/\"},\"sameAs\":[\"https:\\\/\\\/www.facebook.com\\\/CampNominingue\\\/\",\"https:\\\/\\\/x.com\\\/CampNominingue\",\"https:\\\/\\\/www.youtube.com\\\/user\\\/CampNominingue\",\"https:\\\/\\\/www.instagram.com\\\/CampNominingue\\\/\"]}]}<\/script>\n<!-- \/ Yoast SEO plugin. -->","yoast_head_json":{"title":"Journ\u00e9es de visite - Nominingue Camp","robots":{"index":"index","follow":"follow","max-snippet":"max-snippet:-1","max-image-preview":"max-image-preview:large","max-video-preview":"max-video-preview:-1"},"canonical":"https:\/\/nominingue.com\/fr\/journee-des-visiteurs-2023\/","og_locale":"fr_FR","og_type":"article","og_title":"Journ\u00e9es de visite - Nominingue Camp","og_description":"Nos journ\u00e9es visiteurs ont lieu le deuxi\u00e8me samedi de juillet et le deuxi\u00e8me samedi d\u2019ao\u00fbt, de 10h30 \u00e0 15h30. Nous vous demandons de limiter vos visites \u00e0 ces deux jours entre 10h30 et 15h30. Veillez \u00e0 ce que votre fils sache si et quand vous viendrez lui rendre visite. Cela permettra d&rsquo;\u00e9viter toute d\u00e9ception ou [&hellip;]","og_url":"https:\/\/nominingue.com\/fr\/journee-des-visiteurs-2023\/","og_site_name":"Nominingue Camp","article_publisher":"https:\/\/www.facebook.com\/CampNominingue\/","article_modified_time":"2025-04-11T19:43:29+00:00","og_image":[{"url":"https:\/\/nominingue.com\/wp-content\/uploads\/2023\/06\/activity-canoe-1024x617.webp","type":"","width":"","height":""}],"twitter_card":"summary_large_image","twitter_site":"@CampNominingue","twitter_misc":{"Dur\u00e9e de lecture estim\u00e9e":"3 minutes"},"schema":{"@context":"https:\/\/schema.org","@graph":[{"@type":"WebPage","@id":"https:\/\/nominingue.com\/fr\/journee-des-visiteurs-2023\/","url":"https:\/\/nominingue.com\/fr\/journee-des-visiteurs-2023\/","name":"Journ\u00e9es de visite - Nominingue Camp","isPartOf":{"@id":"https:\/\/nominingue.com\/fr\/#website"},"primaryImageOfPage":{"@id":"https:\/\/nominingue.com\/fr\/journee-des-visiteurs-2023\/#primaryimage"},"image":{"@id":"https:\/\/nominingue.com\/fr\/journee-des-visiteurs-2023\/#primaryimage"},"thumbnailUrl":"https:\/\/nominingue.com\/wp-content\/uploads\/2023\/06\/activity-canoe-1024x617.webp","datePublished":"2023-05-25T16:54:49+00:00","dateModified":"2025-04-11T19:43:29+00:00","breadcrumb":{"@id":"https:\/\/nominingue.com\/fr\/journee-des-visiteurs-2023\/#breadcrumb"},"inLanguage":"fr-FR","potentialAction":[{"@type":"ReadAction","target":["https:\/\/nominingue.com\/fr\/journee-des-visiteurs-2023\/"]}]},{"@type":"ImageObject","inLanguage":"fr-FR","@id":"https:\/\/nominingue.com\/fr\/journee-des-visiteurs-2023\/#primaryimage","url":"https:\/\/nominingue.com\/wp-content\/uploads\/2023\/06\/activity-canoe-1024x617.webp","contentUrl":"https:\/\/nominingue.com\/wp-content\/uploads\/2023\/06\/activity-canoe-1024x617.webp"},{"@type":"BreadcrumbList","@id":"https:\/\/nominingue.com\/fr\/journee-des-visiteurs-2023\/#breadcrumb","itemListElement":[{"@type":"ListItem","position":1,"name":"Home","item":"https:\/\/nominingue.com\/fr\/"},{"@type":"ListItem","position":2,"name":"Journ\u00e9es de visite"}]},{"@type":"WebSite","@id":"https:\/\/nominingue.com\/fr\/#website","url":"https:\/\/nominingue.com\/fr\/","name":"Nominingue Camp","description":"Where your summer adventure begins...","publisher":{"@id":"https:\/\/nominingue.com\/fr\/#organization"},"potentialAction":[{"@type":"SearchAction","target":{"@type":"EntryPoint","urlTemplate":"https:\/\/nominingue.com\/fr\/?s={search_term_string}"},"query-input":{"@type":"PropertyValueSpecification","valueRequired":true,"valueName":"search_term_string"}}],"inLanguage":"fr-FR"},{"@type":"Organization","@id":"https:\/\/nominingue.com\/fr\/#organization","name":"Nominingue Camp","url":"https:\/\/nominingue.com\/fr\/","logo":{"@type":"ImageObject","inLanguage":"fr-FR","@id":"https:\/\/nominingue.com\/fr\/#\/schema\/logo\/image\/","url":"https:\/\/nominingue.com\/wp-content\/uploads\/2025\/01\/CampNominingueTransparentGrey_Red-e1736697536987.png","contentUrl":"https:\/\/nominingue.com\/wp-content\/uploads\/2025\/01\/CampNominingueTransparentGrey_Red-e1736697536987.png","width":2230,"height":1290,"caption":"Nominingue Camp"},"image":{"@id":"https:\/\/nominingue.com\/fr\/#\/schema\/logo\/image\/"},"sameAs":["https:\/\/www.facebook.com\/CampNominingue\/","https:\/\/x.com\/CampNominingue","https:\/\/www.youtube.com\/user\/CampNominingue","https:\/\/www.instagram.com\/CampNominingue\/"]}]}},"_links":{"self":[{"href":"https:\/\/nominingue.com\/fr\/wp-json\/wp\/v2\/pages\/634","targetHints":{"allow":["GET"]}}],"collection":[{"href":"https:\/\/nominingue.com\/fr\/wp-json\/wp\/v2\/pages"}],"about":[{"href":"https:\/\/nominingue.com\/fr\/wp-json\/wp\/v2\/types\/page"}],"author":[{"embeddable":true,"href":"https:\/\/nominingue.com\/fr\/wp-json\/wp\/v2\/users\/2"}],"replies":[{"embeddable":true,"href":"https:\/\/nominingue.com\/fr\/wp-json\/wp\/v2\/comments?post=634"}],"version-history":[{"count":8,"href":"https:\/\/nominingue.com\/fr\/wp-json\/wp\/v2\/pages\/634\/revisions"}],"predecessor-version":[{"id":1563,"href":"https:\/\/nominingue.com\/fr\/wp-json\/wp\/v2\/pages\/634\/revisions\/1563"}],"wp:attachment":[{"href":"https:\/\/nominingue.com\/fr\/wp-json\/wp\/v2\/media?parent=634"}],"curies":[{"name":"wp","href":"https:\/\/api.w.org\/{rel}","templated":true}]}}