{"id":636,"date":"2023-05-25T12:57:13","date_gmt":"2023-05-25T16:57:13","guid":{"rendered":"https:\/\/nominingue.com\/camp-store-truck-shop\/"},"modified":"2024-09-28T15:05:40","modified_gmt":"2024-09-28T19:05:40","slug":"magasin-du-camp-tuck-shop","status":"publish","type":"page","link":"https:\/\/nominingue.com\/fr\/magasin-du-camp-tuck-shop\/","title":{"rendered":"Magasin \u2013 Tuck Shop"},"content":{"rendered":"\n<p>Dans le cadre de la proc\u00e9dure d&rsquo;inscription, tous les parents versent une caution de 75 dollars pour tout achat que leur fils pourrait faire au magasin pendant son s\u00e9jour au camp. Le solde de la caution est rembours\u00e9 \u00e0 la fin du s\u00e9jour de votre fils. La plupart des campeurs ne d\u00e9pensent pas la majeure partie de cette caution.<\/p>\n\n<p>Le magasin du Camp Nominingue est ouvert environ deux fois par semaine, surtout avant le d\u00e9part des excursions en cano\u00eb. L&rsquo;objectif principal de la boutique est de permettre aux campeurs d&rsquo;acheter des articles de premi\u00e8re n\u00e9cessit\u00e9 qu&rsquo;ils pourraient avoir oubli\u00e9s ou perdus, par exemple :<\/p>\n\n<ul class=\"wp-block-list\">\n<li>Brosse \u00e0 dents<\/li>\n\n\n\n<li>Dentifrice<\/li>\n\n\n\n<li>Shampooing<\/li>\n\n\n\n<li>Savon<\/li>\n\n\n\n<li>Cr\u00e8me solaire<\/li>\n<\/ul>\n\n<p>Le magasin stocke \u00e9galement certains articles essentiels que les campeurs doivent apporter lors d&rsquo;une excursion en cano\u00eb, tels que<\/p>\n\n<ul class=\"wp-block-list\">\n<li>Chapeau<\/li>\n\n\n\n<li>Bouteille d&rsquo;eau<\/li>\n<\/ul>\n\n<p>Pour \u00e9viter ces achats, veillez \u00e0 envoyer un chapeau et une bouteille d&rsquo;eau au camp avec votre fils.<\/p>\n\n<p>Autres articles transport\u00e9s par le tuck :<\/p>\n\n<ul class=\"wp-block-list\">\n<li>Couteau de poche pour la sculpture (Swiss Army \u00ab\u00a0Pocket pal\u00a0\u00bb)<\/li>\n\n\n\n<li>Tuque<\/li>\n\n\n\n<li>Tampon<\/li>\n\n\n\n<li>et plus&#8230;<\/li>\n<\/ul>\n\n<p>Tous les trois jours, votre fils pourra choisir une barre de chocolat, qui sera d\u00e9bit\u00e9e de son compte.<\/p>\n\n<p>Nous disposons \u00e9galement d&rsquo;une boutique en ligne o\u00f9 vous pouvez acheter des articles de marque. Notre magasin sera bient\u00f4t de nouveau en ligne !<\/p>\n","protected":false},"excerpt":{"rendered":"<p>Dans le cadre de la proc\u00e9dure d&rsquo;inscription, tous les parents versent une caution de 75 dollars pour tout achat que leur fils pourrait faire au magasin pendant son s\u00e9jour au camp. Le solde de la caution est rembours\u00e9 \u00e0 la fin du s\u00e9jour de votre fils. La plupart des campeurs ne d\u00e9pensent pas la majeure [&hellip;]<\/p>\n","protected":false},"author":2,"featured_media":0,"parent":0,"menu_order":0,"comment_status":"closed","ping_status":"closed","template":"","meta":{"_acf_changed":false,"footnotes":""},"class_list":["post-636","page","type-page","status-publish","hentry"],"acf":[],"yoast_head":"<!-- This site is optimized with the Yoast SEO plugin v27.5 - https:\/\/yoast.com\/product\/yoast-seo-wordpress\/ -->\n<title>Magasin \u2013 Tuck Shop - Nominingue Camp<\/title>\n<meta name=\"robots\" content=\"index, follow, max-snippet:-1, max-image-preview:large, max-video-preview:-1\" \/>\n<link rel=\"canonical\" href=\"https:\/\/nominingue.com\/fr\/magasin-du-camp-tuck-shop\/\" \/>\n<meta property=\"og:locale\" content=\"fr_FR\" \/>\n<meta property=\"og:type\" content=\"article\" \/>\n<meta property=\"og:title\" content=\"Magasin \u2013 Tuck Shop - Nominingue Camp\" \/>\n<meta property=\"og:description\" content=\"Dans le cadre de la proc\u00e9dure d&rsquo;inscription, tous les parents versent une caution de 75 dollars pour tout achat que leur fils pourrait faire au magasin pendant son s\u00e9jour au camp. Le solde de la caution est rembours\u00e9 \u00e0 la fin du s\u00e9jour de votre fils. La plupart des campeurs ne d\u00e9pensent pas la majeure [&hellip;]\" \/>\n<meta property=\"og:url\" content=\"https:\/\/nominingue.com\/fr\/magasin-du-camp-tuck-shop\/\" \/>\n<meta property=\"og:site_name\" content=\"Nominingue Camp\" \/>\n<meta property=\"article:publisher\" content=\"https:\/\/www.facebook.com\/CampNominingue\/\" \/>\n<meta property=\"article:modified_time\" content=\"2024-09-28T19:05:40+00:00\" \/>\n<meta property=\"og:image\" content=\"https:\/\/nominingue.com\/wp-content\/uploads\/2025\/01\/CampNominingueTransparentGrey_Red-e1736697536987.png\" \/>\n\t<meta property=\"og:image:width\" content=\"2230\" \/>\n\t<meta property=\"og:image:height\" content=\"1290\" \/>\n\t<meta property=\"og:image:type\" content=\"image\/png\" \/>\n<meta name=\"twitter:card\" content=\"summary_large_image\" \/>\n<meta name=\"twitter:site\" content=\"@CampNominingue\" \/>\n<meta name=\"twitter:label1\" content=\"Dur\u00e9e de lecture estim\u00e9e\" \/>\n\t<meta name=\"twitter:data1\" content=\"1 minute\" \/>\n<script type=\"application\/ld+json\" class=\"yoast-schema-graph\">{\"@context\":\"https:\\\/\\\/schema.org\",\"@graph\":[{\"@type\":\"WebPage\",\"@id\":\"https:\\\/\\\/nominingue.com\\\/fr\\\/magasin-du-camp-tuck-shop\\\/\",\"url\":\"https:\\\/\\\/nominingue.com\\\/fr\\\/magasin-du-camp-tuck-shop\\\/\",\"name\":\"Magasin \u2013 Tuck Shop - Nominingue Camp\",\"isPartOf\":{\"@id\":\"https:\\\/\\\/nominingue.com\\\/fr\\\/#website\"},\"datePublished\":\"2023-05-25T16:57:13+00:00\",\"dateModified\":\"2024-09-28T19:05:40+00:00\",\"breadcrumb\":{\"@id\":\"https:\\\/\\\/nominingue.com\\\/fr\\\/magasin-du-camp-tuck-shop\\\/#breadcrumb\"},\"inLanguage\":\"fr-FR\",\"potentialAction\":[{\"@type\":\"ReadAction\",\"target\":[\"https:\\\/\\\/nominingue.com\\\/fr\\\/magasin-du-camp-tuck-shop\\\/\"]}]},{\"@type\":\"BreadcrumbList\",\"@id\":\"https:\\\/\\\/nominingue.com\\\/fr\\\/magasin-du-camp-tuck-shop\\\/#breadcrumb\",\"itemListElement\":[{\"@type\":\"ListItem\",\"position\":1,\"name\":\"Home\",\"item\":\"https:\\\/\\\/nominingue.com\\\/fr\\\/\"},{\"@type\":\"ListItem\",\"position\":2,\"name\":\"Magasin \u2013 Tuck Shop\"}]},{\"@type\":\"WebSite\",\"@id\":\"https:\\\/\\\/nominingue.com\\\/fr\\\/#website\",\"url\":\"https:\\\/\\\/nominingue.com\\\/fr\\\/\",\"name\":\"Nominingue Camp\",\"description\":\"Where your summer adventure begins...\",\"publisher\":{\"@id\":\"https:\\\/\\\/nominingue.com\\\/fr\\\/#organization\"},\"potentialAction\":[{\"@type\":\"SearchAction\",\"target\":{\"@type\":\"EntryPoint\",\"urlTemplate\":\"https:\\\/\\\/nominingue.com\\\/fr\\\/?s={search_term_string}\"},\"query-input\":{\"@type\":\"PropertyValueSpecification\",\"valueRequired\":true,\"valueName\":\"search_term_string\"}}],\"inLanguage\":\"fr-FR\"},{\"@type\":\"Organization\",\"@id\":\"https:\\\/\\\/nominingue.com\\\/fr\\\/#organization\",\"name\":\"Nominingue Camp\",\"url\":\"https:\\\/\\\/nominingue.com\\\/fr\\\/\",\"logo\":{\"@type\":\"ImageObject\",\"inLanguage\":\"fr-FR\",\"@id\":\"https:\\\/\\\/nominingue.com\\\/fr\\\/#\\\/schema\\\/logo\\\/image\\\/\",\"url\":\"https:\\\/\\\/nominingue.com\\\/wp-content\\\/uploads\\\/2025\\\/01\\\/CampNominingueTransparentGrey_Red-e1736697536987.png\",\"contentUrl\":\"https:\\\/\\\/nominingue.com\\\/wp-content\\\/uploads\\\/2025\\\/01\\\/CampNominingueTransparentGrey_Red-e1736697536987.png\",\"width\":2230,\"height\":1290,\"caption\":\"Nominingue Camp\"},\"image\":{\"@id\":\"https:\\\/\\\/nominingue.com\\\/fr\\\/#\\\/schema\\\/logo\\\/image\\\/\"},\"sameAs\":[\"https:\\\/\\\/www.facebook.com\\\/CampNominingue\\\/\",\"https:\\\/\\\/x.com\\\/CampNominingue\",\"https:\\\/\\\/www.youtube.com\\\/user\\\/CampNominingue\",\"https:\\\/\\\/www.instagram.com\\\/CampNominingue\\\/\"]}]}<\/script>\n<!-- \/ Yoast SEO plugin. -->","yoast_head_json":{"title":"Magasin \u2013 Tuck Shop - Nominingue Camp","robots":{"index":"index","follow":"follow","max-snippet":"max-snippet:-1","max-image-preview":"max-image-preview:large","max-video-preview":"max-video-preview:-1"},"canonical":"https:\/\/nominingue.com\/fr\/magasin-du-camp-tuck-shop\/","og_locale":"fr_FR","og_type":"article","og_title":"Magasin \u2013 Tuck Shop - Nominingue Camp","og_description":"Dans le cadre de la proc\u00e9dure d&rsquo;inscription, tous les parents versent une caution de 75 dollars pour tout achat que leur fils pourrait faire au magasin pendant son s\u00e9jour au camp. Le solde de la caution est rembours\u00e9 \u00e0 la fin du s\u00e9jour de votre fils. La plupart des campeurs ne d\u00e9pensent pas la majeure [&hellip;]","og_url":"https:\/\/nominingue.com\/fr\/magasin-du-camp-tuck-shop\/","og_site_name":"Nominingue Camp","article_publisher":"https:\/\/www.facebook.com\/CampNominingue\/","article_modified_time":"2024-09-28T19:05:40+00:00","og_image":[{"width":2230,"height":1290,"url":"https:\/\/nominingue.com\/wp-content\/uploads\/2025\/01\/CampNominingueTransparentGrey_Red-e1736697536987.png","type":"image\/png"}],"twitter_card":"summary_large_image","twitter_site":"@CampNominingue","twitter_misc":{"Dur\u00e9e de lecture estim\u00e9e":"1 minute"},"schema":{"@context":"https:\/\/schema.org","@graph":[{"@type":"WebPage","@id":"https:\/\/nominingue.com\/fr\/magasin-du-camp-tuck-shop\/","url":"https:\/\/nominingue.com\/fr\/magasin-du-camp-tuck-shop\/","name":"Magasin \u2013 Tuck Shop - Nominingue Camp","isPartOf":{"@id":"https:\/\/nominingue.com\/fr\/#website"},"datePublished":"2023-05-25T16:57:13+00:00","dateModified":"2024-09-28T19:05:40+00:00","breadcrumb":{"@id":"https:\/\/nominingue.com\/fr\/magasin-du-camp-tuck-shop\/#breadcrumb"},"inLanguage":"fr-FR","potentialAction":[{"@type":"ReadAction","target":["https:\/\/nominingue.com\/fr\/magasin-du-camp-tuck-shop\/"]}]},{"@type":"BreadcrumbList","@id":"https:\/\/nominingue.com\/fr\/magasin-du-camp-tuck-shop\/#breadcrumb","itemListElement":[{"@type":"ListItem","position":1,"name":"Home","item":"https:\/\/nominingue.com\/fr\/"},{"@type":"ListItem","position":2,"name":"Magasin \u2013 Tuck Shop"}]},{"@type":"WebSite","@id":"https:\/\/nominingue.com\/fr\/#website","url":"https:\/\/nominingue.com\/fr\/","name":"Nominingue Camp","description":"Where your summer adventure begins...","publisher":{"@id":"https:\/\/nominingue.com\/fr\/#organization"},"potentialAction":[{"@type":"SearchAction","target":{"@type":"EntryPoint","urlTemplate":"https:\/\/nominingue.com\/fr\/?s={search_term_string}"},"query-input":{"@type":"PropertyValueSpecification","valueRequired":true,"valueName":"search_term_string"}}],"inLanguage":"fr-FR"},{"@type":"Organization","@id":"https:\/\/nominingue.com\/fr\/#organization","name":"Nominingue Camp","url":"https:\/\/nominingue.com\/fr\/","logo":{"@type":"ImageObject","inLanguage":"fr-FR","@id":"https:\/\/nominingue.com\/fr\/#\/schema\/logo\/image\/","url":"https:\/\/nominingue.com\/wp-content\/uploads\/2025\/01\/CampNominingueTransparentGrey_Red-e1736697536987.png","contentUrl":"https:\/\/nominingue.com\/wp-content\/uploads\/2025\/01\/CampNominingueTransparentGrey_Red-e1736697536987.png","width":2230,"height":1290,"caption":"Nominingue Camp"},"image":{"@id":"https:\/\/nominingue.com\/fr\/#\/schema\/logo\/image\/"},"sameAs":["https:\/\/www.facebook.com\/CampNominingue\/","https:\/\/x.com\/CampNominingue","https:\/\/www.youtube.com\/user\/CampNominingue","https:\/\/www.instagram.com\/CampNominingue\/"]}]}},"_links":{"self":[{"href":"https:\/\/nominingue.com\/fr\/wp-json\/wp\/v2\/pages\/636","targetHints":{"allow":["GET"]}}],"collection":[{"href":"https:\/\/nominingue.com\/fr\/wp-json\/wp\/v2\/pages"}],"about":[{"href":"https:\/\/nominingue.com\/fr\/wp-json\/wp\/v2\/types\/page"}],"author":[{"embeddable":true,"href":"https:\/\/nominingue.com\/fr\/wp-json\/wp\/v2\/users\/2"}],"replies":[{"embeddable":true,"href":"https:\/\/nominingue.com\/fr\/wp-json\/wp\/v2\/comments?post=636"}],"version-history":[{"count":4,"href":"https:\/\/nominingue.com\/fr\/wp-json\/wp\/v2\/pages\/636\/revisions"}],"predecessor-version":[{"id":977,"href":"https:\/\/nominingue.com\/fr\/wp-json\/wp\/v2\/pages\/636\/revisions\/977"}],"wp:attachment":[{"href":"https:\/\/nominingue.com\/fr\/wp-json\/wp\/v2\/media?parent=636"}],"curies":[{"name":"wp","href":"https:\/\/api.w.org\/{rel}","templated":true}]}}