{"id":638,"date":"2023-05-25T13:06:36","date_gmt":"2023-05-25T17:06:36","guid":{"rendered":"https:\/\/nominingue.com\/programme-de-formation-des-animateurs\/"},"modified":"2025-01-27T09:59:38","modified_gmt":"2025-01-27T14:59:38","slug":"programme-de-formation-des-animateurs","status":"publish","type":"page","link":"https:\/\/nominingue.com\/fr\/programme-de-formation-des-animateurs\/","title":{"rendered":"Programme de formation des animateurs"},"content":{"rendered":"\n<p>La premi\u00e8re \u00e9tape du programme de formation du personnel du Camp Nominingue, notre programme \u00ab\u00a0Leaders-in-Training\u00a0\u00bb, offre aux jeunes hommes la possibilit\u00e9 d&rsquo;acqu\u00e9rir les comp\u00e9tences essentielles pour devenir un leader. Plus qu&rsquo;un simple programme de formation du personnel, notre programme Leader-in-Training pr\u00e9pare les gar\u00e7ons de 16 ans \u00e0 devenir des leaders dans n&rsquo;importe quel domaine et leur donne des comp\u00e9tences de leadership tangibles qu&rsquo;ils peuvent appliquer \u00e0 tous les aspects de leur vie. En plus des sessions de comp\u00e9tences en leadership, des cours de certification et d&rsquo;un stage avec des campeurs plus jeunes, les gar\u00e7ons participent \u00e9galement \u00e0 une longue excursion en cano\u00eb et \u00e0 une exp\u00e9rience en solitaire.<\/p>\n\n\n\n<p>Le programme Leaders-in-Training comprend :<\/p>\n\n\n\n<ul class=\"wp-block-list\">\n<li>Premiers secours en milieu naturel<\/li>\n\n\n\n<li>M\u00e9daille de bronze ou Croix de bronze<\/li>\n\n\n\n<li>Cours de cano\u00eb ORCKA<\/li>\n\n\n\n<li>Voyage en cano\u00eb de 8 jours<\/li>\n\n\n\n<li>Exp\u00e9rience en solo<\/li>\n\n\n\n<li>Comp\u00e9tences en mati\u00e8re de constitution d&rsquo;\u00e9quipe<\/li>\n\n\n\n<li>Gestion des risques<\/li>\n\n\n\n<li>D\u00e9veloppement des comp\u00e9tences en mati\u00e8re de leadership<\/li>\n\n\n\n<li>R\u00e9solution des conflits<\/li>\n<\/ul>\n\n\n\n<figure class=\"wp-block-image size-large\"><img loading=\"lazy\" decoding=\"async\" width=\"1024\" height=\"600\" src=\"https:\/\/nominingue.com\/wp-content\/uploads\/2023\/06\/racing-1024x600.webp\" alt=\"\" class=\"wp-image-495\" srcset=\"https:\/\/nominingue.com\/wp-content\/uploads\/2023\/06\/racing-1024x600.webp 1024w, https:\/\/nominingue.com\/wp-content\/uploads\/2023\/06\/racing-300x176.webp 300w, https:\/\/nominingue.com\/wp-content\/uploads\/2023\/06\/racing-768x450.webp 768w, https:\/\/nominingue.com\/wp-content\/uploads\/2023\/06\/racing-1536x900.webp 1536w, https:\/\/nominingue.com\/wp-content\/uploads\/2023\/06\/racing-2048x1200.webp 2048w\" sizes=\"auto, (max-width: 1024px) 100vw, 1024px\" \/><\/figure>\n\n\n\n<p>Chaque soir, les animateurs en formation se r\u00e9unissent avec leurs conseillers autour du feu de camp pour discuter du travail de la journ\u00e9e et en faire le bilan. Chaque soir, les animateurs en formation se r\u00e9unissent avec leurs conseillers autour du feu de camp pour discuter du travail de la journ\u00e9e et en faire le bilan.<\/p>\n\n\n\n<p>Si vous \u00eates int\u00e9ress\u00e9(e) et souhaitez obtenir plus d&rsquo;informations, vous pouvez <a href=\"https:\/\/nominingue.com\/wp-content\/uploads\/2025\/01\/LIT-Information-2025.pdf\" target=\"_blank\" rel=\"noreferrer noopener\">t\u00e9l\u00e9c<\/a><a href=\"https:\/\/nominingue.com\/wp-content\/uploads\/2025\/01\/LIT-Information-2023.pdf\" target=\"_blank\" rel=\"noreferrer noopener\">harger le formulaire<\/a> d&rsquo;information LIT.<\/p>\n","protected":false},"excerpt":{"rendered":"<p>La premi\u00e8re \u00e9tape du programme de formation du personnel du Camp Nominingue, notre programme \u00ab\u00a0Leaders-in-Training\u00a0\u00bb, offre aux jeunes hommes la possibilit\u00e9 d&rsquo;acqu\u00e9rir les comp\u00e9tences essentielles pour devenir un leader. Plus qu&rsquo;un simple programme de formation du personnel, notre programme Leader-in-Training pr\u00e9pare les gar\u00e7ons de 16 ans \u00e0 devenir des leaders dans n&rsquo;importe quel domaine et [&hellip;]<\/p>\n","protected":false},"author":2,"featured_media":0,"parent":0,"menu_order":0,"comment_status":"closed","ping_status":"closed","template":"","meta":{"_acf_changed":false,"footnotes":""},"class_list":["post-638","page","type-page","status-publish","hentry"],"acf":[],"yoast_head":"<!-- This site is optimized with the Yoast SEO plugin v27.3 - https:\/\/yoast.com\/product\/yoast-seo-wordpress\/ -->\n<title>Programme de formation des animateurs - Nominingue Camp<\/title>\n<meta name=\"robots\" content=\"index, follow, max-snippet:-1, max-image-preview:large, max-video-preview:-1\" \/>\n<link rel=\"canonical\" href=\"https:\/\/nominingue.com\/fr\/programme-de-formation-des-animateurs\/\" \/>\n<meta property=\"og:locale\" content=\"fr_FR\" \/>\n<meta property=\"og:type\" content=\"article\" \/>\n<meta property=\"og:title\" content=\"Programme de formation des animateurs - Nominingue Camp\" \/>\n<meta property=\"og:description\" content=\"La premi\u00e8re \u00e9tape du programme de formation du personnel du Camp Nominingue, notre programme \u00ab\u00a0Leaders-in-Training\u00a0\u00bb, offre aux jeunes hommes la possibilit\u00e9 d&rsquo;acqu\u00e9rir les comp\u00e9tences essentielles pour devenir un leader. Plus qu&rsquo;un simple programme de formation du personnel, notre programme Leader-in-Training pr\u00e9pare les gar\u00e7ons de 16 ans \u00e0 devenir des leaders dans n&rsquo;importe quel domaine et [&hellip;]\" \/>\n<meta property=\"og:url\" content=\"https:\/\/nominingue.com\/fr\/programme-de-formation-des-animateurs\/\" \/>\n<meta property=\"og:site_name\" content=\"Nominingue Camp\" \/>\n<meta property=\"article:publisher\" content=\"https:\/\/www.facebook.com\/CampNominingue\/\" \/>\n<meta property=\"article:modified_time\" content=\"2025-01-27T14:59:38+00:00\" \/>\n<meta property=\"og:image\" content=\"https:\/\/nominingue.com\/wp-content\/uploads\/2023\/06\/racing-1024x600.webp\" \/>\n<meta name=\"twitter:card\" content=\"summary_large_image\" \/>\n<meta name=\"twitter:site\" content=\"@CampNominingue\" \/>\n<meta name=\"twitter:label1\" content=\"Dur\u00e9e de lecture estim\u00e9e\" \/>\n\t<meta name=\"twitter:data1\" content=\"1 minute\" \/>\n<script type=\"application\/ld+json\" class=\"yoast-schema-graph\">{\"@context\":\"https:\\\/\\\/schema.org\",\"@graph\":[{\"@type\":\"WebPage\",\"@id\":\"https:\\\/\\\/nominingue.com\\\/fr\\\/programme-de-formation-des-animateurs\\\/\",\"url\":\"https:\\\/\\\/nominingue.com\\\/fr\\\/programme-de-formation-des-animateurs\\\/\",\"name\":\"Programme de formation des animateurs - Nominingue Camp\",\"isPartOf\":{\"@id\":\"https:\\\/\\\/nominingue.com\\\/fr\\\/#website\"},\"primaryImageOfPage\":{\"@id\":\"https:\\\/\\\/nominingue.com\\\/fr\\\/programme-de-formation-des-animateurs\\\/#primaryimage\"},\"image\":{\"@id\":\"https:\\\/\\\/nominingue.com\\\/fr\\\/programme-de-formation-des-animateurs\\\/#primaryimage\"},\"thumbnailUrl\":\"https:\\\/\\\/nominingue.com\\\/wp-content\\\/uploads\\\/2023\\\/06\\\/racing-1024x600.webp\",\"datePublished\":\"2023-05-25T17:06:36+00:00\",\"dateModified\":\"2025-01-27T14:59:38+00:00\",\"breadcrumb\":{\"@id\":\"https:\\\/\\\/nominingue.com\\\/fr\\\/programme-de-formation-des-animateurs\\\/#breadcrumb\"},\"inLanguage\":\"fr-FR\",\"potentialAction\":[{\"@type\":\"ReadAction\",\"target\":[\"https:\\\/\\\/nominingue.com\\\/fr\\\/programme-de-formation-des-animateurs\\\/\"]}]},{\"@type\":\"ImageObject\",\"inLanguage\":\"fr-FR\",\"@id\":\"https:\\\/\\\/nominingue.com\\\/fr\\\/programme-de-formation-des-animateurs\\\/#primaryimage\",\"url\":\"https:\\\/\\\/nominingue.com\\\/wp-content\\\/uploads\\\/2023\\\/06\\\/racing-1024x600.webp\",\"contentUrl\":\"https:\\\/\\\/nominingue.com\\\/wp-content\\\/uploads\\\/2023\\\/06\\\/racing-1024x600.webp\"},{\"@type\":\"BreadcrumbList\",\"@id\":\"https:\\\/\\\/nominingue.com\\\/fr\\\/programme-de-formation-des-animateurs\\\/#breadcrumb\",\"itemListElement\":[{\"@type\":\"ListItem\",\"position\":1,\"name\":\"Home\",\"item\":\"https:\\\/\\\/nominingue.com\\\/fr\\\/\"},{\"@type\":\"ListItem\",\"position\":2,\"name\":\"Programme de formation des animateurs\"}]},{\"@type\":\"WebSite\",\"@id\":\"https:\\\/\\\/nominingue.com\\\/fr\\\/#website\",\"url\":\"https:\\\/\\\/nominingue.com\\\/fr\\\/\",\"name\":\"Nominingue Camp\",\"description\":\"Where your summer adventure begins...\",\"publisher\":{\"@id\":\"https:\\\/\\\/nominingue.com\\\/fr\\\/#organization\"},\"potentialAction\":[{\"@type\":\"SearchAction\",\"target\":{\"@type\":\"EntryPoint\",\"urlTemplate\":\"https:\\\/\\\/nominingue.com\\\/fr\\\/?s={search_term_string}\"},\"query-input\":{\"@type\":\"PropertyValueSpecification\",\"valueRequired\":true,\"valueName\":\"search_term_string\"}}],\"inLanguage\":\"fr-FR\"},{\"@type\":\"Organization\",\"@id\":\"https:\\\/\\\/nominingue.com\\\/fr\\\/#organization\",\"name\":\"Nominingue Camp\",\"url\":\"https:\\\/\\\/nominingue.com\\\/fr\\\/\",\"logo\":{\"@type\":\"ImageObject\",\"inLanguage\":\"fr-FR\",\"@id\":\"https:\\\/\\\/nominingue.com\\\/fr\\\/#\\\/schema\\\/logo\\\/image\\\/\",\"url\":\"https:\\\/\\\/nominingue.com\\\/wp-content\\\/uploads\\\/2025\\\/01\\\/CampNominingueTransparentGrey_Red-e1736697536987.png\",\"contentUrl\":\"https:\\\/\\\/nominingue.com\\\/wp-content\\\/uploads\\\/2025\\\/01\\\/CampNominingueTransparentGrey_Red-e1736697536987.png\",\"width\":2230,\"height\":1290,\"caption\":\"Nominingue Camp\"},\"image\":{\"@id\":\"https:\\\/\\\/nominingue.com\\\/fr\\\/#\\\/schema\\\/logo\\\/image\\\/\"},\"sameAs\":[\"https:\\\/\\\/www.facebook.com\\\/CampNominingue\\\/\",\"https:\\\/\\\/x.com\\\/CampNominingue\",\"https:\\\/\\\/www.youtube.com\\\/user\\\/CampNominingue\",\"https:\\\/\\\/www.instagram.com\\\/CampNominingue\\\/\"]}]}<\/script>\n<!-- \/ Yoast SEO plugin. -->","yoast_head_json":{"title":"Programme de formation des animateurs - Nominingue Camp","robots":{"index":"index","follow":"follow","max-snippet":"max-snippet:-1","max-image-preview":"max-image-preview:large","max-video-preview":"max-video-preview:-1"},"canonical":"https:\/\/nominingue.com\/fr\/programme-de-formation-des-animateurs\/","og_locale":"fr_FR","og_type":"article","og_title":"Programme de formation des animateurs - Nominingue Camp","og_description":"La premi\u00e8re \u00e9tape du programme de formation du personnel du Camp Nominingue, notre programme \u00ab\u00a0Leaders-in-Training\u00a0\u00bb, offre aux jeunes hommes la possibilit\u00e9 d&rsquo;acqu\u00e9rir les comp\u00e9tences essentielles pour devenir un leader. Plus qu&rsquo;un simple programme de formation du personnel, notre programme Leader-in-Training pr\u00e9pare les gar\u00e7ons de 16 ans \u00e0 devenir des leaders dans n&rsquo;importe quel domaine et [&hellip;]","og_url":"https:\/\/nominingue.com\/fr\/programme-de-formation-des-animateurs\/","og_site_name":"Nominingue Camp","article_publisher":"https:\/\/www.facebook.com\/CampNominingue\/","article_modified_time":"2025-01-27T14:59:38+00:00","og_image":[{"url":"https:\/\/nominingue.com\/wp-content\/uploads\/2023\/06\/racing-1024x600.webp","type":"","width":"","height":""}],"twitter_card":"summary_large_image","twitter_site":"@CampNominingue","twitter_misc":{"Dur\u00e9e de lecture estim\u00e9e":"1 minute"},"schema":{"@context":"https:\/\/schema.org","@graph":[{"@type":"WebPage","@id":"https:\/\/nominingue.com\/fr\/programme-de-formation-des-animateurs\/","url":"https:\/\/nominingue.com\/fr\/programme-de-formation-des-animateurs\/","name":"Programme de formation des animateurs - Nominingue Camp","isPartOf":{"@id":"https:\/\/nominingue.com\/fr\/#website"},"primaryImageOfPage":{"@id":"https:\/\/nominingue.com\/fr\/programme-de-formation-des-animateurs\/#primaryimage"},"image":{"@id":"https:\/\/nominingue.com\/fr\/programme-de-formation-des-animateurs\/#primaryimage"},"thumbnailUrl":"https:\/\/nominingue.com\/wp-content\/uploads\/2023\/06\/racing-1024x600.webp","datePublished":"2023-05-25T17:06:36+00:00","dateModified":"2025-01-27T14:59:38+00:00","breadcrumb":{"@id":"https:\/\/nominingue.com\/fr\/programme-de-formation-des-animateurs\/#breadcrumb"},"inLanguage":"fr-FR","potentialAction":[{"@type":"ReadAction","target":["https:\/\/nominingue.com\/fr\/programme-de-formation-des-animateurs\/"]}]},{"@type":"ImageObject","inLanguage":"fr-FR","@id":"https:\/\/nominingue.com\/fr\/programme-de-formation-des-animateurs\/#primaryimage","url":"https:\/\/nominingue.com\/wp-content\/uploads\/2023\/06\/racing-1024x600.webp","contentUrl":"https:\/\/nominingue.com\/wp-content\/uploads\/2023\/06\/racing-1024x600.webp"},{"@type":"BreadcrumbList","@id":"https:\/\/nominingue.com\/fr\/programme-de-formation-des-animateurs\/#breadcrumb","itemListElement":[{"@type":"ListItem","position":1,"name":"Home","item":"https:\/\/nominingue.com\/fr\/"},{"@type":"ListItem","position":2,"name":"Programme de formation des animateurs"}]},{"@type":"WebSite","@id":"https:\/\/nominingue.com\/fr\/#website","url":"https:\/\/nominingue.com\/fr\/","name":"Nominingue Camp","description":"Where your summer adventure begins...","publisher":{"@id":"https:\/\/nominingue.com\/fr\/#organization"},"potentialAction":[{"@type":"SearchAction","target":{"@type":"EntryPoint","urlTemplate":"https:\/\/nominingue.com\/fr\/?s={search_term_string}"},"query-input":{"@type":"PropertyValueSpecification","valueRequired":true,"valueName":"search_term_string"}}],"inLanguage":"fr-FR"},{"@type":"Organization","@id":"https:\/\/nominingue.com\/fr\/#organization","name":"Nominingue Camp","url":"https:\/\/nominingue.com\/fr\/","logo":{"@type":"ImageObject","inLanguage":"fr-FR","@id":"https:\/\/nominingue.com\/fr\/#\/schema\/logo\/image\/","url":"https:\/\/nominingue.com\/wp-content\/uploads\/2025\/01\/CampNominingueTransparentGrey_Red-e1736697536987.png","contentUrl":"https:\/\/nominingue.com\/wp-content\/uploads\/2025\/01\/CampNominingueTransparentGrey_Red-e1736697536987.png","width":2230,"height":1290,"caption":"Nominingue Camp"},"image":{"@id":"https:\/\/nominingue.com\/fr\/#\/schema\/logo\/image\/"},"sameAs":["https:\/\/www.facebook.com\/CampNominingue\/","https:\/\/x.com\/CampNominingue","https:\/\/www.youtube.com\/user\/CampNominingue","https:\/\/www.instagram.com\/CampNominingue\/"]}]}},"_links":{"self":[{"href":"https:\/\/nominingue.com\/fr\/wp-json\/wp\/v2\/pages\/638","targetHints":{"allow":["GET"]}}],"collection":[{"href":"https:\/\/nominingue.com\/fr\/wp-json\/wp\/v2\/pages"}],"about":[{"href":"https:\/\/nominingue.com\/fr\/wp-json\/wp\/v2\/types\/page"}],"author":[{"embeddable":true,"href":"https:\/\/nominingue.com\/fr\/wp-json\/wp\/v2\/users\/2"}],"replies":[{"embeddable":true,"href":"https:\/\/nominingue.com\/fr\/wp-json\/wp\/v2\/comments?post=638"}],"version-history":[{"count":5,"href":"https:\/\/nominingue.com\/fr\/wp-json\/wp\/v2\/pages\/638\/revisions"}],"predecessor-version":[{"id":1397,"href":"https:\/\/nominingue.com\/fr\/wp-json\/wp\/v2\/pages\/638\/revisions\/1397"}],"wp:attachment":[{"href":"https:\/\/nominingue.com\/fr\/wp-json\/wp\/v2\/media?parent=638"}],"curies":[{"name":"wp","href":"https:\/\/api.w.org\/{rel}","templated":true}]}}