{"id":640,"date":"2023-05-25T13:08:02","date_gmt":"2023-05-25T17:08:02","guid":{"rendered":"https:\/\/nominingue.com\/travailler-a-nominingue\/"},"modified":"2024-09-28T12:18:27","modified_gmt":"2024-09-28T16:18:27","slug":"travailler-a-nominingue","status":"publish","type":"page","link":"https:\/\/nominingue.com\/fr\/travailler-a-nominingue\/","title":{"rendered":"Travailler \u00e0 Nominingue"},"content":{"rendered":"\n<p>Le Camp Nominingue est un camp de gar\u00e7ons anglais situ\u00e9 au Qu\u00e9bec, \u00e0 environ deux heures au nord de Montr\u00e9al. Tout comme la population de campeurs, qui attire de nombreux campeurs de l&rsquo;Ontario, du reste du Canada et du monde entier, nous essayons d&#8217;embaucher un personnel qui refl\u00e8te cette diversit\u00e9. La plupart des \u00e9t\u00e9s, nous embauchons environ 70 personnes pour garantir un ratio de 1:3 entre le personnel et les campeurs. En r\u00e8gle g\u00e9n\u00e9rale, environ 85 % des membres du personnel ont \u00e9t\u00e9 campeurs ou membres du personnel au cours d&rsquo;un \u00e9t\u00e9 pr\u00e9c\u00e9dent. Notre personnel est essentiellement masculin car la plupart des moniteurs vivent sous la tente avec les campeurs. Nous cherchons \u00e0 recruter des femmes pour des postes qui ne n\u00e9cessitent pas n\u00e9cessairement de vivre sous la tente. Au cours des derniers \u00e9t\u00e9s, nous avons embauch\u00e9 des femmes sur le front de mer, dans l&rsquo;atelier d&rsquo;artisanat, au bureau, \u00e0 l&rsquo;infirmerie, en tant que professeurs d&rsquo;anglais langue \u00e9trang\u00e8re ou d&rsquo;anglais langue seconde, en tant que photographes, au th\u00e9\u00e2tre et en tant qu&rsquo;instructrices d&rsquo;escalade.<\/p>\n\n<p>Lorsque nous recrutons des conseillers \u00e0 Nominingue, nous recherchons des personnes polyvalentes. \u00c0 l&rsquo;arriv\u00e9e des campeurs, la plupart des membres du personnel sont des moniteurs de tente, des instructeurs d&rsquo;une activit\u00e9 technique, des chefs d&rsquo;excursion en cano\u00eb, des chefs de programme et des surveillants de baignade. Nous recherchons des personnes capables de remplir plusieurs r\u00f4les &#8211; nous ne recrutons pas souvent de simples sauveteurs pour le front de mer. Nous attendons de notre personnel qu&rsquo;il s&rsquo;implique dans tous les aspects de la vie du camp.<\/p>\n\n<h3 class=\"wp-block-heading\">Qualit\u00e9s que nous appr\u00e9cions<\/h3>\n\n<ul class=\"wp-block-list\">\n<li>Nous recherchons des personnes de qualit\u00e9 &#8211; L&rsquo;honn\u00eatet\u00e9 et l&rsquo;int\u00e9grit\u00e9 sont plus difficiles \u00e0 enseigner que l&rsquo;art de tirer \u00e0 l&rsquo;arc.<\/li>\n\n\n\n<li>Exp\u00e9rience de camp et exp\u00e9rience de vie &#8211; nous savons que notre personnel aura un impact sur les campeurs qui fr\u00e9quentent Nominingue &#8211; plus ces exp\u00e9riences sont vari\u00e9es, plus nous avons de chances de r\u00e9pondre aux besoins de tous nos campeurs.<\/li>\n\n\n\n<li>Capacit\u00e9 \u00e0 travailler en \u00e9quipe et \u00e0 s&rsquo;entendre avec les autres ; volont\u00e9 de prendre des initiatives et d&rsquo;accepter des responsabilit\u00e9s.<\/li>\n\n\n\n<li>La certification a de la valeur &#8211; qu&rsquo;il s&rsquo;agisse de sauvetage, de premiers secours, de voile, de cano\u00eb-kayak, de natation, de v\u00e9lo de montagne, de tennis ou de football &#8211; nous voulons que notre programme d&rsquo;instruction fonctionne de mani\u00e8re professionnelle en accordant autant d&rsquo;attention que possible \u00e0 la s\u00e9curit\u00e9.<\/li>\n<\/ul>\n\n<h3 class=\"wp-block-heading\">Processus d&#8217;embauche<\/h3>\n\n<ul class=\"wp-block-list\">\n<li>Le membre du personnel potentiel remplit le formulaire de candidature et envoie une copie de son CV.<\/li>\n\n\n\n<li>Un premier contact est alors \u00e9tabli par courrier \u00e9lectronique ou par t\u00e9l\u00e9phone, et un entretien est organis\u00e9.<\/li>\n\n\n\n<li>L&rsquo;entretien se d\u00e9roule en personne ou par Skype.<\/li>\n\n\n\n<li>Les r\u00e9f\u00e9rences sont v\u00e9rifi\u00e9es.<\/li>\n\n\n\n<li>Un contrat est propos\u00e9 au personnel.<\/li>\n<\/ul>\n\n<p>\u00c0 l&rsquo;approche du pr\u00e9-camp, les membres du personnel auront l&rsquo;occasion de profiter des opportunit\u00e9s de d\u00e9veloppement professionnel offertes soit au camp, soit dans la communaut\u00e9. Nous ne voulons pas que le personnel de Nominingue ait l&rsquo;impression que l&rsquo;obtention d&rsquo;un contrat est un point final dans le processus. \u00catre conseiller de camp est une opportunit\u00e9 incroyable de d\u00e9velopper ses comp\u00e9tences et sa confiance en soi. \u00catre moniteur de camp est une excellente fa\u00e7on de passer l&rsquo;\u00e9t\u00e9 : \u00eatre en plein air, faire partie d&rsquo;une \u00e9quipe formidable, travailler avec des jeunes et s&rsquo;amuser beaucoup. Il existe peu d&#8217;emplois comportant une plus grande responsabilit\u00e9 que de s&rsquo;occuper des enfants d&rsquo;autrui. Nous nous r\u00e9jouissons de travailler avec nos collaborateurs chaque \u00e9t\u00e9 et d&rsquo;\u00e9voluer avec eux.<\/p>\n\n<figure class=\"wp-block-image size-large\"><img loading=\"lazy\" decoding=\"async\" width=\"1024\" height=\"541\" src=\"https:\/\/nominingue.com\/wp-content\/uploads\/2023\/06\/preparing-boy-group-1024x541.webp\" alt=\"\" class=\"wp-image-459\" srcset=\"https:\/\/nominingue.com\/wp-content\/uploads\/2023\/06\/preparing-boy-group-1024x541.webp 1024w, https:\/\/nominingue.com\/wp-content\/uploads\/2023\/06\/preparing-boy-group-300x159.webp 300w, https:\/\/nominingue.com\/wp-content\/uploads\/2023\/06\/preparing-boy-group-768x406.webp 768w, https:\/\/nominingue.com\/wp-content\/uploads\/2023\/06\/preparing-boy-group-1536x812.webp 1536w, https:\/\/nominingue.com\/wp-content\/uploads\/2023\/06\/preparing-boy-group-2048x1083.webp 2048w\" sizes=\"auto, (max-width: 1024px) 100vw, 1024px\" \/><\/figure>\n\n<p>Au camp, la plupart des conseillers vivront dans des tentes, comme les campeurs. Nous prenons \u00e9galement nos repas avec les campeurs. Nous disposons de quelques avantages pour nous aider dans notre travail. Une cabine de conseillers permet au personnel de prendre une pause bien m\u00e9rit\u00e9e. L&rsquo;acc\u00e8s au Wifi dans le CC permet au personnel de se connecter avec leur famille et leurs amis en dehors du camp. Bien qu&rsquo;il y ait un ordinateur pour le personnel, de nombreux employ\u00e9s apportent leur propre ordinateur portable au camp. L&rsquo;utilisation des t\u00e9l\u00e9phones portables, des ordinateurs portables et des Ipods du personnel est limit\u00e9e au CC pendant la journ\u00e9e, car les campeurs n&rsquo;ont acc\u00e8s \u00e0 aucune technologie pendant leur s\u00e9jour au camp. Chaque soir, une collation est offerte aux conseillers pour s&rsquo;assurer que personne ne se couche le ventre vide ! Chaque printemps, notre personnel est impatient de retourner au camp, de renouer des liens d&rsquo;amiti\u00e9 avec les campeurs et le personnel, d&rsquo;organiser une excursion en cano\u00eb \u00e0 La V\u00e9rendrye et de vivre une autre aventure au Camp Nominingue !<\/p>\n","protected":false},"excerpt":{"rendered":"<p>Le Camp Nominingue est un camp de gar\u00e7ons anglais situ\u00e9 au Qu\u00e9bec, \u00e0 environ deux heures au nord de Montr\u00e9al. Tout comme la population de campeurs, qui attire de nombreux campeurs de l&rsquo;Ontario, du reste du Canada et du monde entier, nous essayons d&#8217;embaucher un personnel qui refl\u00e8te cette diversit\u00e9. La plupart des \u00e9t\u00e9s, nous [&hellip;]<\/p>\n","protected":false},"author":2,"featured_media":0,"parent":0,"menu_order":0,"comment_status":"closed","ping_status":"closed","template":"","meta":{"_acf_changed":false,"footnotes":""},"class_list":["post-640","page","type-page","status-publish","hentry"],"acf":[],"yoast_head":"<!-- This site is optimized with the Yoast SEO plugin v27.3 - https:\/\/yoast.com\/product\/yoast-seo-wordpress\/ -->\n<title>Travailler \u00e0 Nominingue - Nominingue Camp<\/title>\n<meta name=\"robots\" content=\"index, follow, max-snippet:-1, max-image-preview:large, max-video-preview:-1\" \/>\n<link rel=\"canonical\" href=\"https:\/\/nominingue.com\/fr\/travailler-a-nominingue\/\" \/>\n<meta property=\"og:locale\" content=\"fr_FR\" \/>\n<meta property=\"og:type\" content=\"article\" \/>\n<meta property=\"og:title\" content=\"Travailler \u00e0 Nominingue - Nominingue Camp\" \/>\n<meta property=\"og:description\" content=\"Le Camp Nominingue est un camp de gar\u00e7ons anglais situ\u00e9 au Qu\u00e9bec, \u00e0 environ deux heures au nord de Montr\u00e9al. Tout comme la population de campeurs, qui attire de nombreux campeurs de l&rsquo;Ontario, du reste du Canada et du monde entier, nous essayons d&#8217;embaucher un personnel qui refl\u00e8te cette diversit\u00e9. La plupart des \u00e9t\u00e9s, nous [&hellip;]\" \/>\n<meta property=\"og:url\" content=\"https:\/\/nominingue.com\/fr\/travailler-a-nominingue\/\" \/>\n<meta property=\"og:site_name\" content=\"Nominingue Camp\" \/>\n<meta property=\"article:publisher\" content=\"https:\/\/www.facebook.com\/CampNominingue\/\" \/>\n<meta property=\"article:modified_time\" content=\"2024-09-28T16:18:27+00:00\" \/>\n<meta property=\"og:image\" content=\"https:\/\/nominingue.com\/wp-content\/uploads\/2023\/06\/preparing-boy-group-1024x541.webp\" \/>\n<meta name=\"twitter:card\" content=\"summary_large_image\" \/>\n<meta name=\"twitter:site\" content=\"@CampNominingue\" \/>\n<meta name=\"twitter:label1\" content=\"Dur\u00e9e de lecture estim\u00e9e\" \/>\n\t<meta name=\"twitter:data1\" content=\"4 minutes\" \/>\n<script type=\"application\/ld+json\" class=\"yoast-schema-graph\">{\"@context\":\"https:\\\/\\\/schema.org\",\"@graph\":[{\"@type\":\"WebPage\",\"@id\":\"https:\\\/\\\/nominingue.com\\\/fr\\\/travailler-a-nominingue\\\/\",\"url\":\"https:\\\/\\\/nominingue.com\\\/fr\\\/travailler-a-nominingue\\\/\",\"name\":\"Travailler \u00e0 Nominingue - Nominingue Camp\",\"isPartOf\":{\"@id\":\"https:\\\/\\\/nominingue.com\\\/fr\\\/#website\"},\"primaryImageOfPage\":{\"@id\":\"https:\\\/\\\/nominingue.com\\\/fr\\\/travailler-a-nominingue\\\/#primaryimage\"},\"image\":{\"@id\":\"https:\\\/\\\/nominingue.com\\\/fr\\\/travailler-a-nominingue\\\/#primaryimage\"},\"thumbnailUrl\":\"https:\\\/\\\/nominingue.com\\\/wp-content\\\/uploads\\\/2023\\\/06\\\/preparing-boy-group-1024x541.webp\",\"datePublished\":\"2023-05-25T17:08:02+00:00\",\"dateModified\":\"2024-09-28T16:18:27+00:00\",\"breadcrumb\":{\"@id\":\"https:\\\/\\\/nominingue.com\\\/fr\\\/travailler-a-nominingue\\\/#breadcrumb\"},\"inLanguage\":\"fr-FR\",\"potentialAction\":[{\"@type\":\"ReadAction\",\"target\":[\"https:\\\/\\\/nominingue.com\\\/fr\\\/travailler-a-nominingue\\\/\"]}]},{\"@type\":\"ImageObject\",\"inLanguage\":\"fr-FR\",\"@id\":\"https:\\\/\\\/nominingue.com\\\/fr\\\/travailler-a-nominingue\\\/#primaryimage\",\"url\":\"https:\\\/\\\/nominingue.com\\\/wp-content\\\/uploads\\\/2023\\\/06\\\/preparing-boy-group-1024x541.webp\",\"contentUrl\":\"https:\\\/\\\/nominingue.com\\\/wp-content\\\/uploads\\\/2023\\\/06\\\/preparing-boy-group-1024x541.webp\"},{\"@type\":\"BreadcrumbList\",\"@id\":\"https:\\\/\\\/nominingue.com\\\/fr\\\/travailler-a-nominingue\\\/#breadcrumb\",\"itemListElement\":[{\"@type\":\"ListItem\",\"position\":1,\"name\":\"Home\",\"item\":\"https:\\\/\\\/nominingue.com\\\/fr\\\/\"},{\"@type\":\"ListItem\",\"position\":2,\"name\":\"Travailler \u00e0 Nominingue\"}]},{\"@type\":\"WebSite\",\"@id\":\"https:\\\/\\\/nominingue.com\\\/fr\\\/#website\",\"url\":\"https:\\\/\\\/nominingue.com\\\/fr\\\/\",\"name\":\"Nominingue Camp\",\"description\":\"Where your summer adventure begins...\",\"publisher\":{\"@id\":\"https:\\\/\\\/nominingue.com\\\/fr\\\/#organization\"},\"potentialAction\":[{\"@type\":\"SearchAction\",\"target\":{\"@type\":\"EntryPoint\",\"urlTemplate\":\"https:\\\/\\\/nominingue.com\\\/fr\\\/?s={search_term_string}\"},\"query-input\":{\"@type\":\"PropertyValueSpecification\",\"valueRequired\":true,\"valueName\":\"search_term_string\"}}],\"inLanguage\":\"fr-FR\"},{\"@type\":\"Organization\",\"@id\":\"https:\\\/\\\/nominingue.com\\\/fr\\\/#organization\",\"name\":\"Nominingue Camp\",\"url\":\"https:\\\/\\\/nominingue.com\\\/fr\\\/\",\"logo\":{\"@type\":\"ImageObject\",\"inLanguage\":\"fr-FR\",\"@id\":\"https:\\\/\\\/nominingue.com\\\/fr\\\/#\\\/schema\\\/logo\\\/image\\\/\",\"url\":\"https:\\\/\\\/nominingue.com\\\/wp-content\\\/uploads\\\/2025\\\/01\\\/CampNominingueTransparentGrey_Red-e1736697536987.png\",\"contentUrl\":\"https:\\\/\\\/nominingue.com\\\/wp-content\\\/uploads\\\/2025\\\/01\\\/CampNominingueTransparentGrey_Red-e1736697536987.png\",\"width\":2230,\"height\":1290,\"caption\":\"Nominingue Camp\"},\"image\":{\"@id\":\"https:\\\/\\\/nominingue.com\\\/fr\\\/#\\\/schema\\\/logo\\\/image\\\/\"},\"sameAs\":[\"https:\\\/\\\/www.facebook.com\\\/CampNominingue\\\/\",\"https:\\\/\\\/x.com\\\/CampNominingue\",\"https:\\\/\\\/www.youtube.com\\\/user\\\/CampNominingue\",\"https:\\\/\\\/www.instagram.com\\\/CampNominingue\\\/\"]}]}<\/script>\n<!-- \/ Yoast SEO plugin. -->","yoast_head_json":{"title":"Travailler \u00e0 Nominingue - Nominingue Camp","robots":{"index":"index","follow":"follow","max-snippet":"max-snippet:-1","max-image-preview":"max-image-preview:large","max-video-preview":"max-video-preview:-1"},"canonical":"https:\/\/nominingue.com\/fr\/travailler-a-nominingue\/","og_locale":"fr_FR","og_type":"article","og_title":"Travailler \u00e0 Nominingue - Nominingue Camp","og_description":"Le Camp Nominingue est un camp de gar\u00e7ons anglais situ\u00e9 au Qu\u00e9bec, \u00e0 environ deux heures au nord de Montr\u00e9al. Tout comme la population de campeurs, qui attire de nombreux campeurs de l&rsquo;Ontario, du reste du Canada et du monde entier, nous essayons d&#8217;embaucher un personnel qui refl\u00e8te cette diversit\u00e9. La plupart des \u00e9t\u00e9s, nous [&hellip;]","og_url":"https:\/\/nominingue.com\/fr\/travailler-a-nominingue\/","og_site_name":"Nominingue Camp","article_publisher":"https:\/\/www.facebook.com\/CampNominingue\/","article_modified_time":"2024-09-28T16:18:27+00:00","og_image":[{"url":"https:\/\/nominingue.com\/wp-content\/uploads\/2023\/06\/preparing-boy-group-1024x541.webp","type":"","width":"","height":""}],"twitter_card":"summary_large_image","twitter_site":"@CampNominingue","twitter_misc":{"Dur\u00e9e de lecture estim\u00e9e":"4 minutes"},"schema":{"@context":"https:\/\/schema.org","@graph":[{"@type":"WebPage","@id":"https:\/\/nominingue.com\/fr\/travailler-a-nominingue\/","url":"https:\/\/nominingue.com\/fr\/travailler-a-nominingue\/","name":"Travailler \u00e0 Nominingue - Nominingue Camp","isPartOf":{"@id":"https:\/\/nominingue.com\/fr\/#website"},"primaryImageOfPage":{"@id":"https:\/\/nominingue.com\/fr\/travailler-a-nominingue\/#primaryimage"},"image":{"@id":"https:\/\/nominingue.com\/fr\/travailler-a-nominingue\/#primaryimage"},"thumbnailUrl":"https:\/\/nominingue.com\/wp-content\/uploads\/2023\/06\/preparing-boy-group-1024x541.webp","datePublished":"2023-05-25T17:08:02+00:00","dateModified":"2024-09-28T16:18:27+00:00","breadcrumb":{"@id":"https:\/\/nominingue.com\/fr\/travailler-a-nominingue\/#breadcrumb"},"inLanguage":"fr-FR","potentialAction":[{"@type":"ReadAction","target":["https:\/\/nominingue.com\/fr\/travailler-a-nominingue\/"]}]},{"@type":"ImageObject","inLanguage":"fr-FR","@id":"https:\/\/nominingue.com\/fr\/travailler-a-nominingue\/#primaryimage","url":"https:\/\/nominingue.com\/wp-content\/uploads\/2023\/06\/preparing-boy-group-1024x541.webp","contentUrl":"https:\/\/nominingue.com\/wp-content\/uploads\/2023\/06\/preparing-boy-group-1024x541.webp"},{"@type":"BreadcrumbList","@id":"https:\/\/nominingue.com\/fr\/travailler-a-nominingue\/#breadcrumb","itemListElement":[{"@type":"ListItem","position":1,"name":"Home","item":"https:\/\/nominingue.com\/fr\/"},{"@type":"ListItem","position":2,"name":"Travailler \u00e0 Nominingue"}]},{"@type":"WebSite","@id":"https:\/\/nominingue.com\/fr\/#website","url":"https:\/\/nominingue.com\/fr\/","name":"Nominingue Camp","description":"Where your summer adventure begins...","publisher":{"@id":"https:\/\/nominingue.com\/fr\/#organization"},"potentialAction":[{"@type":"SearchAction","target":{"@type":"EntryPoint","urlTemplate":"https:\/\/nominingue.com\/fr\/?s={search_term_string}"},"query-input":{"@type":"PropertyValueSpecification","valueRequired":true,"valueName":"search_term_string"}}],"inLanguage":"fr-FR"},{"@type":"Organization","@id":"https:\/\/nominingue.com\/fr\/#organization","name":"Nominingue Camp","url":"https:\/\/nominingue.com\/fr\/","logo":{"@type":"ImageObject","inLanguage":"fr-FR","@id":"https:\/\/nominingue.com\/fr\/#\/schema\/logo\/image\/","url":"https:\/\/nominingue.com\/wp-content\/uploads\/2025\/01\/CampNominingueTransparentGrey_Red-e1736697536987.png","contentUrl":"https:\/\/nominingue.com\/wp-content\/uploads\/2025\/01\/CampNominingueTransparentGrey_Red-e1736697536987.png","width":2230,"height":1290,"caption":"Nominingue Camp"},"image":{"@id":"https:\/\/nominingue.com\/fr\/#\/schema\/logo\/image\/"},"sameAs":["https:\/\/www.facebook.com\/CampNominingue\/","https:\/\/x.com\/CampNominingue","https:\/\/www.youtube.com\/user\/CampNominingue","https:\/\/www.instagram.com\/CampNominingue\/"]}]}},"_links":{"self":[{"href":"https:\/\/nominingue.com\/fr\/wp-json\/wp\/v2\/pages\/640","targetHints":{"allow":["GET"]}}],"collection":[{"href":"https:\/\/nominingue.com\/fr\/wp-json\/wp\/v2\/pages"}],"about":[{"href":"https:\/\/nominingue.com\/fr\/wp-json\/wp\/v2\/types\/page"}],"author":[{"embeddable":true,"href":"https:\/\/nominingue.com\/fr\/wp-json\/wp\/v2\/users\/2"}],"replies":[{"embeddable":true,"href":"https:\/\/nominingue.com\/fr\/wp-json\/wp\/v2\/comments?post=640"}],"version-history":[{"count":2,"href":"https:\/\/nominingue.com\/fr\/wp-json\/wp\/v2\/pages\/640\/revisions"}],"predecessor-version":[{"id":920,"href":"https:\/\/nominingue.com\/fr\/wp-json\/wp\/v2\/pages\/640\/revisions\/920"}],"wp:attachment":[{"href":"https:\/\/nominingue.com\/fr\/wp-json\/wp\/v2\/media?parent=640"}],"curies":[{"name":"wp","href":"https:\/\/api.w.org\/{rel}","templated":true}]}}