{"id":642,"date":"2023-05-25T13:10:15","date_gmt":"2023-05-25T17:10:15","guid":{"rendered":"https:\/\/nominingue.com\/candidature-du-personnel-et-procedure\/"},"modified":"2024-10-28T20:26:11","modified_gmt":"2024-10-29T00:26:11","slug":"candidature-du-personnel-et-procedure","status":"publish","type":"page","link":"https:\/\/nominingue.com\/fr\/candidature-du-personnel-et-procedure\/","title":{"rendered":"Candidature du personnel et proc\u00e9dure"},"content":{"rendered":"\n<p>Veuillez remplir le formulaire de candidature en ligne et envoyer une copie de votre CV aux directeurs du camp, Nicole Larin, \u00e0 l&rsquo;adresse nicole.larin@nominingue.com et \u00e0 Matt Cromey, \u00e0 l&rsquo;adresse matt@nominingue.com. Nous conviendrons d&rsquo;un rendez-vous pour un entretien, soit en personne, soit en ligne.<\/p>\n\n\n\n<p>Apr\u00e8s l&rsquo;entretien, nous prendrons une \u00e0 deux semaines pour v\u00e9rifier vos r\u00e9f\u00e9rences avant de confirmer si nous vous offrons un poste \u00e0 Nominingue. Lorsque nous proposons un poste, nous envoyons un contrat par courrier \u00e9lectronique et vous donnons une semaine \u00e0 10 jours pour confirmer votre acceptation en renvoyant une copie sign\u00e9e du contrat.<\/p>\n\n\n\n<a href=\"https:\/\/nominingue.campbrainstaff.com\/\" target=\"_blank\" class=\"button-primary\" rel=\"noopener\">Candidature<\/a>\n","protected":false},"excerpt":{"rendered":"<p>Veuillez remplir le formulaire de candidature en ligne et envoyer une copie de votre CV aux directeurs du camp, Nicole Larin, \u00e0 l&rsquo;adresse nicole.larin@nominingue.com et \u00e0 Matt Cromey, \u00e0 l&rsquo;adresse matt@nominingue.com. Nous conviendrons d&rsquo;un rendez-vous pour un entretien, soit en personne, soit en ligne. Apr\u00e8s l&rsquo;entretien, nous prendrons une \u00e0 deux semaines pour v\u00e9rifier vos [&hellip;]<\/p>\n","protected":false},"author":2,"featured_media":0,"parent":0,"menu_order":0,"comment_status":"closed","ping_status":"closed","template":"","meta":{"_acf_changed":false,"footnotes":""},"class_list":["post-642","page","type-page","status-publish","hentry"],"acf":[],"yoast_head":"<!-- This site is optimized with the Yoast SEO plugin v27.3 - https:\/\/yoast.com\/product\/yoast-seo-wordpress\/ -->\n<title>Candidature du personnel et proc\u00e9dure - Nominingue Camp<\/title>\n<meta name=\"robots\" content=\"index, follow, max-snippet:-1, max-image-preview:large, max-video-preview:-1\" \/>\n<link rel=\"canonical\" href=\"https:\/\/nominingue.com\/fr\/candidature-du-personnel-et-procedure\/\" \/>\n<meta property=\"og:locale\" content=\"fr_FR\" \/>\n<meta property=\"og:type\" content=\"article\" \/>\n<meta property=\"og:title\" content=\"Candidature du personnel et proc\u00e9dure - Nominingue Camp\" \/>\n<meta property=\"og:description\" content=\"Veuillez remplir le formulaire de candidature en ligne et envoyer une copie de votre CV aux directeurs du camp, Nicole Larin, \u00e0 l&rsquo;adresse nicole.larin@nominingue.com et \u00e0 Matt Cromey, \u00e0 l&rsquo;adresse matt@nominingue.com. Nous conviendrons d&rsquo;un rendez-vous pour un entretien, soit en personne, soit en ligne. Apr\u00e8s l&rsquo;entretien, nous prendrons une \u00e0 deux semaines pour v\u00e9rifier vos [&hellip;]\" \/>\n<meta property=\"og:url\" content=\"https:\/\/nominingue.com\/fr\/candidature-du-personnel-et-procedure\/\" \/>\n<meta property=\"og:site_name\" content=\"Nominingue Camp\" \/>\n<meta property=\"article:publisher\" content=\"https:\/\/www.facebook.com\/CampNominingue\/\" \/>\n<meta property=\"article:modified_time\" content=\"2024-10-29T00:26:11+00:00\" \/>\n<meta property=\"og:image\" content=\"https:\/\/nominingue.com\/wp-content\/uploads\/2025\/01\/CampNominingueTransparentGrey_Red-e1736697536987.png\" \/>\n\t<meta property=\"og:image:width\" content=\"2230\" \/>\n\t<meta property=\"og:image:height\" content=\"1290\" \/>\n\t<meta property=\"og:image:type\" content=\"image\/png\" \/>\n<meta name=\"twitter:card\" content=\"summary_large_image\" \/>\n<meta name=\"twitter:site\" content=\"@CampNominingue\" \/>\n<meta name=\"twitter:label1\" content=\"Dur\u00e9e de lecture estim\u00e9e\" \/>\n\t<meta name=\"twitter:data1\" content=\"1 minute\" \/>\n<script type=\"application\/ld+json\" class=\"yoast-schema-graph\">{\"@context\":\"https:\\\/\\\/schema.org\",\"@graph\":[{\"@type\":\"WebPage\",\"@id\":\"https:\\\/\\\/nominingue.com\\\/fr\\\/candidature-du-personnel-et-procedure\\\/\",\"url\":\"https:\\\/\\\/nominingue.com\\\/fr\\\/candidature-du-personnel-et-procedure\\\/\",\"name\":\"Candidature du personnel et proc\u00e9dure - Nominingue Camp\",\"isPartOf\":{\"@id\":\"https:\\\/\\\/nominingue.com\\\/fr\\\/#website\"},\"datePublished\":\"2023-05-25T17:10:15+00:00\",\"dateModified\":\"2024-10-29T00:26:11+00:00\",\"breadcrumb\":{\"@id\":\"https:\\\/\\\/nominingue.com\\\/fr\\\/candidature-du-personnel-et-procedure\\\/#breadcrumb\"},\"inLanguage\":\"fr-FR\",\"potentialAction\":[{\"@type\":\"ReadAction\",\"target\":[\"https:\\\/\\\/nominingue.com\\\/fr\\\/candidature-du-personnel-et-procedure\\\/\"]}]},{\"@type\":\"BreadcrumbList\",\"@id\":\"https:\\\/\\\/nominingue.com\\\/fr\\\/candidature-du-personnel-et-procedure\\\/#breadcrumb\",\"itemListElement\":[{\"@type\":\"ListItem\",\"position\":1,\"name\":\"Home\",\"item\":\"https:\\\/\\\/nominingue.com\\\/fr\\\/\"},{\"@type\":\"ListItem\",\"position\":2,\"name\":\"Candidature du personnel et proc\u00e9dure\"}]},{\"@type\":\"WebSite\",\"@id\":\"https:\\\/\\\/nominingue.com\\\/fr\\\/#website\",\"url\":\"https:\\\/\\\/nominingue.com\\\/fr\\\/\",\"name\":\"Nominingue Camp\",\"description\":\"Where your summer adventure begins...\",\"publisher\":{\"@id\":\"https:\\\/\\\/nominingue.com\\\/fr\\\/#organization\"},\"potentialAction\":[{\"@type\":\"SearchAction\",\"target\":{\"@type\":\"EntryPoint\",\"urlTemplate\":\"https:\\\/\\\/nominingue.com\\\/fr\\\/?s={search_term_string}\"},\"query-input\":{\"@type\":\"PropertyValueSpecification\",\"valueRequired\":true,\"valueName\":\"search_term_string\"}}],\"inLanguage\":\"fr-FR\"},{\"@type\":\"Organization\",\"@id\":\"https:\\\/\\\/nominingue.com\\\/fr\\\/#organization\",\"name\":\"Nominingue Camp\",\"url\":\"https:\\\/\\\/nominingue.com\\\/fr\\\/\",\"logo\":{\"@type\":\"ImageObject\",\"inLanguage\":\"fr-FR\",\"@id\":\"https:\\\/\\\/nominingue.com\\\/fr\\\/#\\\/schema\\\/logo\\\/image\\\/\",\"url\":\"https:\\\/\\\/nominingue.com\\\/wp-content\\\/uploads\\\/2025\\\/01\\\/CampNominingueTransparentGrey_Red-e1736697536987.png\",\"contentUrl\":\"https:\\\/\\\/nominingue.com\\\/wp-content\\\/uploads\\\/2025\\\/01\\\/CampNominingueTransparentGrey_Red-e1736697536987.png\",\"width\":2230,\"height\":1290,\"caption\":\"Nominingue Camp\"},\"image\":{\"@id\":\"https:\\\/\\\/nominingue.com\\\/fr\\\/#\\\/schema\\\/logo\\\/image\\\/\"},\"sameAs\":[\"https:\\\/\\\/www.facebook.com\\\/CampNominingue\\\/\",\"https:\\\/\\\/x.com\\\/CampNominingue\",\"https:\\\/\\\/www.youtube.com\\\/user\\\/CampNominingue\",\"https:\\\/\\\/www.instagram.com\\\/CampNominingue\\\/\"]}]}<\/script>\n<!-- \/ Yoast SEO plugin. -->","yoast_head_json":{"title":"Candidature du personnel et proc\u00e9dure - Nominingue Camp","robots":{"index":"index","follow":"follow","max-snippet":"max-snippet:-1","max-image-preview":"max-image-preview:large","max-video-preview":"max-video-preview:-1"},"canonical":"https:\/\/nominingue.com\/fr\/candidature-du-personnel-et-procedure\/","og_locale":"fr_FR","og_type":"article","og_title":"Candidature du personnel et proc\u00e9dure - Nominingue Camp","og_description":"Veuillez remplir le formulaire de candidature en ligne et envoyer une copie de votre CV aux directeurs du camp, Nicole Larin, \u00e0 l&rsquo;adresse nicole.larin@nominingue.com et \u00e0 Matt Cromey, \u00e0 l&rsquo;adresse matt@nominingue.com. Nous conviendrons d&rsquo;un rendez-vous pour un entretien, soit en personne, soit en ligne. Apr\u00e8s l&rsquo;entretien, nous prendrons une \u00e0 deux semaines pour v\u00e9rifier vos [&hellip;]","og_url":"https:\/\/nominingue.com\/fr\/candidature-du-personnel-et-procedure\/","og_site_name":"Nominingue Camp","article_publisher":"https:\/\/www.facebook.com\/CampNominingue\/","article_modified_time":"2024-10-29T00:26:11+00:00","og_image":[{"width":2230,"height":1290,"url":"https:\/\/nominingue.com\/wp-content\/uploads\/2025\/01\/CampNominingueTransparentGrey_Red-e1736697536987.png","type":"image\/png"}],"twitter_card":"summary_large_image","twitter_site":"@CampNominingue","twitter_misc":{"Dur\u00e9e de lecture estim\u00e9e":"1 minute"},"schema":{"@context":"https:\/\/schema.org","@graph":[{"@type":"WebPage","@id":"https:\/\/nominingue.com\/fr\/candidature-du-personnel-et-procedure\/","url":"https:\/\/nominingue.com\/fr\/candidature-du-personnel-et-procedure\/","name":"Candidature du personnel et proc\u00e9dure - Nominingue Camp","isPartOf":{"@id":"https:\/\/nominingue.com\/fr\/#website"},"datePublished":"2023-05-25T17:10:15+00:00","dateModified":"2024-10-29T00:26:11+00:00","breadcrumb":{"@id":"https:\/\/nominingue.com\/fr\/candidature-du-personnel-et-procedure\/#breadcrumb"},"inLanguage":"fr-FR","potentialAction":[{"@type":"ReadAction","target":["https:\/\/nominingue.com\/fr\/candidature-du-personnel-et-procedure\/"]}]},{"@type":"BreadcrumbList","@id":"https:\/\/nominingue.com\/fr\/candidature-du-personnel-et-procedure\/#breadcrumb","itemListElement":[{"@type":"ListItem","position":1,"name":"Home","item":"https:\/\/nominingue.com\/fr\/"},{"@type":"ListItem","position":2,"name":"Candidature du personnel et proc\u00e9dure"}]},{"@type":"WebSite","@id":"https:\/\/nominingue.com\/fr\/#website","url":"https:\/\/nominingue.com\/fr\/","name":"Nominingue Camp","description":"Where your summer adventure begins...","publisher":{"@id":"https:\/\/nominingue.com\/fr\/#organization"},"potentialAction":[{"@type":"SearchAction","target":{"@type":"EntryPoint","urlTemplate":"https:\/\/nominingue.com\/fr\/?s={search_term_string}"},"query-input":{"@type":"PropertyValueSpecification","valueRequired":true,"valueName":"search_term_string"}}],"inLanguage":"fr-FR"},{"@type":"Organization","@id":"https:\/\/nominingue.com\/fr\/#organization","name":"Nominingue Camp","url":"https:\/\/nominingue.com\/fr\/","logo":{"@type":"ImageObject","inLanguage":"fr-FR","@id":"https:\/\/nominingue.com\/fr\/#\/schema\/logo\/image\/","url":"https:\/\/nominingue.com\/wp-content\/uploads\/2025\/01\/CampNominingueTransparentGrey_Red-e1736697536987.png","contentUrl":"https:\/\/nominingue.com\/wp-content\/uploads\/2025\/01\/CampNominingueTransparentGrey_Red-e1736697536987.png","width":2230,"height":1290,"caption":"Nominingue Camp"},"image":{"@id":"https:\/\/nominingue.com\/fr\/#\/schema\/logo\/image\/"},"sameAs":["https:\/\/www.facebook.com\/CampNominingue\/","https:\/\/x.com\/CampNominingue","https:\/\/www.youtube.com\/user\/CampNominingue","https:\/\/www.instagram.com\/CampNominingue\/"]}]}},"_links":{"self":[{"href":"https:\/\/nominingue.com\/fr\/wp-json\/wp\/v2\/pages\/642","targetHints":{"allow":["GET"]}}],"collection":[{"href":"https:\/\/nominingue.com\/fr\/wp-json\/wp\/v2\/pages"}],"about":[{"href":"https:\/\/nominingue.com\/fr\/wp-json\/wp\/v2\/types\/page"}],"author":[{"embeddable":true,"href":"https:\/\/nominingue.com\/fr\/wp-json\/wp\/v2\/users\/2"}],"replies":[{"embeddable":true,"href":"https:\/\/nominingue.com\/fr\/wp-json\/wp\/v2\/comments?post=642"}],"version-history":[{"count":3,"href":"https:\/\/nominingue.com\/fr\/wp-json\/wp\/v2\/pages\/642\/revisions"}],"predecessor-version":[{"id":1302,"href":"https:\/\/nominingue.com\/fr\/wp-json\/wp\/v2\/pages\/642\/revisions\/1302"}],"wp:attachment":[{"href":"https:\/\/nominingue.com\/fr\/wp-json\/wp\/v2\/media?parent=642"}],"curies":[{"name":"wp","href":"https:\/\/api.w.org\/{rel}","templated":true}]}}