{"id":646,"date":"2023-05-25T13:14:16","date_gmt":"2023-05-25T17:14:16","guid":{"rendered":"https:\/\/nominingue.com\/association-des-anciens-eleves-et-reunions\/"},"modified":"2025-09-22T11:33:08","modified_gmt":"2025-09-22T15:33:08","slug":"association-des-anciens-eleves-et-reunions","status":"publish","type":"page","link":"https:\/\/nominingue.com\/fr\/association-des-anciens-eleves-et-reunions\/","title":{"rendered":"Association des anciens"},"content":{"rendered":"\n<h2 class=\"wp-block-heading\">Soir\u00e9e des Anciens<\/h2>\n\n\n\n<p>Notez la date dans votre agenda : <strong>le jeudi 23 octobre 2025 \u00e0 18 h<\/strong> au Lower Canada College \u00e0 Montr\u00e9al, o\u00f9 nous r\u00e9unirons d&rsquo;anciens membres du personnel, des campeurs et leurs familles pour un cocktail et un d\u00eener qui seront l&rsquo;occasion de se rem\u00e9morer de bons souvenirs.<\/p>\n\n\n\n<p>\ud83d\udd25 Apr\u00e8s un si\u00e8cle de feux de camp, de randonn\u00e9es en canot, de cercles de conseil et d&rsquo;amiti\u00e9s durables \ud83e\udd1d, il est temps de se r\u00e9unir et de c\u00e9l\u00e9brer tout ce que le Camp Nominingue a repr\u00e9sent\u00e9 pour nous. Que vous ayez \u00e9t\u00e9 campeur, membre du personnel, parent ou que vous ayez fait partie de la famille Nominingue d&rsquo;une mani\u00e8re ou d&rsquo;une autre, cette soir\u00e9e est pour vous !<\/p>\n\n\n\n<p>\ud83c\udf1f Au programme :<br>\u2714\ufe0f Une ambiance d\u00e9tendue et conviviale<br>\u2714\ufe0f Des retrouvailles avec des anciens participants et des membres du personnel de toutes les g\u00e9n\u00e9rations<br>\u2714\ufe0f Une occasion de partager des anecdotes et d&rsquo;honorer l&rsquo;h\u00e9ritage du Camp Nominingue<br>\ud83d\udc9a\ud83d\udc9b \u00c0 un si\u00e8cle de Camp Nominingue !<\/p>\n\n\n\n<a class=\"button-primary\" href=\"https:\/\/camp-nominingue.square.site\/product\/-100th-anniversary-reunion-\/130?cs=true&#038;cst=custom\" target=\"_blank\" rel=\"noopener\">Achetez vos billets<\/a>\n\n\n\n<h2 class=\"wp-block-heading\">L&rsquo;association<\/h2>\n\n\n\n<p>L\u2019<strong>Association des Anciens du Camp Nominingue<\/strong> a \u00e9t\u00e9 cr\u00e9e en ao\u00fbt 2008. La d\u00e9claration de mission suivante a \u00e9t\u00e9 adopt\u00e9e :<\/p>\n\n\n\n<blockquote class=\"wp-block-quote is-layout-flow wp-block-quote-is-layout-flow\">\n<p>\u00ab La Corporation a \u00e9t\u00e9 cr\u00e9\u00e9e afin de permettre aux personnes admissibles de maintenir un lien \u00e0 vie avec le Camp Nominingue, de promouvoir les valeurs sur lesquelles le camp a \u00e9t\u00e9 fond\u00e9 et de s\u2019assurer que ses membres, actuels et futurs, respectent leur engagement \u00e0 \u00eatre courtois, travailleurs, honn\u00eates et courageux. \u00bb<\/p>\n<\/blockquote>\n\n\n\n<p>Tous les anciens campeurs et membres du personnel sont invit\u00e9s \u00e0 rejoindre l\u2019Association des Anciens du Camp Nominingue.<\/p>\n\n\n\n<p>Pour entrer en contact avec d\u2019autres anciens, rejoignez le <strong>groupe Facebook des anciens du Camp Nominingue<\/strong> : <a href=\"https:\/\/www.facebook.com\/groups\/2211390806\/\">Groupe Facebook des Anciens du CN<\/a><\/p>\n\n\n\n<p><\/p>\n","protected":false},"excerpt":{"rendered":"<p>Soir\u00e9e des Anciens Notez la date dans votre agenda : le jeudi 23 octobre 2025 \u00e0 18 h au Lower Canada College \u00e0 Montr\u00e9al, o\u00f9 nous r\u00e9unirons d&rsquo;anciens membres du personnel, des campeurs et leurs familles pour un cocktail et un d\u00eener qui seront l&rsquo;occasion de se rem\u00e9morer de bons souvenirs. \ud83d\udd25 Apr\u00e8s un si\u00e8cle [&hellip;]<\/p>\n","protected":false},"author":2,"featured_media":0,"parent":0,"menu_order":0,"comment_status":"closed","ping_status":"closed","template":"","meta":{"_acf_changed":false,"footnotes":""},"class_list":["post-646","page","type-page","status-publish","hentry"],"acf":[],"yoast_head":"<!-- This site is optimized with the Yoast SEO plugin v27.3 - https:\/\/yoast.com\/product\/yoast-seo-wordpress\/ -->\n<title>Association des anciens - Nominingue Camp<\/title>\n<meta name=\"robots\" content=\"index, follow, max-snippet:-1, max-image-preview:large, max-video-preview:-1\" \/>\n<link rel=\"canonical\" href=\"https:\/\/nominingue.com\/fr\/association-des-anciens-eleves-et-reunions\/\" \/>\n<meta property=\"og:locale\" content=\"fr_FR\" \/>\n<meta property=\"og:type\" content=\"article\" \/>\n<meta property=\"og:title\" content=\"Association des anciens - Nominingue Camp\" \/>\n<meta property=\"og:description\" content=\"Soir\u00e9e des Anciens Notez la date dans votre agenda : le jeudi 23 octobre 2025 \u00e0 18 h au Lower Canada College \u00e0 Montr\u00e9al, o\u00f9 nous r\u00e9unirons d&rsquo;anciens membres du personnel, des campeurs et leurs familles pour un cocktail et un d\u00eener qui seront l&rsquo;occasion de se rem\u00e9morer de bons souvenirs. \ud83d\udd25 Apr\u00e8s un si\u00e8cle [&hellip;]\" \/>\n<meta property=\"og:url\" content=\"https:\/\/nominingue.com\/fr\/association-des-anciens-eleves-et-reunions\/\" \/>\n<meta property=\"og:site_name\" content=\"Nominingue Camp\" \/>\n<meta property=\"article:publisher\" content=\"https:\/\/www.facebook.com\/CampNominingue\/\" \/>\n<meta property=\"article:modified_time\" content=\"2025-09-22T15:33:08+00:00\" \/>\n<meta property=\"og:image\" content=\"https:\/\/nominingue.com\/wp-content\/uploads\/2025\/01\/CampNominingueTransparentGrey_Red-e1736697536987.png\" \/>\n\t<meta property=\"og:image:width\" content=\"2230\" \/>\n\t<meta property=\"og:image:height\" content=\"1290\" \/>\n\t<meta property=\"og:image:type\" content=\"image\/png\" \/>\n<meta name=\"twitter:card\" content=\"summary_large_image\" \/>\n<meta name=\"twitter:site\" content=\"@CampNominingue\" \/>\n<meta name=\"twitter:label1\" content=\"Dur\u00e9e de lecture estim\u00e9e\" \/>\n\t<meta name=\"twitter:data1\" content=\"1 minute\" \/>\n<script type=\"application\/ld+json\" class=\"yoast-schema-graph\">{\"@context\":\"https:\\\/\\\/schema.org\",\"@graph\":[{\"@type\":\"WebPage\",\"@id\":\"https:\\\/\\\/nominingue.com\\\/fr\\\/association-des-anciens-eleves-et-reunions\\\/\",\"url\":\"https:\\\/\\\/nominingue.com\\\/fr\\\/association-des-anciens-eleves-et-reunions\\\/\",\"name\":\"Association des anciens - Nominingue Camp\",\"isPartOf\":{\"@id\":\"https:\\\/\\\/nominingue.com\\\/fr\\\/#website\"},\"datePublished\":\"2023-05-25T17:14:16+00:00\",\"dateModified\":\"2025-09-22T15:33:08+00:00\",\"breadcrumb\":{\"@id\":\"https:\\\/\\\/nominingue.com\\\/fr\\\/association-des-anciens-eleves-et-reunions\\\/#breadcrumb\"},\"inLanguage\":\"fr-FR\",\"potentialAction\":[{\"@type\":\"ReadAction\",\"target\":[\"https:\\\/\\\/nominingue.com\\\/fr\\\/association-des-anciens-eleves-et-reunions\\\/\"]}]},{\"@type\":\"BreadcrumbList\",\"@id\":\"https:\\\/\\\/nominingue.com\\\/fr\\\/association-des-anciens-eleves-et-reunions\\\/#breadcrumb\",\"itemListElement\":[{\"@type\":\"ListItem\",\"position\":1,\"name\":\"Home\",\"item\":\"https:\\\/\\\/nominingue.com\\\/fr\\\/\"},{\"@type\":\"ListItem\",\"position\":2,\"name\":\"Association des anciens\"}]},{\"@type\":\"WebSite\",\"@id\":\"https:\\\/\\\/nominingue.com\\\/fr\\\/#website\",\"url\":\"https:\\\/\\\/nominingue.com\\\/fr\\\/\",\"name\":\"Nominingue Camp\",\"description\":\"Where your summer adventure begins...\",\"publisher\":{\"@id\":\"https:\\\/\\\/nominingue.com\\\/fr\\\/#organization\"},\"potentialAction\":[{\"@type\":\"SearchAction\",\"target\":{\"@type\":\"EntryPoint\",\"urlTemplate\":\"https:\\\/\\\/nominingue.com\\\/fr\\\/?s={search_term_string}\"},\"query-input\":{\"@type\":\"PropertyValueSpecification\",\"valueRequired\":true,\"valueName\":\"search_term_string\"}}],\"inLanguage\":\"fr-FR\"},{\"@type\":\"Organization\",\"@id\":\"https:\\\/\\\/nominingue.com\\\/fr\\\/#organization\",\"name\":\"Nominingue Camp\",\"url\":\"https:\\\/\\\/nominingue.com\\\/fr\\\/\",\"logo\":{\"@type\":\"ImageObject\",\"inLanguage\":\"fr-FR\",\"@id\":\"https:\\\/\\\/nominingue.com\\\/fr\\\/#\\\/schema\\\/logo\\\/image\\\/\",\"url\":\"https:\\\/\\\/nominingue.com\\\/wp-content\\\/uploads\\\/2025\\\/01\\\/CampNominingueTransparentGrey_Red-e1736697536987.png\",\"contentUrl\":\"https:\\\/\\\/nominingue.com\\\/wp-content\\\/uploads\\\/2025\\\/01\\\/CampNominingueTransparentGrey_Red-e1736697536987.png\",\"width\":2230,\"height\":1290,\"caption\":\"Nominingue Camp\"},\"image\":{\"@id\":\"https:\\\/\\\/nominingue.com\\\/fr\\\/#\\\/schema\\\/logo\\\/image\\\/\"},\"sameAs\":[\"https:\\\/\\\/www.facebook.com\\\/CampNominingue\\\/\",\"https:\\\/\\\/x.com\\\/CampNominingue\",\"https:\\\/\\\/www.youtube.com\\\/user\\\/CampNominingue\",\"https:\\\/\\\/www.instagram.com\\\/CampNominingue\\\/\"]}]}<\/script>\n<!-- \/ Yoast SEO plugin. -->","yoast_head_json":{"title":"Association des anciens - Nominingue Camp","robots":{"index":"index","follow":"follow","max-snippet":"max-snippet:-1","max-image-preview":"max-image-preview:large","max-video-preview":"max-video-preview:-1"},"canonical":"https:\/\/nominingue.com\/fr\/association-des-anciens-eleves-et-reunions\/","og_locale":"fr_FR","og_type":"article","og_title":"Association des anciens - Nominingue Camp","og_description":"Soir\u00e9e des Anciens Notez la date dans votre agenda : le jeudi 23 octobre 2025 \u00e0 18 h au Lower Canada College \u00e0 Montr\u00e9al, o\u00f9 nous r\u00e9unirons d&rsquo;anciens membres du personnel, des campeurs et leurs familles pour un cocktail et un d\u00eener qui seront l&rsquo;occasion de se rem\u00e9morer de bons souvenirs. \ud83d\udd25 Apr\u00e8s un si\u00e8cle [&hellip;]","og_url":"https:\/\/nominingue.com\/fr\/association-des-anciens-eleves-et-reunions\/","og_site_name":"Nominingue Camp","article_publisher":"https:\/\/www.facebook.com\/CampNominingue\/","article_modified_time":"2025-09-22T15:33:08+00:00","og_image":[{"width":2230,"height":1290,"url":"https:\/\/nominingue.com\/wp-content\/uploads\/2025\/01\/CampNominingueTransparentGrey_Red-e1736697536987.png","type":"image\/png"}],"twitter_card":"summary_large_image","twitter_site":"@CampNominingue","twitter_misc":{"Dur\u00e9e de lecture estim\u00e9e":"1 minute"},"schema":{"@context":"https:\/\/schema.org","@graph":[{"@type":"WebPage","@id":"https:\/\/nominingue.com\/fr\/association-des-anciens-eleves-et-reunions\/","url":"https:\/\/nominingue.com\/fr\/association-des-anciens-eleves-et-reunions\/","name":"Association des anciens - Nominingue Camp","isPartOf":{"@id":"https:\/\/nominingue.com\/fr\/#website"},"datePublished":"2023-05-25T17:14:16+00:00","dateModified":"2025-09-22T15:33:08+00:00","breadcrumb":{"@id":"https:\/\/nominingue.com\/fr\/association-des-anciens-eleves-et-reunions\/#breadcrumb"},"inLanguage":"fr-FR","potentialAction":[{"@type":"ReadAction","target":["https:\/\/nominingue.com\/fr\/association-des-anciens-eleves-et-reunions\/"]}]},{"@type":"BreadcrumbList","@id":"https:\/\/nominingue.com\/fr\/association-des-anciens-eleves-et-reunions\/#breadcrumb","itemListElement":[{"@type":"ListItem","position":1,"name":"Home","item":"https:\/\/nominingue.com\/fr\/"},{"@type":"ListItem","position":2,"name":"Association des anciens"}]},{"@type":"WebSite","@id":"https:\/\/nominingue.com\/fr\/#website","url":"https:\/\/nominingue.com\/fr\/","name":"Nominingue Camp","description":"Where your summer adventure begins...","publisher":{"@id":"https:\/\/nominingue.com\/fr\/#organization"},"potentialAction":[{"@type":"SearchAction","target":{"@type":"EntryPoint","urlTemplate":"https:\/\/nominingue.com\/fr\/?s={search_term_string}"},"query-input":{"@type":"PropertyValueSpecification","valueRequired":true,"valueName":"search_term_string"}}],"inLanguage":"fr-FR"},{"@type":"Organization","@id":"https:\/\/nominingue.com\/fr\/#organization","name":"Nominingue Camp","url":"https:\/\/nominingue.com\/fr\/","logo":{"@type":"ImageObject","inLanguage":"fr-FR","@id":"https:\/\/nominingue.com\/fr\/#\/schema\/logo\/image\/","url":"https:\/\/nominingue.com\/wp-content\/uploads\/2025\/01\/CampNominingueTransparentGrey_Red-e1736697536987.png","contentUrl":"https:\/\/nominingue.com\/wp-content\/uploads\/2025\/01\/CampNominingueTransparentGrey_Red-e1736697536987.png","width":2230,"height":1290,"caption":"Nominingue Camp"},"image":{"@id":"https:\/\/nominingue.com\/fr\/#\/schema\/logo\/image\/"},"sameAs":["https:\/\/www.facebook.com\/CampNominingue\/","https:\/\/x.com\/CampNominingue","https:\/\/www.youtube.com\/user\/CampNominingue","https:\/\/www.instagram.com\/CampNominingue\/"]}]}},"_links":{"self":[{"href":"https:\/\/nominingue.com\/fr\/wp-json\/wp\/v2\/pages\/646","targetHints":{"allow":["GET"]}}],"collection":[{"href":"https:\/\/nominingue.com\/fr\/wp-json\/wp\/v2\/pages"}],"about":[{"href":"https:\/\/nominingue.com\/fr\/wp-json\/wp\/v2\/types\/page"}],"author":[{"embeddable":true,"href":"https:\/\/nominingue.com\/fr\/wp-json\/wp\/v2\/users\/2"}],"replies":[{"embeddable":true,"href":"https:\/\/nominingue.com\/fr\/wp-json\/wp\/v2\/comments?post=646"}],"version-history":[{"count":28,"href":"https:\/\/nominingue.com\/fr\/wp-json\/wp\/v2\/pages\/646\/revisions"}],"predecessor-version":[{"id":1695,"href":"https:\/\/nominingue.com\/fr\/wp-json\/wp\/v2\/pages\/646\/revisions\/1695"}],"wp:attachment":[{"href":"https:\/\/nominingue.com\/fr\/wp-json\/wp\/v2\/media?parent=646"}],"curies":[{"name":"wp","href":"https:\/\/api.w.org\/{rel}","templated":true}]}}