{"id":648,"date":"2023-05-25T13:21:05","date_gmt":"2023-05-25T17:21:05","guid":{"rendered":"https:\/\/nominingue.com\/piliers-de-nominingue\/"},"modified":"2024-09-30T08:08:10","modified_gmt":"2024-09-30T12:08:10","slug":"piliers-de-nominingue","status":"publish","type":"page","link":"https:\/\/nominingue.com\/fr\/piliers-de-nominingue\/","title":{"rendered":"Piliers de Nominingue"},"content":{"rendered":"\n<p>Le prix des Piliers de Nominingue a \u00e9t\u00e9 cr\u00e9\u00e9 en 2008 par l&rsquo;Association des anciens du Camp Nominingue afin de r\u00e9compenser les personnes qui ont contribu\u00e9 de mani\u00e8re significative au d\u00e9veloppement du Camp Nominingue.<\/p>\n\n\n\n<p>Les personnes suivantes ont re\u00e7u cette reconnaissance de la part de la CNAA :<\/p>\n\n\n\n<h3 class=\"wp-block-heading\">2024<\/h3>\n\n\n\n<ul class=\"image-list\">\n   <li>\n      <img decoding=\"async\" src=\"https:\/\/nominingue.com\/wp-content\/uploads\/2024\/09\/Elisa-Van-Wagner-70.jpg\" alt=\"Elisa Van Wagner\">\n      <p>Elisa Van Wagner<\/p>\n   <\/li>\n<\/ul>\n\n\n\n<h3 class=\"wp-block-heading\">2015<\/h3>\n\n\n\n<ul class=\"image-list\">\n   <li>\n      <img decoding=\"async\" src=\"https:\/\/nominingue.com\/wp-content\/uploads\/2023\/06\/BobWilkinson-70.jpg\" alt=\"Bob Wilkinson\"\/>\n      <p>Bob Wilkinson<\/p>\n   <\/li>\n<\/ul>\n\n\n\n<h3 class=\"wp-block-heading\">2014<\/h3>\n\n\n\n<ul class=\"image-list\">\n   <li>\n      <img decoding=\"async\" src=\"https:\/\/nominingue.com\/wp-content\/uploads\/2023\/06\/DavidMeisels-70.jpg\" alt=\"David Meisels\"\/>\n      <p>David Meisels<\/p>\n   <\/li>\n<\/ul>\n\n\n\n<h3 class=\"wp-block-heading\">2011<\/h3>\n\n\n\n<ul class=\"image-list\">\n   <li>\n      <img decoding=\"async\" src=\"https:\/\/nominingue.com\/wp-content\/uploads\/2023\/06\/MunroBourne-70.jpg\" alt=\"Munro Bourne\"\/>\n      <p>Munro Bourne<\/p>\n   <\/li>\n   <li>\n      <img decoding=\"async\" src=\"https:\/\/nominingue.com\/wp-content\/uploads\/2023\/06\/RomeoDesroches-70.jpg\" alt=\"Rom\u00e9o Desroches\"\/>\n      <p>Rom\u00e9o Desroches<\/p>\n   <\/li>\n   <li>\n      <img decoding=\"async\" src=\"https:\/\/nominingue.com\/wp-content\/uploads\/2023\/06\/MavinWexler-70.jpg\" alt=\"Marvin Wexler\"\/>\n      <p>Marvin Wexler<\/p>\n   <\/li>\n   <li>\n      <img decoding=\"async\" src=\"https:\/\/nominingue.com\/wp-content\/uploads\/2023\/06\/GordAllan-70.jpg\" alt=\"Gordon Allan\"\/>\n      <p>Gordon Allan<\/p>\n   <\/li>\n<\/ul>\n\n\n\n<h3 class=\"wp-block-heading\">2010<\/h3>\n\n\n\n<ul class=\"image-list\">\n   <li>\n      <img decoding=\"async\" src=\"https:\/\/nominingue.com\/wp-content\/uploads\/2023\/06\/LucienDesroches-70.jpg\" alt=\"Lucien Desroches\"\/>\n      <p>Lucien Desroches<\/p>\n   <\/li>\n   <li>\n      <img decoding=\"async\" src=\"https:\/\/nominingue.com\/wp-content\/uploads\/2023\/06\/AndreJuneau-70.jpg\" alt=\"Andr\u00e9 Juneau\"\/>\n      <p>Andr\u00e9 Juneau<\/p>\n   <\/li>\n   <li>\n      <img decoding=\"async\" src=\"https:\/\/nominingue.com\/wp-content\/uploads\/2023\/06\/GeoffMerrill-70.jpg\" alt=\"Geoff Merrill\"\/>\n      <p>Geoff Merrill<\/p>\n   <\/li>\n   <li>\n      <img decoding=\"async\" src=\"https:\/\/nominingue.com\/wp-content\/uploads\/2023\/06\/VicBadian-70.jpg\" alt=\"Vic Badian\"\/>\n      <p>Vic Badian<\/p>\n   <\/li>\n<\/ul>\n\n\n\n<h3 class=\"wp-block-heading\">2009<\/h3>\n\n\n\n<ul class=\"image-list\">\n   <li>\n      <img decoding=\"async\" src=\"https:\/\/nominingue.com\/wp-content\/uploads\/2023\/06\/GordonPollock-70.jpg\" alt=\"Gordon Pollock\"\/>\n      <p>Gordon Pollock<\/p>\n   <\/li>\n   <li>\n      <img decoding=\"async\" src=\"https:\/\/nominingue.com\/wp-content\/uploads\/2023\/06\/DaveWood-70.jpg\" alt=\"Dave Wood\"\/>\n      <p>Dave Wood<\/p>\n   <\/li>\n   <li>\n      <img decoding=\"async\" src=\"https:\/\/nominingue.com\/wp-content\/uploads\/2023\/06\/GrantMcKenna-70.jpg\" alt=\"Grant McKenna\"\/>\n      <p>Grant McKenna<\/p>\n   <\/li>\n   <li>\n      <img decoding=\"async\" src=\"https:\/\/nominingue.com\/wp-content\/uploads\/2023\/06\/CN.jpg\" alt=\"Walter Mingie\"\/>\n      <p>Walter Mingie<\/p>\n   <\/li>\n   <li>\n      <img decoding=\"async\" src=\"https:\/\/nominingue.com\/wp-content\/uploads\/2023\/06\/CN.jpg\" alt=\"Wib McCurdy\"\/>\n      <p>Wib McCurdy<\/p>\n   <\/li>\n   <li>\n      <img decoding=\"async\" src=\"https:\/\/nominingue.com\/wp-content\/uploads\/2023\/06\/CN.jpg\" alt=\"J.R. Warren\"\/>\n      <p>J.R. Warren<\/p>\n   <\/li>\n   <li>\n      <img decoding=\"async\" src=\"https:\/\/nominingue.com\/wp-content\/uploads\/2023\/06\/CN.jpg\" alt=\"Tony Proudfoot\"\/>\n      <p>Tony Proudfoot<\/p>\n   <\/li>\n   <li>\n      <img decoding=\"async\" src=\"https:\/\/nominingue.com\/wp-content\/uploads\/2023\/06\/CN.jpg\" alt=\"Doug Riley\"\/>\n      <p>Doug Riley<\/p>\n   <\/li>\n<\/ul>\n\n\n\n<h3 class=\"wp-block-heading\">2008<\/h3>\n\n\n\n<ul class=\"image-list\">\n   <li>\n      <img decoding=\"async\" src=\"https:\/\/nominingue.com\/wp-content\/uploads\/2023\/06\/TrevorSmith-70.jpg\" alt=\"Trevor Smith\"\/>\n      <p>Trevor Smith<\/p>\n   <\/li>\n<\/ul>\n","protected":false},"excerpt":{"rendered":"<p>Le prix des Piliers de Nominingue a \u00e9t\u00e9 cr\u00e9\u00e9 en 2008 par l&rsquo;Association des anciens du Camp Nominingue afin de r\u00e9compenser les personnes qui ont contribu\u00e9 de mani\u00e8re significative au d\u00e9veloppement du Camp Nominingue. Les personnes suivantes ont re\u00e7u cette reconnaissance de la part de la CNAA : 2024 Elisa Van Wagner 2015 Bob Wilkinson [&hellip;]<\/p>\n","protected":false},"author":2,"featured_media":0,"parent":0,"menu_order":0,"comment_status":"closed","ping_status":"closed","template":"","meta":{"_acf_changed":false,"footnotes":""},"class_list":["post-648","page","type-page","status-publish","hentry"],"acf":[],"yoast_head":"<!-- This site is optimized with the Yoast SEO plugin v27.3 - https:\/\/yoast.com\/product\/yoast-seo-wordpress\/ -->\n<title>Piliers de Nominingue - Nominingue Camp<\/title>\n<meta name=\"robots\" content=\"index, follow, max-snippet:-1, max-image-preview:large, max-video-preview:-1\" \/>\n<link rel=\"canonical\" href=\"https:\/\/nominingue.com\/fr\/piliers-de-nominingue\/\" \/>\n<meta property=\"og:locale\" content=\"fr_FR\" \/>\n<meta property=\"og:type\" content=\"article\" \/>\n<meta property=\"og:title\" content=\"Piliers de Nominingue - Nominingue Camp\" \/>\n<meta property=\"og:description\" content=\"Le prix des Piliers de Nominingue a \u00e9t\u00e9 cr\u00e9\u00e9 en 2008 par l&rsquo;Association des anciens du Camp Nominingue afin de r\u00e9compenser les personnes qui ont contribu\u00e9 de mani\u00e8re significative au d\u00e9veloppement du Camp Nominingue. Les personnes suivantes ont re\u00e7u cette reconnaissance de la part de la CNAA : 2024 Elisa Van Wagner 2015 Bob Wilkinson [&hellip;]\" \/>\n<meta property=\"og:url\" content=\"https:\/\/nominingue.com\/fr\/piliers-de-nominingue\/\" \/>\n<meta property=\"og:site_name\" content=\"Nominingue Camp\" \/>\n<meta property=\"article:publisher\" content=\"https:\/\/www.facebook.com\/CampNominingue\/\" \/>\n<meta property=\"article:modified_time\" content=\"2024-09-30T12:08:10+00:00\" \/>\n<meta property=\"og:image\" content=\"https:\/\/nominingue.com\/wp-content\/uploads\/2023\/06\/BobWilkinson-70.jpg\" \/>\n<meta name=\"twitter:card\" content=\"summary_large_image\" \/>\n<meta name=\"twitter:site\" content=\"@CampNominingue\" \/>\n<script type=\"application\/ld+json\" class=\"yoast-schema-graph\">{\"@context\":\"https:\\\/\\\/schema.org\",\"@graph\":[{\"@type\":\"WebPage\",\"@id\":\"https:\\\/\\\/nominingue.com\\\/fr\\\/piliers-de-nominingue\\\/\",\"url\":\"https:\\\/\\\/nominingue.com\\\/fr\\\/piliers-de-nominingue\\\/\",\"name\":\"Piliers de Nominingue - Nominingue Camp\",\"isPartOf\":{\"@id\":\"https:\\\/\\\/nominingue.com\\\/fr\\\/#website\"},\"primaryImageOfPage\":{\"@id\":\"https:\\\/\\\/nominingue.com\\\/fr\\\/piliers-de-nominingue\\\/#primaryimage\"},\"image\":{\"@id\":\"https:\\\/\\\/nominingue.com\\\/fr\\\/piliers-de-nominingue\\\/#primaryimage\"},\"thumbnailUrl\":\"https:\\\/\\\/nominingue.com\\\/wp-content\\\/uploads\\\/2024\\\/09\\\/Elisa-Van-Wagner-70.jpg\",\"datePublished\":\"2023-05-25T17:21:05+00:00\",\"dateModified\":\"2024-09-30T12:08:10+00:00\",\"breadcrumb\":{\"@id\":\"https:\\\/\\\/nominingue.com\\\/fr\\\/piliers-de-nominingue\\\/#breadcrumb\"},\"inLanguage\":\"fr-FR\",\"potentialAction\":[{\"@type\":\"ReadAction\",\"target\":[\"https:\\\/\\\/nominingue.com\\\/fr\\\/piliers-de-nominingue\\\/\"]}]},{\"@type\":\"ImageObject\",\"inLanguage\":\"fr-FR\",\"@id\":\"https:\\\/\\\/nominingue.com\\\/fr\\\/piliers-de-nominingue\\\/#primaryimage\",\"url\":\"https:\\\/\\\/nominingue.com\\\/wp-content\\\/uploads\\\/2024\\\/09\\\/Elisa-Van-Wagner-70.jpg\",\"contentUrl\":\"https:\\\/\\\/nominingue.com\\\/wp-content\\\/uploads\\\/2024\\\/09\\\/Elisa-Van-Wagner-70.jpg\"},{\"@type\":\"BreadcrumbList\",\"@id\":\"https:\\\/\\\/nominingue.com\\\/fr\\\/piliers-de-nominingue\\\/#breadcrumb\",\"itemListElement\":[{\"@type\":\"ListItem\",\"position\":1,\"name\":\"Home\",\"item\":\"https:\\\/\\\/nominingue.com\\\/fr\\\/\"},{\"@type\":\"ListItem\",\"position\":2,\"name\":\"Piliers de Nominingue\"}]},{\"@type\":\"WebSite\",\"@id\":\"https:\\\/\\\/nominingue.com\\\/fr\\\/#website\",\"url\":\"https:\\\/\\\/nominingue.com\\\/fr\\\/\",\"name\":\"Nominingue Camp\",\"description\":\"Where your summer adventure begins...\",\"publisher\":{\"@id\":\"https:\\\/\\\/nominingue.com\\\/fr\\\/#organization\"},\"potentialAction\":[{\"@type\":\"SearchAction\",\"target\":{\"@type\":\"EntryPoint\",\"urlTemplate\":\"https:\\\/\\\/nominingue.com\\\/fr\\\/?s={search_term_string}\"},\"query-input\":{\"@type\":\"PropertyValueSpecification\",\"valueRequired\":true,\"valueName\":\"search_term_string\"}}],\"inLanguage\":\"fr-FR\"},{\"@type\":\"Organization\",\"@id\":\"https:\\\/\\\/nominingue.com\\\/fr\\\/#organization\",\"name\":\"Nominingue Camp\",\"url\":\"https:\\\/\\\/nominingue.com\\\/fr\\\/\",\"logo\":{\"@type\":\"ImageObject\",\"inLanguage\":\"fr-FR\",\"@id\":\"https:\\\/\\\/nominingue.com\\\/fr\\\/#\\\/schema\\\/logo\\\/image\\\/\",\"url\":\"https:\\\/\\\/nominingue.com\\\/wp-content\\\/uploads\\\/2025\\\/01\\\/CampNominingueTransparentGrey_Red-e1736697536987.png\",\"contentUrl\":\"https:\\\/\\\/nominingue.com\\\/wp-content\\\/uploads\\\/2025\\\/01\\\/CampNominingueTransparentGrey_Red-e1736697536987.png\",\"width\":2230,\"height\":1290,\"caption\":\"Nominingue Camp\"},\"image\":{\"@id\":\"https:\\\/\\\/nominingue.com\\\/fr\\\/#\\\/schema\\\/logo\\\/image\\\/\"},\"sameAs\":[\"https:\\\/\\\/www.facebook.com\\\/CampNominingue\\\/\",\"https:\\\/\\\/x.com\\\/CampNominingue\",\"https:\\\/\\\/www.youtube.com\\\/user\\\/CampNominingue\",\"https:\\\/\\\/www.instagram.com\\\/CampNominingue\\\/\"]}]}<\/script>\n<!-- \/ Yoast SEO plugin. -->","yoast_head_json":{"title":"Piliers de Nominingue - Nominingue Camp","robots":{"index":"index","follow":"follow","max-snippet":"max-snippet:-1","max-image-preview":"max-image-preview:large","max-video-preview":"max-video-preview:-1"},"canonical":"https:\/\/nominingue.com\/fr\/piliers-de-nominingue\/","og_locale":"fr_FR","og_type":"article","og_title":"Piliers de Nominingue - Nominingue Camp","og_description":"Le prix des Piliers de Nominingue a \u00e9t\u00e9 cr\u00e9\u00e9 en 2008 par l&rsquo;Association des anciens du Camp Nominingue afin de r\u00e9compenser les personnes qui ont contribu\u00e9 de mani\u00e8re significative au d\u00e9veloppement du Camp Nominingue. Les personnes suivantes ont re\u00e7u cette reconnaissance de la part de la CNAA : 2024 Elisa Van Wagner 2015 Bob Wilkinson [&hellip;]","og_url":"https:\/\/nominingue.com\/fr\/piliers-de-nominingue\/","og_site_name":"Nominingue Camp","article_publisher":"https:\/\/www.facebook.com\/CampNominingue\/","article_modified_time":"2024-09-30T12:08:10+00:00","og_image":[{"url":"https:\/\/nominingue.com\/wp-content\/uploads\/2023\/06\/BobWilkinson-70.jpg","type":"","width":"","height":""}],"twitter_card":"summary_large_image","twitter_site":"@CampNominingue","schema":{"@context":"https:\/\/schema.org","@graph":[{"@type":"WebPage","@id":"https:\/\/nominingue.com\/fr\/piliers-de-nominingue\/","url":"https:\/\/nominingue.com\/fr\/piliers-de-nominingue\/","name":"Piliers de Nominingue - Nominingue Camp","isPartOf":{"@id":"https:\/\/nominingue.com\/fr\/#website"},"primaryImageOfPage":{"@id":"https:\/\/nominingue.com\/fr\/piliers-de-nominingue\/#primaryimage"},"image":{"@id":"https:\/\/nominingue.com\/fr\/piliers-de-nominingue\/#primaryimage"},"thumbnailUrl":"https:\/\/nominingue.com\/wp-content\/uploads\/2024\/09\/Elisa-Van-Wagner-70.jpg","datePublished":"2023-05-25T17:21:05+00:00","dateModified":"2024-09-30T12:08:10+00:00","breadcrumb":{"@id":"https:\/\/nominingue.com\/fr\/piliers-de-nominingue\/#breadcrumb"},"inLanguage":"fr-FR","potentialAction":[{"@type":"ReadAction","target":["https:\/\/nominingue.com\/fr\/piliers-de-nominingue\/"]}]},{"@type":"ImageObject","inLanguage":"fr-FR","@id":"https:\/\/nominingue.com\/fr\/piliers-de-nominingue\/#primaryimage","url":"https:\/\/nominingue.com\/wp-content\/uploads\/2024\/09\/Elisa-Van-Wagner-70.jpg","contentUrl":"https:\/\/nominingue.com\/wp-content\/uploads\/2024\/09\/Elisa-Van-Wagner-70.jpg"},{"@type":"BreadcrumbList","@id":"https:\/\/nominingue.com\/fr\/piliers-de-nominingue\/#breadcrumb","itemListElement":[{"@type":"ListItem","position":1,"name":"Home","item":"https:\/\/nominingue.com\/fr\/"},{"@type":"ListItem","position":2,"name":"Piliers de Nominingue"}]},{"@type":"WebSite","@id":"https:\/\/nominingue.com\/fr\/#website","url":"https:\/\/nominingue.com\/fr\/","name":"Nominingue Camp","description":"Where your summer adventure begins...","publisher":{"@id":"https:\/\/nominingue.com\/fr\/#organization"},"potentialAction":[{"@type":"SearchAction","target":{"@type":"EntryPoint","urlTemplate":"https:\/\/nominingue.com\/fr\/?s={search_term_string}"},"query-input":{"@type":"PropertyValueSpecification","valueRequired":true,"valueName":"search_term_string"}}],"inLanguage":"fr-FR"},{"@type":"Organization","@id":"https:\/\/nominingue.com\/fr\/#organization","name":"Nominingue Camp","url":"https:\/\/nominingue.com\/fr\/","logo":{"@type":"ImageObject","inLanguage":"fr-FR","@id":"https:\/\/nominingue.com\/fr\/#\/schema\/logo\/image\/","url":"https:\/\/nominingue.com\/wp-content\/uploads\/2025\/01\/CampNominingueTransparentGrey_Red-e1736697536987.png","contentUrl":"https:\/\/nominingue.com\/wp-content\/uploads\/2025\/01\/CampNominingueTransparentGrey_Red-e1736697536987.png","width":2230,"height":1290,"caption":"Nominingue Camp"},"image":{"@id":"https:\/\/nominingue.com\/fr\/#\/schema\/logo\/image\/"},"sameAs":["https:\/\/www.facebook.com\/CampNominingue\/","https:\/\/x.com\/CampNominingue","https:\/\/www.youtube.com\/user\/CampNominingue","https:\/\/www.instagram.com\/CampNominingue\/"]}]}},"_links":{"self":[{"href":"https:\/\/nominingue.com\/fr\/wp-json\/wp\/v2\/pages\/648","targetHints":{"allow":["GET"]}}],"collection":[{"href":"https:\/\/nominingue.com\/fr\/wp-json\/wp\/v2\/pages"}],"about":[{"href":"https:\/\/nominingue.com\/fr\/wp-json\/wp\/v2\/types\/page"}],"author":[{"embeddable":true,"href":"https:\/\/nominingue.com\/fr\/wp-json\/wp\/v2\/users\/2"}],"replies":[{"embeddable":true,"href":"https:\/\/nominingue.com\/fr\/wp-json\/wp\/v2\/comments?post=648"}],"version-history":[{"count":7,"href":"https:\/\/nominingue.com\/fr\/wp-json\/wp\/v2\/pages\/648\/revisions"}],"predecessor-version":[{"id":989,"href":"https:\/\/nominingue.com\/fr\/wp-json\/wp\/v2\/pages\/648\/revisions\/989"}],"wp:attachment":[{"href":"https:\/\/nominingue.com\/fr\/wp-json\/wp\/v2\/media?parent=648"}],"curies":[{"name":"wp","href":"https:\/\/api.w.org\/{rel}","templated":true}]}}