{"id":675,"date":"2023-05-25T12:59:30","date_gmt":"2023-05-25T16:59:30","guid":{"rendered":"https:\/\/nominingue.com\/temoignages\/"},"modified":"2024-09-28T12:10:19","modified_gmt":"2024-09-28T16:10:19","slug":"temoignages","status":"publish","type":"page","link":"https:\/\/nominingue.com\/fr\/temoignages\/","title":{"rendered":"T\u00e9moignages"},"content":{"rendered":"\n<div class=\"card-full-width-no-image testimonials\">\n\t\t\t\t<p>La premi\u00e8re chose qu&rsquo;il nous a dite, apr\u00e8s une \u00e9norme accolade, c&rsquo;est que le camp Nominingue \u00e9tait comme un r\u00eave et que c&rsquo;\u00e9tait la meilleure chose qui lui soit arriv\u00e9e. Avec beaucoup de sagesse, il a affirm\u00e9 qu&rsquo;il avait beaucoup appris sur lui-m\u00eame et qu&rsquo;il avait affront\u00e9 certaines de ses peurs avec beaucoup de fiert\u00e9. Il s&rsquo;est \u00e9galement fait de tr\u00e8s bons amis. Plus que tout, il aimait son voyage en cano\u00eb. Notre gar\u00e7on est \u00e0 jamais un campeur et se voit d\u00e9j\u00e0 comme un futur membre du personnel de Nominingue. <br\/><\/p>\n\t\t\t\t<span>Edith S., Montr\u00e9al, QC<\/span>\n\t\t\t<\/div>\n\n\t\t\t<div class=\"card-full-width-no-image testimonials\">\n\t\t\t\t<p>Les gar\u00e7ons ont v\u00e9cu une exp\u00e9rience incroyable au camp cet \u00e9t\u00e9. Pendant des semaines, ils m&rsquo;ont r\u00e9gal\u00e9 d&rsquo;histoires et d&rsquo;encouragements, et nous avons regard\u00e9 les photos du camp pendant des heures. Je voulais qu&rsquo;ils vivent la quintessence de l&rsquo;exp\u00e9rience d&rsquo;un camp, comme je l&rsquo;ai fait quand j&rsquo;\u00e9tais jeune, et vous avez d\u00e9pass\u00e9 toutes les attentes. <br\/><\/p>\n\t\t\t\t<span>Suzanne R., Cantley, QC<\/span>\n\t\t\t<\/div>\n\n\t\t\t<div class=\"card-full-width-no-image testimonials\">\n\t\t\t\t<p>Notre fils a pass\u00e9 un moment fabuleux avec vous et a h\u00e2te de revenir ! Nous avons d\u00fb psalmodier le b\u00e9n\u00e9dicit\u00e9 avant les repas et nous nous relayons pour faire la plonge &#8211; et il insiste pour que nous fassions tous un plongeon matinal dans la rivi\u00e8re en Irlande la semaine prochaine&#8230; Une exp\u00e9rience merveilleuse dans l&rsquo;ensemble et il est compl\u00e8tement \u00e9pris des \u00e9tendues sauvages du Canada et de tous ses habitants charmants. <br\/><\/p>\n\t\t\t\t<span>Anne-Marie M., Londres, Royaume-Uni<\/span>\n\t\t\t<\/div>\n\n\t\t\t<div class=\"card-full-width-no-image testimonials\">\n\t\t\t\t<p>Deux jours apr\u00e8s son retour \u00e0 la maison, il est toujours en pleine forme, chantant des chansons du camp et r\u00e9p\u00e9tant des histoires encore et encore. Deux jours apr\u00e8s son retour \u00e0 la maison, il est toujours en pleine forme, chantant des chansons du camp et r\u00e9p\u00e9tant des histoires encore et encore. De nos jours, il est plus difficile d&rsquo;\u00eatre un gar\u00e7on car les valeurs masculines sont toujours critiqu\u00e9es. C&rsquo;est pourquoi un camp comme Nominingue a beaucoup de sens pour les enfants. <br\/><\/p>\n\t\t\t\t<span>Fr\u00e9d\u00e9ric I. and Isabelle M., La Prairie, QC<\/span>\n\t\t\t<\/div>\n\n\t\t\t<div class=\"card-full-width-no-image testimonials\">\n\t\t\t\t<p>Je tenais \u00e0 vous redire \u00e0 quel point j&rsquo;ai \u00e9t\u00e9 impressionn\u00e9 par votre personnel et par la \u00ab\u00a0magie Nominingue\u00a0\u00bb. Chaque membre du personnel \u00e9tait poli, respectueux, souriant, enthousiaste, int\u00e9ressant, confiant, humble, serviable et calme. Il est facile de comprendre pourquoi un gar\u00e7on voudrait s&rsquo;entourer de leaders aussi chaleureux et motivants. Il s&rsquo;agit d&rsquo;un groupe de jeunes hommes qui ont une influence tr\u00e8s positive sur le d\u00e9veloppement de notre fils. <br\/><\/p>\n\t\t\t\t<span>Nicole V., Beaconsfield, QC<\/span>\n\t\t\t<\/div>\n\n\t\t\t<div class=\"card-full-width-no-image testimonials\">\n\t\t\t\t<p>\n \u00ab\u00a0Il a saut\u00e9 du bus dimanche, tout sourire, bronz\u00e9 et en pleine forme. Apr\u00e8s notre grande \u00e9treinte de retrouvailles, il n&rsquo;a pas cess\u00e9 de raconter toutes les activit\u00e9s qu&rsquo;il avait faites au camp. Il aimait tous les aspects du programme LIT. Il gardera certainement les meilleurs souvenirs de cet \u00e9t\u00e9 pendant des ann\u00e9es. <br\/>\n Tout cela pour dire : \u00ab\u00a0Merci ! Nous appr\u00e9cions tout ce que Nominingue a fait pendant toutes ces ann\u00e9es pour aider un jeune gar\u00e7on \u00e0 r\u00e9aliser son potentiel\u00a0\u00bb. <br\/>\n\t\t\t\t<\/p>\n\t\t\t\t<span>Stella P., Baie-D\u2019Urfe, QC<\/span>\n\t\t\t<\/div>\n\n\t\t\t<div class=\"card-full-width-no-image testimonials\">\n\t\t\t\t<p>Un grand merci d&rsquo;avoir fait de sa premi\u00e8re exp\u00e9rience de camp d&rsquo;\u00e9t\u00e9 une exp\u00e9rience si extraordinaire. Nous avons pass\u00e9 un merveilleux moment lors de la journ\u00e9e des visiteurs. Nous avons dit \u00e0 tous nos amis et \u00e0 notre famille \u00e0 quel point le Camp Nominingue est formidable. Nous aurions aim\u00e9 vous trouver plus t\u00f4t. Vous lui manquez d\u00e9j\u00e0 tous et il a h\u00e2te de revenir l&rsquo;ann\u00e9e prochaine. Il n&rsquo;a pas cess\u00e9 de parler du camp. C&rsquo;est une belle chose&#8230; <br\/><\/p>\n\t\t\t\t<span>Caroline P., Sainte-Catherine, QC<\/span>\n\t\t\t<\/div>\n\n\t\t\t<div class=\"card-full-width-no-image testimonials\">\n\t\t\t\t<p>Nous tenons \u00e0 vous remercier, vous et votre personnel, pour un autre \u00e9t\u00e9 fabuleux au camp pour notre fils. Il est revenu rayonnant, heureux, enthousiaste, avec plus de confiance en lui et de gentillesse ! Il se r\u00e9jouit d\u00e9j\u00e0 de l&rsquo;ann\u00e9e prochaine. <br\/><\/p>\n\t\t\t\t<span>Marie Carmen B., Ottawa, ON<\/span>\n\t\t\t<\/div>\n\n\t\t\t<div class=\"card-full-width-no-image testimonials\">\n\t\t\t\t<p>Mes deux enfants sont rentr\u00e9s \u00e0 la maison et le camp leur manque d\u00e9j\u00e0 ! Tous deux attendent avec impatience l&rsquo;ann\u00e9e prochaine pour revivre cette exp\u00e9rience. C&rsquo;est un camp formidable et ils sont tr\u00e8s fiers de faire partie de la tradition de Nominingue ! Merci pour les beaux souvenirs que vous offrez nos enfants. <br\/><\/p>\n\t\t\t\t<span>Jean A., Boucherville, QC<\/span>\n\t\t\t<\/div>\n\n\t\t\t<div class=\"card-full-width-no-image testimonials\">\n\t\t\t\t<p>Je tenais \u00e0 vous remercier chaleureusement pour mon fils qui a pass\u00e9 deux semaines formidables au camp. Il est revenu avec plein de belles histoires \u00e0 raconter et il avait l&rsquo;air tr\u00e8s heureux. Il est un peu timide et \u00e9motif et je suis s\u00fbre que cette exp\u00e9rience sportive avec tous les campeurs de partout a \u00e9t\u00e9 tr\u00e8s positive. <br\/><\/p>\n\t\t\t\t<span>P\u00e9n\u00e9lope P., La Marsa, Tunisia<\/span>\n\t\t\t<\/div>\n\n\t\t\t<div class=\"card-full-width-no-image testimonials\">\n\t\t\t\t<p>Merci \u00e0 tous pour votre d\u00e9vouement et votre soutien. Le Canada nous para\u00eet assez loin, mais nous avons toujours eu l&rsquo;impression de ne pas avoir \u00e0 nous inqui\u00e9ter, car les gar\u00e7ons \u00e9taient si bien soign\u00e9s. Il ne fait aucun doute que nous serons r\u00e9gal\u00e9s par de nombreux r\u00e9cits de leurs aventures, et rien qu&rsquo;en regardant les photos, je me suis pris \u00e0 r\u00eaver d&rsquo;\u00eatre un adolescent pour pouvoir participer \u00e0 un camp de vacances et faire toutes ces choses g\u00e9niales. <br\/><\/p>\n\t\t\t\t<span>Tessa E., London, UK<\/span>\n\t\t\t<\/div>\n\n\t\t\t<div class=\"card-full-width-no-image testimonials\">\n\t\t\t\t<p>Outre l&rsquo;attrait \u00e9vident de passer les chaudes journ\u00e9es d&rsquo;\u00e9t\u00e9 sur votre site extraordinairement beau, de profiter des avantages d&rsquo;un front de mer magnifique, d&rsquo;une tente confortable, d&rsquo;une nourriture saine et d&rsquo;une activit\u00e9 constamment stimulante, il y a toutes les choses intangibles qu&rsquo;il en retire. Deux d&rsquo;entre eux me viennent imm\u00e9diatement \u00e0 l&rsquo;esprit : le respect inh\u00e9rent \u00e0 la mani\u00e8re dont la communaut\u00e9 de Nominingue communique \u00e0 travers les niveaux d&rsquo;\u00e2ge et la hi\u00e9rarchie &#8211; admirable &#8211; ainsi que le sens de la valeur que repr\u00e9sente le fait d&rsquo;essayer d&rsquo;atteindre un objectif &#8211; puis le niveau suivant de cet objectif &#8211; gr\u00e2ce \u00e0 l&rsquo;effort et \u00e0 la pratique.<\/p>\n\t\t\t\t<span>Eada R., Westmount, QC<\/span>\n\t\t\t<\/div>\n\n\t\t\t<div class=\"card-full-width-no-image testimonials\">\n\t\t\t\t<p>Notre fils est revenu tout \u00e0 fait enchant\u00e9 de son s\u00e9jour. Quoi que la premi\u00e8re semaine fut tr\u00e8s difficile, il est tr\u00e8s heureux de sa seconde semaine et a ador\u00e9 les \u00ab Tribal Games \u00bb. Il a un sentiment d\u2019accomplissement qui est grandement attribuable \u00e0 votre professionnalisme, vos bons soins et l\u2019attention sp\u00e9ciale que vous avez apport\u00e9 \u00e0 son cas. <br\/><\/p>\n\t\t\t\t<span>Catherine B., Montr\u00e9al, QC<\/span>\n\t\t\t<\/div>\n\n\t\t\t<div class=\"card-full-width-no-image testimonials\">\n\t\t\t\t<p>Il est effectivement revenu ravi et \u00e9panoui de son s\u00e9jour chez vous. Il a appr\u00e9ci\u00e9 toutes les activit\u00e9s et ne souhaite qu\u2019une seule chose, c\u2019est de pouvoir revenir l\u2019ann\u00e9e prochaine. Il nous a d\u00e9j\u00e0 dit qu\u2019il souhaiterait repartir comme moniteur l\u2019an prochain, ce en quoi nous sommes pleinement partants\u2026Nous vous remercions encore pour tout ce qui a \u00e9t\u00e9 fait pendant le camp et qui permet \u00e0 nos jeunes de grandir. Ils en gardent un excellent souvenir. <br\/><\/p>\n\t\t\t\t<span>Christine L., Versailles, France<\/span>\n\t\t\t<\/div>\n\n\t\t\t<div class=\"card-full-width-no-image testimonials\">\n\t\t\t\t<p>Nous sommes pr\u00e9sentement en route vers Qu\u00e9bec et d\u00e9sirons vous remercier pour les deux magnifiques semaines que vient de vivre notre fils. Il ne cesse de nous dire combien il a appr\u00e9ci\u00e9 son s\u00e9jour \u2013 malgr\u00e9 les moustiques! \u2013 et surtout combien ses deux moniteurs \u00e9taient extraordinaires. Il nous a d\u00e9j\u00e0 dit qu\u2019il sera de retour l\u2019an prochain! Et j\u2019avoue avoir \u00e9t\u00e9 tr\u00e8s fi\u00e8re de l\u2019entendre parler anglais pendant le trajet. <br\/><\/p>\n\t\t\t\t<span>Marie-H\u00e9l\u00e8ne B., Qu\u00e9bec, QC<\/span>\n\t\t\t<\/div>\n\n<p>Nous aimerions savoir ce que vous avez pens\u00e9 de votre aventure au camp Nominingue ! \u00c9crivez-nous \u00e0 <a class=\"link\" href=\"mailto:info@nominingue.com\">info@nominingue.com<\/a>.\n<\/p>","protected":false},"excerpt":{"rendered":"<p>La premi\u00e8re chose qu&rsquo;il nous a dite, apr\u00e8s une \u00e9norme accolade, c&rsquo;est que le camp Nominingue \u00e9tait comme un r\u00eave et que c&rsquo;\u00e9tait la meilleure chose qui lui soit arriv\u00e9e. Avec beaucoup de sagesse, il a affirm\u00e9 qu&rsquo;il avait beaucoup appris sur lui-m\u00eame et qu&rsquo;il avait affront\u00e9 certaines de ses peurs avec beaucoup de fiert\u00e9. [&hellip;]<\/p>\n","protected":false},"author":2,"featured_media":0,"parent":0,"menu_order":0,"comment_status":"closed","ping_status":"closed","template":"","meta":{"_acf_changed":false,"footnotes":""},"class_list":["post-675","page","type-page","status-publish","hentry"],"acf":[],"yoast_head":"<!-- This site is optimized with the Yoast SEO plugin v27.3 - https:\/\/yoast.com\/product\/yoast-seo-wordpress\/ -->\n<title>T\u00e9moignages - Nominingue Camp<\/title>\n<meta name=\"robots\" content=\"index, follow, max-snippet:-1, max-image-preview:large, max-video-preview:-1\" \/>\n<link rel=\"canonical\" href=\"https:\/\/nominingue.com\/fr\/temoignages\/\" \/>\n<meta property=\"og:locale\" content=\"fr_FR\" \/>\n<meta property=\"og:type\" content=\"article\" \/>\n<meta property=\"og:title\" content=\"T\u00e9moignages - Nominingue Camp\" \/>\n<meta property=\"og:description\" content=\"La premi\u00e8re chose qu&rsquo;il nous a dite, apr\u00e8s une \u00e9norme accolade, c&rsquo;est que le camp Nominingue \u00e9tait comme un r\u00eave et que c&rsquo;\u00e9tait la meilleure chose qui lui soit arriv\u00e9e. Avec beaucoup de sagesse, il a affirm\u00e9 qu&rsquo;il avait beaucoup appris sur lui-m\u00eame et qu&rsquo;il avait affront\u00e9 certaines de ses peurs avec beaucoup de fiert\u00e9. [&hellip;]\" \/>\n<meta property=\"og:url\" content=\"https:\/\/nominingue.com\/fr\/temoignages\/\" \/>\n<meta property=\"og:site_name\" content=\"Nominingue Camp\" \/>\n<meta property=\"article:publisher\" content=\"https:\/\/www.facebook.com\/CampNominingue\/\" \/>\n<meta property=\"article:modified_time\" content=\"2024-09-28T16:10:19+00:00\" \/>\n<meta property=\"og:image\" content=\"https:\/\/nominingue.com\/wp-content\/uploads\/2025\/01\/CampNominingueTransparentGrey_Red-e1736697536987.png\" \/>\n\t<meta property=\"og:image:width\" content=\"2230\" \/>\n\t<meta property=\"og:image:height\" content=\"1290\" \/>\n\t<meta property=\"og:image:type\" content=\"image\/png\" \/>\n<meta name=\"twitter:card\" content=\"summary_large_image\" \/>\n<meta name=\"twitter:site\" content=\"@CampNominingue\" \/>\n<meta name=\"twitter:label1\" content=\"Dur\u00e9e de lecture estim\u00e9e\" \/>\n\t<meta name=\"twitter:data1\" content=\"6 minutes\" \/>\n<script type=\"application\/ld+json\" class=\"yoast-schema-graph\">{\"@context\":\"https:\\\/\\\/schema.org\",\"@graph\":[{\"@type\":\"WebPage\",\"@id\":\"https:\\\/\\\/nominingue.com\\\/fr\\\/temoignages\\\/\",\"url\":\"https:\\\/\\\/nominingue.com\\\/fr\\\/temoignages\\\/\",\"name\":\"T\u00e9moignages - Nominingue Camp\",\"isPartOf\":{\"@id\":\"https:\\\/\\\/nominingue.com\\\/fr\\\/#website\"},\"datePublished\":\"2023-05-25T16:59:30+00:00\",\"dateModified\":\"2024-09-28T16:10:19+00:00\",\"breadcrumb\":{\"@id\":\"https:\\\/\\\/nominingue.com\\\/fr\\\/temoignages\\\/#breadcrumb\"},\"inLanguage\":\"fr-FR\",\"potentialAction\":[{\"@type\":\"ReadAction\",\"target\":[\"https:\\\/\\\/nominingue.com\\\/fr\\\/temoignages\\\/\"]}]},{\"@type\":\"BreadcrumbList\",\"@id\":\"https:\\\/\\\/nominingue.com\\\/fr\\\/temoignages\\\/#breadcrumb\",\"itemListElement\":[{\"@type\":\"ListItem\",\"position\":1,\"name\":\"Home\",\"item\":\"https:\\\/\\\/nominingue.com\\\/fr\\\/\"},{\"@type\":\"ListItem\",\"position\":2,\"name\":\"T\u00e9moignages\"}]},{\"@type\":\"WebSite\",\"@id\":\"https:\\\/\\\/nominingue.com\\\/fr\\\/#website\",\"url\":\"https:\\\/\\\/nominingue.com\\\/fr\\\/\",\"name\":\"Nominingue Camp\",\"description\":\"Where your summer adventure begins...\",\"publisher\":{\"@id\":\"https:\\\/\\\/nominingue.com\\\/fr\\\/#organization\"},\"potentialAction\":[{\"@type\":\"SearchAction\",\"target\":{\"@type\":\"EntryPoint\",\"urlTemplate\":\"https:\\\/\\\/nominingue.com\\\/fr\\\/?s={search_term_string}\"},\"query-input\":{\"@type\":\"PropertyValueSpecification\",\"valueRequired\":true,\"valueName\":\"search_term_string\"}}],\"inLanguage\":\"fr-FR\"},{\"@type\":\"Organization\",\"@id\":\"https:\\\/\\\/nominingue.com\\\/fr\\\/#organization\",\"name\":\"Nominingue Camp\",\"url\":\"https:\\\/\\\/nominingue.com\\\/fr\\\/\",\"logo\":{\"@type\":\"ImageObject\",\"inLanguage\":\"fr-FR\",\"@id\":\"https:\\\/\\\/nominingue.com\\\/fr\\\/#\\\/schema\\\/logo\\\/image\\\/\",\"url\":\"https:\\\/\\\/nominingue.com\\\/wp-content\\\/uploads\\\/2025\\\/01\\\/CampNominingueTransparentGrey_Red-e1736697536987.png\",\"contentUrl\":\"https:\\\/\\\/nominingue.com\\\/wp-content\\\/uploads\\\/2025\\\/01\\\/CampNominingueTransparentGrey_Red-e1736697536987.png\",\"width\":2230,\"height\":1290,\"caption\":\"Nominingue Camp\"},\"image\":{\"@id\":\"https:\\\/\\\/nominingue.com\\\/fr\\\/#\\\/schema\\\/logo\\\/image\\\/\"},\"sameAs\":[\"https:\\\/\\\/www.facebook.com\\\/CampNominingue\\\/\",\"https:\\\/\\\/x.com\\\/CampNominingue\",\"https:\\\/\\\/www.youtube.com\\\/user\\\/CampNominingue\",\"https:\\\/\\\/www.instagram.com\\\/CampNominingue\\\/\"]}]}<\/script>\n<!-- \/ Yoast SEO plugin. -->","yoast_head_json":{"title":"T\u00e9moignages - Nominingue Camp","robots":{"index":"index","follow":"follow","max-snippet":"max-snippet:-1","max-image-preview":"max-image-preview:large","max-video-preview":"max-video-preview:-1"},"canonical":"https:\/\/nominingue.com\/fr\/temoignages\/","og_locale":"fr_FR","og_type":"article","og_title":"T\u00e9moignages - Nominingue Camp","og_description":"La premi\u00e8re chose qu&rsquo;il nous a dite, apr\u00e8s une \u00e9norme accolade, c&rsquo;est que le camp Nominingue \u00e9tait comme un r\u00eave et que c&rsquo;\u00e9tait la meilleure chose qui lui soit arriv\u00e9e. Avec beaucoup de sagesse, il a affirm\u00e9 qu&rsquo;il avait beaucoup appris sur lui-m\u00eame et qu&rsquo;il avait affront\u00e9 certaines de ses peurs avec beaucoup de fiert\u00e9. [&hellip;]","og_url":"https:\/\/nominingue.com\/fr\/temoignages\/","og_site_name":"Nominingue Camp","article_publisher":"https:\/\/www.facebook.com\/CampNominingue\/","article_modified_time":"2024-09-28T16:10:19+00:00","og_image":[{"width":2230,"height":1290,"url":"https:\/\/nominingue.com\/wp-content\/uploads\/2025\/01\/CampNominingueTransparentGrey_Red-e1736697536987.png","type":"image\/png"}],"twitter_card":"summary_large_image","twitter_site":"@CampNominingue","twitter_misc":{"Dur\u00e9e de lecture estim\u00e9e":"6 minutes"},"schema":{"@context":"https:\/\/schema.org","@graph":[{"@type":"WebPage","@id":"https:\/\/nominingue.com\/fr\/temoignages\/","url":"https:\/\/nominingue.com\/fr\/temoignages\/","name":"T\u00e9moignages - Nominingue Camp","isPartOf":{"@id":"https:\/\/nominingue.com\/fr\/#website"},"datePublished":"2023-05-25T16:59:30+00:00","dateModified":"2024-09-28T16:10:19+00:00","breadcrumb":{"@id":"https:\/\/nominingue.com\/fr\/temoignages\/#breadcrumb"},"inLanguage":"fr-FR","potentialAction":[{"@type":"ReadAction","target":["https:\/\/nominingue.com\/fr\/temoignages\/"]}]},{"@type":"BreadcrumbList","@id":"https:\/\/nominingue.com\/fr\/temoignages\/#breadcrumb","itemListElement":[{"@type":"ListItem","position":1,"name":"Home","item":"https:\/\/nominingue.com\/fr\/"},{"@type":"ListItem","position":2,"name":"T\u00e9moignages"}]},{"@type":"WebSite","@id":"https:\/\/nominingue.com\/fr\/#website","url":"https:\/\/nominingue.com\/fr\/","name":"Nominingue Camp","description":"Where your summer adventure begins...","publisher":{"@id":"https:\/\/nominingue.com\/fr\/#organization"},"potentialAction":[{"@type":"SearchAction","target":{"@type":"EntryPoint","urlTemplate":"https:\/\/nominingue.com\/fr\/?s={search_term_string}"},"query-input":{"@type":"PropertyValueSpecification","valueRequired":true,"valueName":"search_term_string"}}],"inLanguage":"fr-FR"},{"@type":"Organization","@id":"https:\/\/nominingue.com\/fr\/#organization","name":"Nominingue Camp","url":"https:\/\/nominingue.com\/fr\/","logo":{"@type":"ImageObject","inLanguage":"fr-FR","@id":"https:\/\/nominingue.com\/fr\/#\/schema\/logo\/image\/","url":"https:\/\/nominingue.com\/wp-content\/uploads\/2025\/01\/CampNominingueTransparentGrey_Red-e1736697536987.png","contentUrl":"https:\/\/nominingue.com\/wp-content\/uploads\/2025\/01\/CampNominingueTransparentGrey_Red-e1736697536987.png","width":2230,"height":1290,"caption":"Nominingue Camp"},"image":{"@id":"https:\/\/nominingue.com\/fr\/#\/schema\/logo\/image\/"},"sameAs":["https:\/\/www.facebook.com\/CampNominingue\/","https:\/\/x.com\/CampNominingue","https:\/\/www.youtube.com\/user\/CampNominingue","https:\/\/www.instagram.com\/CampNominingue\/"]}]}},"_links":{"self":[{"href":"https:\/\/nominingue.com\/fr\/wp-json\/wp\/v2\/pages\/675","targetHints":{"allow":["GET"]}}],"collection":[{"href":"https:\/\/nominingue.com\/fr\/wp-json\/wp\/v2\/pages"}],"about":[{"href":"https:\/\/nominingue.com\/fr\/wp-json\/wp\/v2\/types\/page"}],"author":[{"embeddable":true,"href":"https:\/\/nominingue.com\/fr\/wp-json\/wp\/v2\/users\/2"}],"replies":[{"embeddable":true,"href":"https:\/\/nominingue.com\/fr\/wp-json\/wp\/v2\/comments?post=675"}],"version-history":[{"count":6,"href":"https:\/\/nominingue.com\/fr\/wp-json\/wp\/v2\/pages\/675\/revisions"}],"predecessor-version":[{"id":914,"href":"https:\/\/nominingue.com\/fr\/wp-json\/wp\/v2\/pages\/675\/revisions\/914"}],"wp:attachment":[{"href":"https:\/\/nominingue.com\/fr\/wp-json\/wp\/v2\/media?parent=675"}],"curies":[{"name":"wp","href":"https:\/\/api.w.org\/{rel}","templated":true}]}}