{"id":677,"date":"2023-05-25T13:04:22","date_gmt":"2023-05-25T17:04:22","guid":{"rendered":"https:\/\/nominingue.com\/camp-familial\/"},"modified":"2025-12-21T10:00:41","modified_gmt":"2025-12-21T15:00:41","slug":"camp-familial","status":"publish","type":"page","link":"https:\/\/nominingue.com\/fr\/camp-familial\/","title":{"rendered":"Camp familial"},"content":{"rendered":"\n<p>Depuis 1984, nous organisons notre camp familial \u00e0 la fin du camp des gar\u00e7ons et, pour de nombreuses familles, c&rsquo;est devenu une tradition et un moment fort de leur saison estivale. C&rsquo;est une excellente fa\u00e7on de terminer l&rsquo;\u00e9t\u00e9 et de se reposer avant l&rsquo;ann\u00e9e scolaire. Outre les familles qui souhaitent simplement passer des vacances reposantes, nous accueillons \u00e9galement d&rsquo;anciens \u00e9l\u00e8ves qui reviennent pour revivre leurs exp\u00e9riences pass\u00e9es en camp, ainsi que des parents d\u00e9sireux de faire d\u00e9couvrir Nominingue \u00e0 leurs fils et le camp \u00e0 leurs enfants. C&rsquo;est une exp\u00e9rience de camping en famille, sans avoir \u00e0 monter la tente ni \u00e0 faire la cuisine.<\/p>\n\n\n\n<figure class=\"wp-block-image size-full\"><img decoding=\"async\" src=\"https:\/\/nominingue.com\/wp-content\/uploads\/2023\/05\/image.png\" alt=\"\" class=\"wp-image-201\"\/><\/figure>\n\n\n\n<p>Le camp familial 2026 commencera l&rsquo;apr\u00e8s-midi du mercredi 19 ao\u00fbt et se terminera apr\u00e8s le d\u00e9jeuner du dimanche 23 ao\u00fbt. La dur\u00e9e totale du camp est de quatre nuits, mais vous \u00eates libre de choisir la dur\u00e9e de votre s\u00e9jour !<\/p>\n\n\n\n<figure class=\"wp-block-table\"><table><tbody><tr><th>Statut<\/th><th>Tarifs <\/th><\/tr><tr><td>Adulte<\/td><td>$150 par jour<\/td><\/tr><tr><td>Enfant<\/td><td>$100 par jour<\/td><\/tr><tr><td>3 ans et moins<\/td><td>Gratuit<\/td><\/tr><tr><td>Session compl\u00e8te pour adulte<\/td><td>$520<\/td><\/tr><tr><td>Session compl\u00e8te pour enfant<\/td><td>$350<\/td><\/tr><\/tbody><\/table><\/figure>\n\n\n\n<div class=\"wp-block-buttons is-content-justification-center is-layout-flex wp-container-core-buttons-is-layout-16018d1d wp-block-buttons-is-layout-flex\">\n<div class=\"wp-block-button\"><a class=\"wp-block-button__link wp-element-button\" href=\"https:\/\/nominingue.campbrainregistration.com\/\">S&rsquo;inscrire Maintenant<\/a><\/div>\n<\/div>\n\n\n\n<p>Notre chef de camp et notre personnel de cuisine attendent avec impatience le camp familial, car il leur donne l&rsquo;occasion, apr\u00e8s le camp des gar\u00e7ons, de montrer toute l&rsquo;\u00e9tendue de leur talent. Ils re\u00e7oivent chaque \u00e9t\u00e9 des \u00ab\u00a0critiques \u00e9logieuses\u00a0\u00bb.<\/p>\n\n\n\n<p>La majorit\u00e9 de notre personnel plus \u00e2g\u00e9 et plus exp\u00e9riment\u00e9 reste pour le camp familial. Ils sont impatients de vous montrer \u00e0 quel point le Camp Nominingue est un endroit formidable et de veiller \u00e0 ce que vos vacances soient \u00e0 la hauteur de vos esp\u00e9rances.<\/p>\n\n\n\n<p>La collation du soir est servie avant que les enfants aillent se coucher, et il y a g\u00e9n\u00e9ralement quelque chose \u00e0 grignoter pendant la journ\u00e9e dans le Lodge principal. Des boissons non alcoolis\u00e9es et des barres chocolat\u00e9es sont \u00e9galement disponibles \u00e0 la vente.<\/p>\n\n\n\n<h3 class=\"wp-block-heading\">Liste des activit\u00e9s<\/h3>\n\n\n\n<figure class=\"wp-block-table\"><table><tbody><tr><td>Tir \u00e0 l&rsquo;arc*<\/td><td>V\u00e9lo de montagne<\/td><td>Jeux de soci\u00e9t\u00e9<\/td><td>S&rsquo;amuser \u00e0 la plage<\/td><\/tr><tr><td>Escalade*<\/td><td>P\u00eache (bar, brochet, dor\u00e9)<\/td><td>Golf Frisbee<\/td><td>Guitare*<\/td><\/tr><tr><td>Randonn\u00e9e<\/td><td>Comp\u00e9tences en mati\u00e8re de vie en plein air*<\/td><td>Campcraft<\/td><td>Tir \u00e0 la carabine*<\/td><\/tr><tr><td>Natation*<\/td><td>Volley-ball de plage<\/td><td>Planche \u00e0 voile*<\/td><td>Basket-ball<\/td><\/tr><tr><td>Tennis*<\/td><td>Cano\u00eb-kayak (de jour ou de nuit)<\/td><td>Cano\u00eb-kayak*<\/td><td>Kayak*<\/td><\/tr><tr><td>Ballon d&rsquo;attache<\/td><td>Excursion de nuit en cano\u00eb pour les enfants<\/td><td>Course d&rsquo;orientation*<\/td><td>Ch\u00e2teaux de sable<\/td><\/tr><tr><td>Voile*<\/td><td>Travail du bois (pagaies, sculptures, etc.) *<\/td><td>Bains de soleil<\/td><td>Tennis de table<\/td><\/tr><tr><td>Pickleball<\/td><td>&#8230; et plus !<\/td><\/tr><\/tbody><\/table><figcaption class=\"wp-element-caption\">* Des activit\u00e9s avec des instructions sont propos\u00e9es.<\/figcaption><\/figure>\n\n\n\n<h3 class=\"wp-block-heading\">Programmes sp\u00e9ciaux<\/h3>\n\n\n\n<figure class=\"wp-block-table\"><table><tbody><tr><td>Planche \u00e0 voile*<\/td><td>Feux de camp<\/td><td>Pagaies au clair de lune<\/td><td>Jeux de toutes sortes<\/td><\/tr><tr><td>Basket-ball<\/td><td>Courses \u00e0 la voile<\/td><td>Jeux d&rsquo;int\u00e9rieur<\/td><td>Promenades guid\u00e9es dans la nature<\/td><\/tr><tr><td>Randonn\u00e9e<\/td><td>Chasse au tr\u00e9sor<\/td><td>V\u00e9lo de montagne<\/td><td>Chasse au tr\u00e9sor<\/td><\/tr><tr><td>Natation*<\/td><td>Volley-ball de plage<\/td><td>F\u00eates de plage<\/td><td>Comp\u00e9tences en mati\u00e8re de vie en plein air*<\/td><\/tr><tr><td>Tir \u00e0 la carabine*<\/td><td>Steak Barbecue<\/td><td>Nuits de myst\u00e8re et de meurtre<\/td><td>Alliance traditionnelle du Conseil<\/td><\/tr><tr><td>R\u00f4ti de ma\u00efs<\/td><td>Tournoi de pickleball<\/td><\/tr><\/tbody><\/table><figcaption class=\"wp-element-caption\">* Des activit\u00e9s avec des instructions sont propos\u00e9es.<\/figcaption><\/figure>\n\n\n\n<p>Pour les golfeurs, il y a un terrain de golf public de 18 trous bien entretenu \u00e0 seulement deux kilom\u00e8tres du camp. \u00ab\u00a0Le P&rsquo;tit Train du Nord, avec sa piste cyclable longue distance, se trouve \u00e0 seulement deux kilom\u00e8tres du camp.<\/p>\n\n\n\n<p>Nous voulons que vous vous amusiez. Vous pouvez \u00eatre aussi actif ou aussi d\u00e9tendu que vous le souhaitez. Nous ne vous pousserons pas \u00e0 participer \u00e0 quoi que ce soit.<\/p>\n\n\n\n<p class=\"has-large-font-size\"><strong>Carte de l&#8217;emplacement des tentes<\/strong><\/p>\n\n\n\n<figure class=\"wp-block-gallery has-nested-images columns-default is-cropped wp-block-gallery-1 is-layout-flex wp-block-gallery-is-layout-flex\">\n<figure class=\"wp-block-image size-large\"><img decoding=\"async\" data-id=\"1338\" src=\"https:\/\/nominingue.com\/wp-content\/uploads\/2024\/12\/image001-1024x780.jpg\" alt=\"\" class=\"wp-image-1338\"\/><\/figure>\n<\/figure>\n\n\n\n<div class=\"wp-block-file\"><a id=\"wp-block-file--media-c319bc7b-5624-44df-949c-6c26c4dd509c\" href=\"https:\/\/nominingue.com\/wp-content\/uploads\/2024\/12\/image001.jpg\">image001<\/a><a href=\"https:\/\/nominingue.com\/wp-content\/uploads\/2024\/12\/image001.jpg\" class=\"wp-block-file__button wp-element-button\" download aria-describedby=\"wp-block-file--media-c319bc7b-5624-44df-949c-6c26c4dd509c\">Download<\/a><\/div>\n","protected":false},"excerpt":{"rendered":"<p>Depuis 1984, nous organisons notre camp familial \u00e0 la fin du camp des gar\u00e7ons et, pour de nombreuses familles, c&rsquo;est devenu une tradition et un moment fort de leur saison estivale. C&rsquo;est une excellente fa\u00e7on de terminer l&rsquo;\u00e9t\u00e9 et de se reposer avant l&rsquo;ann\u00e9e scolaire. Outre les familles qui souhaitent simplement passer des vacances reposantes, [&hellip;]<\/p>\n","protected":false},"author":2,"featured_media":0,"parent":0,"menu_order":0,"comment_status":"closed","ping_status":"closed","template":"","meta":{"_acf_changed":false,"footnotes":""},"class_list":["post-677","page","type-page","status-publish","hentry"],"acf":[],"yoast_head":"<!-- This site is optimized with the Yoast SEO plugin v27.3 - https:\/\/yoast.com\/product\/yoast-seo-wordpress\/ -->\n<title>Camp familial - Nominingue Camp<\/title>\n<meta name=\"robots\" content=\"index, follow, max-snippet:-1, max-image-preview:large, max-video-preview:-1\" \/>\n<link rel=\"canonical\" href=\"https:\/\/nominingue.com\/fr\/camp-familial\/\" \/>\n<meta property=\"og:locale\" content=\"fr_FR\" \/>\n<meta property=\"og:type\" content=\"article\" \/>\n<meta property=\"og:title\" content=\"Camp familial - Nominingue Camp\" \/>\n<meta property=\"og:description\" content=\"Depuis 1984, nous organisons notre camp familial \u00e0 la fin du camp des gar\u00e7ons et, pour de nombreuses familles, c&rsquo;est devenu une tradition et un moment fort de leur saison estivale. C&rsquo;est une excellente fa\u00e7on de terminer l&rsquo;\u00e9t\u00e9 et de se reposer avant l&rsquo;ann\u00e9e scolaire. Outre les familles qui souhaitent simplement passer des vacances reposantes, [&hellip;]\" \/>\n<meta property=\"og:url\" content=\"https:\/\/nominingue.com\/fr\/camp-familial\/\" \/>\n<meta property=\"og:site_name\" content=\"Nominingue Camp\" \/>\n<meta property=\"article:publisher\" content=\"https:\/\/www.facebook.com\/CampNominingue\/\" \/>\n<meta property=\"article:modified_time\" content=\"2025-12-21T15:00:41+00:00\" \/>\n<meta property=\"og:image\" content=\"https:\/\/nominingue.com\/wp-content\/uploads\/2025\/01\/CampNominingueTransparentGrey_Red-e1736697536987.png\" \/>\n\t<meta property=\"og:image:width\" content=\"2230\" \/>\n\t<meta property=\"og:image:height\" content=\"1290\" \/>\n\t<meta property=\"og:image:type\" content=\"image\/png\" \/>\n<meta name=\"twitter:card\" content=\"summary_large_image\" \/>\n<meta name=\"twitter:site\" content=\"@CampNominingue\" \/>\n<meta name=\"twitter:label1\" content=\"Dur\u00e9e de lecture estim\u00e9e\" \/>\n\t<meta name=\"twitter:data1\" content=\"3 minutes\" \/>\n<script type=\"application\/ld+json\" class=\"yoast-schema-graph\">{\"@context\":\"https:\\\/\\\/schema.org\",\"@graph\":[{\"@type\":\"WebPage\",\"@id\":\"https:\\\/\\\/nominingue.com\\\/fr\\\/camp-familial\\\/\",\"url\":\"https:\\\/\\\/nominingue.com\\\/fr\\\/camp-familial\\\/\",\"name\":\"Camp familial - Nominingue Camp\",\"isPartOf\":{\"@id\":\"https:\\\/\\\/nominingue.com\\\/fr\\\/#website\"},\"primaryImageOfPage\":{\"@id\":\"https:\\\/\\\/nominingue.com\\\/fr\\\/camp-familial\\\/#primaryimage\"},\"image\":{\"@id\":\"https:\\\/\\\/nominingue.com\\\/fr\\\/camp-familial\\\/#primaryimage\"},\"thumbnailUrl\":\"https:\\\/\\\/nominingue.com\\\/wp-content\\\/uploads\\\/2023\\\/05\\\/image.png\",\"datePublished\":\"2023-05-25T17:04:22+00:00\",\"dateModified\":\"2025-12-21T15:00:41+00:00\",\"breadcrumb\":{\"@id\":\"https:\\\/\\\/nominingue.com\\\/fr\\\/camp-familial\\\/#breadcrumb\"},\"inLanguage\":\"fr-FR\",\"potentialAction\":[{\"@type\":\"ReadAction\",\"target\":[\"https:\\\/\\\/nominingue.com\\\/fr\\\/camp-familial\\\/\"]}]},{\"@type\":\"ImageObject\",\"inLanguage\":\"fr-FR\",\"@id\":\"https:\\\/\\\/nominingue.com\\\/fr\\\/camp-familial\\\/#primaryimage\",\"url\":\"https:\\\/\\\/nominingue.com\\\/wp-content\\\/uploads\\\/2023\\\/05\\\/image.png\",\"contentUrl\":\"https:\\\/\\\/nominingue.com\\\/wp-content\\\/uploads\\\/2023\\\/05\\\/image.png\"},{\"@type\":\"BreadcrumbList\",\"@id\":\"https:\\\/\\\/nominingue.com\\\/fr\\\/camp-familial\\\/#breadcrumb\",\"itemListElement\":[{\"@type\":\"ListItem\",\"position\":1,\"name\":\"Home\",\"item\":\"https:\\\/\\\/nominingue.com\\\/fr\\\/\"},{\"@type\":\"ListItem\",\"position\":2,\"name\":\"Camp familial\"}]},{\"@type\":\"WebSite\",\"@id\":\"https:\\\/\\\/nominingue.com\\\/fr\\\/#website\",\"url\":\"https:\\\/\\\/nominingue.com\\\/fr\\\/\",\"name\":\"Nominingue Camp\",\"description\":\"Where your summer adventure begins...\",\"publisher\":{\"@id\":\"https:\\\/\\\/nominingue.com\\\/fr\\\/#organization\"},\"potentialAction\":[{\"@type\":\"SearchAction\",\"target\":{\"@type\":\"EntryPoint\",\"urlTemplate\":\"https:\\\/\\\/nominingue.com\\\/fr\\\/?s={search_term_string}\"},\"query-input\":{\"@type\":\"PropertyValueSpecification\",\"valueRequired\":true,\"valueName\":\"search_term_string\"}}],\"inLanguage\":\"fr-FR\"},{\"@type\":\"Organization\",\"@id\":\"https:\\\/\\\/nominingue.com\\\/fr\\\/#organization\",\"name\":\"Nominingue Camp\",\"url\":\"https:\\\/\\\/nominingue.com\\\/fr\\\/\",\"logo\":{\"@type\":\"ImageObject\",\"inLanguage\":\"fr-FR\",\"@id\":\"https:\\\/\\\/nominingue.com\\\/fr\\\/#\\\/schema\\\/logo\\\/image\\\/\",\"url\":\"https:\\\/\\\/nominingue.com\\\/wp-content\\\/uploads\\\/2025\\\/01\\\/CampNominingueTransparentGrey_Red-e1736697536987.png\",\"contentUrl\":\"https:\\\/\\\/nominingue.com\\\/wp-content\\\/uploads\\\/2025\\\/01\\\/CampNominingueTransparentGrey_Red-e1736697536987.png\",\"width\":2230,\"height\":1290,\"caption\":\"Nominingue Camp\"},\"image\":{\"@id\":\"https:\\\/\\\/nominingue.com\\\/fr\\\/#\\\/schema\\\/logo\\\/image\\\/\"},\"sameAs\":[\"https:\\\/\\\/www.facebook.com\\\/CampNominingue\\\/\",\"https:\\\/\\\/x.com\\\/CampNominingue\",\"https:\\\/\\\/www.youtube.com\\\/user\\\/CampNominingue\",\"https:\\\/\\\/www.instagram.com\\\/CampNominingue\\\/\"]}]}<\/script>\n<!-- \/ Yoast SEO plugin. -->","yoast_head_json":{"title":"Camp familial - Nominingue Camp","robots":{"index":"index","follow":"follow","max-snippet":"max-snippet:-1","max-image-preview":"max-image-preview:large","max-video-preview":"max-video-preview:-1"},"canonical":"https:\/\/nominingue.com\/fr\/camp-familial\/","og_locale":"fr_FR","og_type":"article","og_title":"Camp familial - Nominingue Camp","og_description":"Depuis 1984, nous organisons notre camp familial \u00e0 la fin du camp des gar\u00e7ons et, pour de nombreuses familles, c&rsquo;est devenu une tradition et un moment fort de leur saison estivale. C&rsquo;est une excellente fa\u00e7on de terminer l&rsquo;\u00e9t\u00e9 et de se reposer avant l&rsquo;ann\u00e9e scolaire. Outre les familles qui souhaitent simplement passer des vacances reposantes, [&hellip;]","og_url":"https:\/\/nominingue.com\/fr\/camp-familial\/","og_site_name":"Nominingue Camp","article_publisher":"https:\/\/www.facebook.com\/CampNominingue\/","article_modified_time":"2025-12-21T15:00:41+00:00","og_image":[{"width":2230,"height":1290,"url":"https:\/\/nominingue.com\/wp-content\/uploads\/2025\/01\/CampNominingueTransparentGrey_Red-e1736697536987.png","type":"image\/png"}],"twitter_card":"summary_large_image","twitter_site":"@CampNominingue","twitter_misc":{"Dur\u00e9e de lecture estim\u00e9e":"3 minutes"},"schema":{"@context":"https:\/\/schema.org","@graph":[{"@type":"WebPage","@id":"https:\/\/nominingue.com\/fr\/camp-familial\/","url":"https:\/\/nominingue.com\/fr\/camp-familial\/","name":"Camp familial - Nominingue Camp","isPartOf":{"@id":"https:\/\/nominingue.com\/fr\/#website"},"primaryImageOfPage":{"@id":"https:\/\/nominingue.com\/fr\/camp-familial\/#primaryimage"},"image":{"@id":"https:\/\/nominingue.com\/fr\/camp-familial\/#primaryimage"},"thumbnailUrl":"https:\/\/nominingue.com\/wp-content\/uploads\/2023\/05\/image.png","datePublished":"2023-05-25T17:04:22+00:00","dateModified":"2025-12-21T15:00:41+00:00","breadcrumb":{"@id":"https:\/\/nominingue.com\/fr\/camp-familial\/#breadcrumb"},"inLanguage":"fr-FR","potentialAction":[{"@type":"ReadAction","target":["https:\/\/nominingue.com\/fr\/camp-familial\/"]}]},{"@type":"ImageObject","inLanguage":"fr-FR","@id":"https:\/\/nominingue.com\/fr\/camp-familial\/#primaryimage","url":"https:\/\/nominingue.com\/wp-content\/uploads\/2023\/05\/image.png","contentUrl":"https:\/\/nominingue.com\/wp-content\/uploads\/2023\/05\/image.png"},{"@type":"BreadcrumbList","@id":"https:\/\/nominingue.com\/fr\/camp-familial\/#breadcrumb","itemListElement":[{"@type":"ListItem","position":1,"name":"Home","item":"https:\/\/nominingue.com\/fr\/"},{"@type":"ListItem","position":2,"name":"Camp familial"}]},{"@type":"WebSite","@id":"https:\/\/nominingue.com\/fr\/#website","url":"https:\/\/nominingue.com\/fr\/","name":"Nominingue Camp","description":"Where your summer adventure begins...","publisher":{"@id":"https:\/\/nominingue.com\/fr\/#organization"},"potentialAction":[{"@type":"SearchAction","target":{"@type":"EntryPoint","urlTemplate":"https:\/\/nominingue.com\/fr\/?s={search_term_string}"},"query-input":{"@type":"PropertyValueSpecification","valueRequired":true,"valueName":"search_term_string"}}],"inLanguage":"fr-FR"},{"@type":"Organization","@id":"https:\/\/nominingue.com\/fr\/#organization","name":"Nominingue Camp","url":"https:\/\/nominingue.com\/fr\/","logo":{"@type":"ImageObject","inLanguage":"fr-FR","@id":"https:\/\/nominingue.com\/fr\/#\/schema\/logo\/image\/","url":"https:\/\/nominingue.com\/wp-content\/uploads\/2025\/01\/CampNominingueTransparentGrey_Red-e1736697536987.png","contentUrl":"https:\/\/nominingue.com\/wp-content\/uploads\/2025\/01\/CampNominingueTransparentGrey_Red-e1736697536987.png","width":2230,"height":1290,"caption":"Nominingue Camp"},"image":{"@id":"https:\/\/nominingue.com\/fr\/#\/schema\/logo\/image\/"},"sameAs":["https:\/\/www.facebook.com\/CampNominingue\/","https:\/\/x.com\/CampNominingue","https:\/\/www.youtube.com\/user\/CampNominingue","https:\/\/www.instagram.com\/CampNominingue\/"]}]}},"_links":{"self":[{"href":"https:\/\/nominingue.com\/fr\/wp-json\/wp\/v2\/pages\/677","targetHints":{"allow":["GET"]}}],"collection":[{"href":"https:\/\/nominingue.com\/fr\/wp-json\/wp\/v2\/pages"}],"about":[{"href":"https:\/\/nominingue.com\/fr\/wp-json\/wp\/v2\/types\/page"}],"author":[{"embeddable":true,"href":"https:\/\/nominingue.com\/fr\/wp-json\/wp\/v2\/users\/2"}],"replies":[{"embeddable":true,"href":"https:\/\/nominingue.com\/fr\/wp-json\/wp\/v2\/comments?post=677"}],"version-history":[{"count":15,"href":"https:\/\/nominingue.com\/fr\/wp-json\/wp\/v2\/pages\/677\/revisions"}],"predecessor-version":[{"id":1757,"href":"https:\/\/nominingue.com\/fr\/wp-json\/wp\/v2\/pages\/677\/revisions\/1757"}],"wp:attachment":[{"href":"https:\/\/nominingue.com\/fr\/wp-json\/wp\/v2\/media?parent=677"}],"curies":[{"name":"wp","href":"https:\/\/api.w.org\/{rel}","templated":true}]}}