{"id":681,"date":"2023-05-25T12:18:46","date_gmt":"2023-05-25T16:18:46","guid":{"rendered":"https:\/\/nominingue.com\/supervision-soins-de-sante-et-securite\/"},"modified":"2025-03-03T13:40:01","modified_gmt":"2025-03-03T18:40:01","slug":"supervision-soins-de-sante-et-securite","status":"publish","type":"page","link":"https:\/\/nominingue.com\/fr\/supervision-soins-de-sante-et-securite\/","title":{"rendered":"Supervision, soins de sant\u00e9 et s\u00e9curit\u00e9"},"content":{"rendered":"\n<p>\u00c0 Nominingue, le ratio personnel\/campeur est de 1:3. Ce ratio fait partie des efforts que nous d\u00e9ployons pour nous assurer que l&rsquo;exp\u00e9rience de votre fils \u00e0 Nominingue est positive et heureuse. Pour nos plus jeunes campeurs et fr\u00e9quemment pour les campeurs jusqu&rsquo;\u00e0 12 ans, chaque groupe de tente de 5 campeurs sera supervis\u00e9 par un moniteur et un moniteur junior. La plupart de nos animateurs ont d\u00e9j\u00e0 \u00e9t\u00e9 campeurs ou employ\u00e9s \u00e0 Nominingue. Ils connaissent le programme Nominingue et nous avons appris \u00e0 bien les conna\u00eetre. Tous nos conseillers \u00e2g\u00e9s de plus de 18 ans doivent \u00e9galement faire l&rsquo;objet d&rsquo;une v\u00e9rification de leurs ant\u00e9c\u00e9dents par la police, ce qui constitue une mesure suppl\u00e9mentaire pour assurer la s\u00e9curit\u00e9 de votre fils.<\/p>\n\n\n\n<figure class=\"wp-block-image size-large\"><img loading=\"lazy\" decoding=\"async\" width=\"1024\" height=\"683\" src=\"https:\/\/nominingue.com\/wp-content\/uploads\/2023\/05\/people-heart-1024x683.webp\" alt=\"\" class=\"wp-image-86\" srcset=\"https:\/\/nominingue.com\/wp-content\/uploads\/2023\/05\/people-heart-1024x683.webp 1024w, https:\/\/nominingue.com\/wp-content\/uploads\/2023\/05\/people-heart-300x200.webp 300w, https:\/\/nominingue.com\/wp-content\/uploads\/2023\/05\/people-heart-768x512.webp 768w, https:\/\/nominingue.com\/wp-content\/uploads\/2023\/05\/people-heart-1536x1024.webp 1536w, https:\/\/nominingue.com\/wp-content\/uploads\/2023\/05\/people-heart-2048x1365.webp 2048w\" sizes=\"auto, (max-width: 1024px) 100vw, 1024px\" \/><\/figure>\n\n\n\n<p>Sur le front de mer, un animateur titulaire d&rsquo;un certificat de sauveteur national supervisera toutes les activit\u00e9s, de la nage libre \u00e0 la voile en passant par la planche \u00e0 voile. Ils seront \u00e9paul\u00e9s par d&rsquo;autres membres du personnel titulaires de la Croix de bronze ou de la M\u00e9daille de bronze.<\/p>\n\n\n\n<p>Dans notre salle \u00e0 manger, la plupart des campeurs sont assis avec leur groupe de tentes et leurs moniteurs. Chaque campeur est servi par un membre du personnel \u00e0 sa table. Lorsqu&rsquo;un campeur ne mange pas, son conseiller est le premier \u00e0 le savoir. L&rsquo;une des t\u00e2ches de l&rsquo;animateur est d&rsquo;encourager chaque campeur \u00e0 avoir une alimentation \u00e9quilibr\u00e9e.<\/p>\n\n\n\n<p>Nous sommes un camp accr\u00e9dit\u00e9 qui a fait l&rsquo;objet d&rsquo;un examen approfondi par un professionnel exp\u00e9riment\u00e9 des camps, sur la base d&rsquo;un ensemble \u00e9tendu de normes et d&rsquo;exigences. Le Camp Nominingue re\u00e7oit cette accr\u00e9ditation des associations de camps du Qu\u00e9bec et de l&rsquo;Ontario. Cette accr\u00e9ditation est une autre fa\u00e7on pour Nominingue de garantir les meilleurs soins possibles pour votre fils.<\/p>\n\n\n\n<p>Notre infirmerie bien \u00e9quip\u00e9e est ouverte 24 heures sur 24 et son personnel est compos\u00e9 d&rsquo;un\/une infirmier\/infirmi\u00e8re en chef et de deux secouristes attentionn\u00e9s. En g\u00e9n\u00e9ral, un m\u00e9decin est pr\u00e9sent sur place tout au long de l&rsquo;\u00e9t\u00e9, pendant que les campeurs sont au camp. Des cliniques sont tenues trois fois par jour pour la distribution de m\u00e9dicaments. Un h\u00f4pital g\u00e9n\u00e9ral dot\u00e9 d&rsquo;une salle d&rsquo;urgence se trouve \u00e0 15 minutes de route.<\/p>\n\n\n\n<p>Pour les citoyens canadiens, tous les services m\u00e9dicaux sont couverts par le syst\u00e8me canadien d&rsquo;assurance maladie, qu&rsquo;ils soient dispens\u00e9s en colonie ou \u00e0 l&rsquo;h\u00f4pital local. Il est donc n\u00e9cessaire d&rsquo;avoir le num\u00e9ro canadien d&rsquo;assurance maladie de chaque campeur, y compris une date d&rsquo;expiration, dans le dossier du camp.<\/p>\n\n\n\n<p>Les campeurs r\u00e9sidant \u00e0 l&rsquo;\u00e9tranger devront souscrire une assurance m\u00e9dicale d&rsquo;urgence, \u00e0 moins qu&rsquo;ils ne disposent d&rsquo;une assurance m\u00e9dicale priv\u00e9e. Cette assurance couvre le co\u00fbt des services rendus par le m\u00e9decin du camp, l&rsquo;achat d&rsquo;\u00e9ventuelles ordonnances et les traitements \u00e0 l&rsquo;h\u00f4pital, tels que les radiographies. En 2016, le co\u00fbt de cette assurance \u00e9tait de 3,50 dollars par jour.<\/p>\n\n\n\n<p>Si un campeur \u00e9tranger dispose d&rsquo;une assurance priv\u00e9e, il n&rsquo;est pas n\u00e9cessaire de souscrire une assurance m\u00e9dicale d&rsquo;urgence. Les services m\u00e9dicaux fournis par le m\u00e9decin du camp seront factur\u00e9s sur le compte du campeur. Tous les frais encourus en dehors du camp (si un voyage est effectu\u00e9 \u00e0 l&rsquo;h\u00f4pital local par exemple) seront d\u00e9bit\u00e9s de votre carte de cr\u00e9dit. Tous les soins m\u00e9dicaux re\u00e7us par le campeur seront document\u00e9s et les factures vous seront transmises avec le d\u00e9compte final.<\/p>\n\n\n\n<p>If you prefer using your own private insurance, please complete the <a class=\"link\" href=\"https:\/\/nominingue.com\/wp-content\/uploads\/2025\/03\/Campers-with-Private-Insurance-form-2015.pdf\" download=\"\">Campers with Private Insurance<\/a> form.\n<\/p>\n","protected":false},"excerpt":{"rendered":"<p>\u00c0 Nominingue, le ratio personnel\/campeur est de 1:3. Ce ratio fait partie des efforts que nous d\u00e9ployons pour nous assurer que l&rsquo;exp\u00e9rience de votre fils \u00e0 Nominingue est positive et heureuse. Pour nos plus jeunes campeurs et fr\u00e9quemment pour les campeurs jusqu&rsquo;\u00e0 12 ans, chaque groupe de tente de 5 campeurs sera supervis\u00e9 par un [&hellip;]<\/p>\n","protected":false},"author":2,"featured_media":0,"parent":0,"menu_order":0,"comment_status":"closed","ping_status":"closed","template":"","meta":{"_acf_changed":false,"footnotes":""},"class_list":["post-681","page","type-page","status-publish","hentry"],"acf":[],"yoast_head":"<!-- This site is optimized with the Yoast SEO plugin v27.3 - https:\/\/yoast.com\/product\/yoast-seo-wordpress\/ -->\n<title>Supervision, soins de sant\u00e9 et s\u00e9curit\u00e9 - Nominingue Camp<\/title>\n<meta name=\"description\" content=\"\u00c0 Nominingue, le ratio personnel\/campeur est de 1:3. Ce ratio fait partie des efforts que nous d\u00e9ployons pour nous assurer que l&#039;exp\u00e9rience de votre fils \u00e0 Nominingue est positive et heureuse.\" \/>\n<meta name=\"robots\" content=\"index, follow, max-snippet:-1, max-image-preview:large, max-video-preview:-1\" \/>\n<link rel=\"canonical\" href=\"https:\/\/nominingue.com\/fr\/supervision-soins-de-sante-et-securite\/\" \/>\n<meta property=\"og:locale\" content=\"fr_FR\" \/>\n<meta property=\"og:type\" content=\"article\" \/>\n<meta property=\"og:title\" content=\"Supervision, soins de sant\u00e9 et s\u00e9curit\u00e9 - Nominingue Camp\" \/>\n<meta property=\"og:description\" content=\"\u00c0 Nominingue, le ratio personnel\/campeur est de 1:3. Ce ratio fait partie des efforts que nous d\u00e9ployons pour nous assurer que l&#039;exp\u00e9rience de votre fils \u00e0 Nominingue est positive et heureuse.\" \/>\n<meta property=\"og:url\" content=\"https:\/\/nominingue.com\/fr\/supervision-soins-de-sante-et-securite\/\" \/>\n<meta property=\"og:site_name\" content=\"Nominingue Camp\" \/>\n<meta property=\"article:publisher\" content=\"https:\/\/www.facebook.com\/CampNominingue\/\" \/>\n<meta property=\"article:modified_time\" content=\"2025-03-03T18:40:01+00:00\" \/>\n<meta property=\"og:image\" content=\"https:\/\/nominingue.com\/wp-content\/uploads\/2023\/05\/people-heart-1024x683.webp\" \/>\n<meta name=\"twitter:card\" content=\"summary_large_image\" \/>\n<meta name=\"twitter:site\" content=\"@CampNominingue\" \/>\n<meta name=\"twitter:label1\" content=\"Dur\u00e9e de lecture estim\u00e9e\" \/>\n\t<meta name=\"twitter:data1\" content=\"3 minutes\" \/>\n<script type=\"application\/ld+json\" class=\"yoast-schema-graph\">{\"@context\":\"https:\\\/\\\/schema.org\",\"@graph\":[{\"@type\":\"WebPage\",\"@id\":\"https:\\\/\\\/nominingue.com\\\/fr\\\/supervision-soins-de-sante-et-securite\\\/\",\"url\":\"https:\\\/\\\/nominingue.com\\\/fr\\\/supervision-soins-de-sante-et-securite\\\/\",\"name\":\"Supervision, soins de sant\u00e9 et s\u00e9curit\u00e9 - Nominingue Camp\",\"isPartOf\":{\"@id\":\"https:\\\/\\\/nominingue.com\\\/fr\\\/#website\"},\"primaryImageOfPage\":{\"@id\":\"https:\\\/\\\/nominingue.com\\\/fr\\\/supervision-soins-de-sante-et-securite\\\/#primaryimage\"},\"image\":{\"@id\":\"https:\\\/\\\/nominingue.com\\\/fr\\\/supervision-soins-de-sante-et-securite\\\/#primaryimage\"},\"thumbnailUrl\":\"https:\\\/\\\/nominingue.com\\\/wp-content\\\/uploads\\\/2023\\\/05\\\/people-heart-1024x683.webp\",\"datePublished\":\"2023-05-25T16:18:46+00:00\",\"dateModified\":\"2025-03-03T18:40:01+00:00\",\"description\":\"\u00c0 Nominingue, le ratio personnel\\\/campeur est de 1:3. Ce ratio fait partie des efforts que nous d\u00e9ployons pour nous assurer que l'exp\u00e9rience de votre fils \u00e0 Nominingue est positive et heureuse.\",\"breadcrumb\":{\"@id\":\"https:\\\/\\\/nominingue.com\\\/fr\\\/supervision-soins-de-sante-et-securite\\\/#breadcrumb\"},\"inLanguage\":\"fr-FR\",\"potentialAction\":[{\"@type\":\"ReadAction\",\"target\":[\"https:\\\/\\\/nominingue.com\\\/fr\\\/supervision-soins-de-sante-et-securite\\\/\"]}]},{\"@type\":\"ImageObject\",\"inLanguage\":\"fr-FR\",\"@id\":\"https:\\\/\\\/nominingue.com\\\/fr\\\/supervision-soins-de-sante-et-securite\\\/#primaryimage\",\"url\":\"https:\\\/\\\/nominingue.com\\\/wp-content\\\/uploads\\\/2023\\\/05\\\/people-heart-1024x683.webp\",\"contentUrl\":\"https:\\\/\\\/nominingue.com\\\/wp-content\\\/uploads\\\/2023\\\/05\\\/people-heart-1024x683.webp\"},{\"@type\":\"BreadcrumbList\",\"@id\":\"https:\\\/\\\/nominingue.com\\\/fr\\\/supervision-soins-de-sante-et-securite\\\/#breadcrumb\",\"itemListElement\":[{\"@type\":\"ListItem\",\"position\":1,\"name\":\"Home\",\"item\":\"https:\\\/\\\/nominingue.com\\\/fr\\\/\"},{\"@type\":\"ListItem\",\"position\":2,\"name\":\"Supervision, soins de sant\u00e9 et s\u00e9curit\u00e9\"}]},{\"@type\":\"WebSite\",\"@id\":\"https:\\\/\\\/nominingue.com\\\/fr\\\/#website\",\"url\":\"https:\\\/\\\/nominingue.com\\\/fr\\\/\",\"name\":\"Nominingue Camp\",\"description\":\"Where your summer adventure begins...\",\"publisher\":{\"@id\":\"https:\\\/\\\/nominingue.com\\\/fr\\\/#organization\"},\"potentialAction\":[{\"@type\":\"SearchAction\",\"target\":{\"@type\":\"EntryPoint\",\"urlTemplate\":\"https:\\\/\\\/nominingue.com\\\/fr\\\/?s={search_term_string}\"},\"query-input\":{\"@type\":\"PropertyValueSpecification\",\"valueRequired\":true,\"valueName\":\"search_term_string\"}}],\"inLanguage\":\"fr-FR\"},{\"@type\":\"Organization\",\"@id\":\"https:\\\/\\\/nominingue.com\\\/fr\\\/#organization\",\"name\":\"Nominingue Camp\",\"url\":\"https:\\\/\\\/nominingue.com\\\/fr\\\/\",\"logo\":{\"@type\":\"ImageObject\",\"inLanguage\":\"fr-FR\",\"@id\":\"https:\\\/\\\/nominingue.com\\\/fr\\\/#\\\/schema\\\/logo\\\/image\\\/\",\"url\":\"https:\\\/\\\/nominingue.com\\\/wp-content\\\/uploads\\\/2025\\\/01\\\/CampNominingueTransparentGrey_Red-e1736697536987.png\",\"contentUrl\":\"https:\\\/\\\/nominingue.com\\\/wp-content\\\/uploads\\\/2025\\\/01\\\/CampNominingueTransparentGrey_Red-e1736697536987.png\",\"width\":2230,\"height\":1290,\"caption\":\"Nominingue Camp\"},\"image\":{\"@id\":\"https:\\\/\\\/nominingue.com\\\/fr\\\/#\\\/schema\\\/logo\\\/image\\\/\"},\"sameAs\":[\"https:\\\/\\\/www.facebook.com\\\/CampNominingue\\\/\",\"https:\\\/\\\/x.com\\\/CampNominingue\",\"https:\\\/\\\/www.youtube.com\\\/user\\\/CampNominingue\",\"https:\\\/\\\/www.instagram.com\\\/CampNominingue\\\/\"]}]}<\/script>\n<!-- \/ Yoast SEO plugin. -->","yoast_head_json":{"title":"Supervision, soins de sant\u00e9 et s\u00e9curit\u00e9 - Nominingue Camp","description":"\u00c0 Nominingue, le ratio personnel\/campeur est de 1:3. Ce ratio fait partie des efforts que nous d\u00e9ployons pour nous assurer que l'exp\u00e9rience de votre fils \u00e0 Nominingue est positive et heureuse.","robots":{"index":"index","follow":"follow","max-snippet":"max-snippet:-1","max-image-preview":"max-image-preview:large","max-video-preview":"max-video-preview:-1"},"canonical":"https:\/\/nominingue.com\/fr\/supervision-soins-de-sante-et-securite\/","og_locale":"fr_FR","og_type":"article","og_title":"Supervision, soins de sant\u00e9 et s\u00e9curit\u00e9 - Nominingue Camp","og_description":"\u00c0 Nominingue, le ratio personnel\/campeur est de 1:3. Ce ratio fait partie des efforts que nous d\u00e9ployons pour nous assurer que l'exp\u00e9rience de votre fils \u00e0 Nominingue est positive et heureuse.","og_url":"https:\/\/nominingue.com\/fr\/supervision-soins-de-sante-et-securite\/","og_site_name":"Nominingue Camp","article_publisher":"https:\/\/www.facebook.com\/CampNominingue\/","article_modified_time":"2025-03-03T18:40:01+00:00","og_image":[{"url":"https:\/\/nominingue.com\/wp-content\/uploads\/2023\/05\/people-heart-1024x683.webp","type":"","width":"","height":""}],"twitter_card":"summary_large_image","twitter_site":"@CampNominingue","twitter_misc":{"Dur\u00e9e de lecture estim\u00e9e":"3 minutes"},"schema":{"@context":"https:\/\/schema.org","@graph":[{"@type":"WebPage","@id":"https:\/\/nominingue.com\/fr\/supervision-soins-de-sante-et-securite\/","url":"https:\/\/nominingue.com\/fr\/supervision-soins-de-sante-et-securite\/","name":"Supervision, soins de sant\u00e9 et s\u00e9curit\u00e9 - Nominingue Camp","isPartOf":{"@id":"https:\/\/nominingue.com\/fr\/#website"},"primaryImageOfPage":{"@id":"https:\/\/nominingue.com\/fr\/supervision-soins-de-sante-et-securite\/#primaryimage"},"image":{"@id":"https:\/\/nominingue.com\/fr\/supervision-soins-de-sante-et-securite\/#primaryimage"},"thumbnailUrl":"https:\/\/nominingue.com\/wp-content\/uploads\/2023\/05\/people-heart-1024x683.webp","datePublished":"2023-05-25T16:18:46+00:00","dateModified":"2025-03-03T18:40:01+00:00","description":"\u00c0 Nominingue, le ratio personnel\/campeur est de 1:3. Ce ratio fait partie des efforts que nous d\u00e9ployons pour nous assurer que l'exp\u00e9rience de votre fils \u00e0 Nominingue est positive et heureuse.","breadcrumb":{"@id":"https:\/\/nominingue.com\/fr\/supervision-soins-de-sante-et-securite\/#breadcrumb"},"inLanguage":"fr-FR","potentialAction":[{"@type":"ReadAction","target":["https:\/\/nominingue.com\/fr\/supervision-soins-de-sante-et-securite\/"]}]},{"@type":"ImageObject","inLanguage":"fr-FR","@id":"https:\/\/nominingue.com\/fr\/supervision-soins-de-sante-et-securite\/#primaryimage","url":"https:\/\/nominingue.com\/wp-content\/uploads\/2023\/05\/people-heart-1024x683.webp","contentUrl":"https:\/\/nominingue.com\/wp-content\/uploads\/2023\/05\/people-heart-1024x683.webp"},{"@type":"BreadcrumbList","@id":"https:\/\/nominingue.com\/fr\/supervision-soins-de-sante-et-securite\/#breadcrumb","itemListElement":[{"@type":"ListItem","position":1,"name":"Home","item":"https:\/\/nominingue.com\/fr\/"},{"@type":"ListItem","position":2,"name":"Supervision, soins de sant\u00e9 et s\u00e9curit\u00e9"}]},{"@type":"WebSite","@id":"https:\/\/nominingue.com\/fr\/#website","url":"https:\/\/nominingue.com\/fr\/","name":"Nominingue Camp","description":"Where your summer adventure begins...","publisher":{"@id":"https:\/\/nominingue.com\/fr\/#organization"},"potentialAction":[{"@type":"SearchAction","target":{"@type":"EntryPoint","urlTemplate":"https:\/\/nominingue.com\/fr\/?s={search_term_string}"},"query-input":{"@type":"PropertyValueSpecification","valueRequired":true,"valueName":"search_term_string"}}],"inLanguage":"fr-FR"},{"@type":"Organization","@id":"https:\/\/nominingue.com\/fr\/#organization","name":"Nominingue Camp","url":"https:\/\/nominingue.com\/fr\/","logo":{"@type":"ImageObject","inLanguage":"fr-FR","@id":"https:\/\/nominingue.com\/fr\/#\/schema\/logo\/image\/","url":"https:\/\/nominingue.com\/wp-content\/uploads\/2025\/01\/CampNominingueTransparentGrey_Red-e1736697536987.png","contentUrl":"https:\/\/nominingue.com\/wp-content\/uploads\/2025\/01\/CampNominingueTransparentGrey_Red-e1736697536987.png","width":2230,"height":1290,"caption":"Nominingue Camp"},"image":{"@id":"https:\/\/nominingue.com\/fr\/#\/schema\/logo\/image\/"},"sameAs":["https:\/\/www.facebook.com\/CampNominingue\/","https:\/\/x.com\/CampNominingue","https:\/\/www.youtube.com\/user\/CampNominingue","https:\/\/www.instagram.com\/CampNominingue\/"]}]}},"_links":{"self":[{"href":"https:\/\/nominingue.com\/fr\/wp-json\/wp\/v2\/pages\/681","targetHints":{"allow":["GET"]}}],"collection":[{"href":"https:\/\/nominingue.com\/fr\/wp-json\/wp\/v2\/pages"}],"about":[{"href":"https:\/\/nominingue.com\/fr\/wp-json\/wp\/v2\/types\/page"}],"author":[{"embeddable":true,"href":"https:\/\/nominingue.com\/fr\/wp-json\/wp\/v2\/users\/2"}],"replies":[{"embeddable":true,"href":"https:\/\/nominingue.com\/fr\/wp-json\/wp\/v2\/comments?post=681"}],"version-history":[{"count":12,"href":"https:\/\/nominingue.com\/fr\/wp-json\/wp\/v2\/pages\/681\/revisions"}],"predecessor-version":[{"id":1419,"href":"https:\/\/nominingue.com\/fr\/wp-json\/wp\/v2\/pages\/681\/revisions\/1419"}],"wp:attachment":[{"href":"https:\/\/nominingue.com\/fr\/wp-json\/wp\/v2\/media?parent=681"}],"curies":[{"name":"wp","href":"https:\/\/api.w.org\/{rel}","templated":true}]}}