{"id":702,"date":"2023-05-13T12:49:22","date_gmt":"2023-05-13T16:49:22","guid":{"rendered":"https:\/\/nominingue.com\/camp-nominingue-canoe-company\/"},"modified":"2025-10-31T09:42:36","modified_gmt":"2025-10-31T13:42:36","slug":"compagnie-de-canot","status":"publish","type":"page","link":"https:\/\/nominingue.com\/fr\/compagnie-de-canot\/","title":{"rendered":"Compagnie de canot du Camp Nominingue"},"content":{"rendered":"\n<p class=\"has-text-align-center has-vivid-red-color has-text-color has-link-color wp-elements-b256521791900f0150707c4aea69454a\"><strong>*** Les services de r\u00e9paration de cano\u00ebs sont d\u00e9sormais complets pour cet hiver! ***<\/strong><\/p>\n\n\n\n<p>Nous avons commenc\u00e9 \u00e0 faire la r\u00e9paration de canots et le remplacement de toiles dans les ann\u00e9es 1950. Avec l\u2019acquisition d\u2019excellentes moules en 1968, nous avons commenc\u00e9 \u00e0 faire nos propres canots. Depuis, nous avons construit plus de 500, certains allant \u00e0 notre propre flotte de 50 canots, le reste \u00e9tant vendu \u00e0 des individus et \u00e0 d\u2019autres camps de vacances. La plupart des canoteurs exp\u00e9riment\u00e9s conviennent qu\u2019un canot de 16 pieds bien en forme fournit la meilleure combinaison de glissement, de stabilit\u00e9, de l\u00e9g\u00e8ret\u00e9 et de capacit\u00e9 de charge. La largeur de nos canots est de 35 pouces aux plats-bords, mais en raison d\u2019un \u00ab\u00a0tumblehome\u00a0\u00bb prononc\u00e9 de 37 pouces de large, 6 pouces en dessous du plat-bord. Avec une l\u00e9g\u00e8re bascule de la proue \u00e0 la poupe, notre canot fait un excellent canot pour pagayer en solo.<\/p>\n\n\n\n<p>Tout le bois du canot est soit c\u00e8dre ou fr\u00eane blanc que nous s\u00e9lectionnons \u00e0 des scieries de la r\u00e9gion. Le c\u00e8dre blanc de l\u2019Est est utilis\u00e9 car il est plus fort et plus mall\u00e9able que le c\u00e8dre de l\u2019Ouest. Les caract\u00e9ristiques du fr\u00eane de force, de souplesse et de l\u00e9g\u00e8ret\u00e9 sont bien adapt\u00e9s pour la r\u00e9silience et la durabilit\u00e9 requise dans un canot de qualit\u00e9. Les fixations m\u00e9talliques sont en laiton et laiton et acier rev\u00eatu, sauf o\u00f9 l\u2019acier inoxydable est n\u00e9cessaire pour une r\u00e9sistance maximale.<\/p>\n\n\n\n<figure class=\"wp-block-image size-large\"><img loading=\"lazy\" decoding=\"async\" width=\"1024\" height=\"617\" src=\"https:\/\/nominingue.com\/wp-content\/uploads\/2023\/06\/activity-canoe-1024x617.webp\" alt=\"\" class=\"wp-image-363 full-width-image\" srcset=\"https:\/\/nominingue.com\/wp-content\/uploads\/2023\/06\/activity-canoe-1024x617.webp 1024w, https:\/\/nominingue.com\/wp-content\/uploads\/2023\/06\/activity-canoe-300x181.webp 300w, https:\/\/nominingue.com\/wp-content\/uploads\/2023\/06\/activity-canoe-768x463.webp 768w, https:\/\/nominingue.com\/wp-content\/uploads\/2023\/06\/activity-canoe-1536x925.webp 1536w, https:\/\/nominingue.com\/wp-content\/uploads\/2023\/06\/activity-canoe.webp 1599w\" sizes=\"auto, (max-width: 1024px) 100vw, 1024px\" \/><\/figure>\n\n\n\n<p>En plus d\u2019\u00eatre le canot le plus agr\u00e9able \u00e0 pagayer, un canot de c\u00e8dre et de toile peut \u00eatre reconstruit pour moins de la moiti\u00e9 du prix d\u2019un nouveau canot. Le r\u00e9sultat de notre travail de r\u00e9paration est un canot enti\u00e8rement reconstruit, qui est structurellement plus forte que l\u2019original. Depuis 1970, nous avons construit et reconstruit plus de 500 canots. Nous rempla\u00e7ons ou r\u00e9parons chaque pi\u00e8ce qui est fissur\u00e9e, cass\u00e9e ou pourrie avec c\u00e8dre blanc ou fr\u00eane blanc de haute qualit\u00e9. Nous utilisons des clous en laiton, des agrafes anti-rouille et des vis en acier inoxydable. Tout canot qui a gard\u00e9 plus ou moins sa forme originale vaut la reconstruction, \u00e0 condition qu\u2019il ne dispose pas d\u2019un grand nombre de c\u00f4tes cass\u00e9es ou fissur\u00e9es. Huit c\u00f4tes est g\u00e9n\u00e9ralement la limite.<\/p>\n\n\n\n<h2 class=\"wp-block-heading\">Prix pour la r\u00e9paration de canots*<\/h2>\n\n\n\n<figure class=\"wp-block-table is-style-regular\"><table><tbody><tr><td><strong>Remplacement de toile<\/strong><\/td><td>comprend l\u2019enl\u00e8vement de la vieille toile, l\u2019installation d\u2019une nouvelle toile, et remettre les plats-bords originaux,Deux couches de peinture haute qualit\u00e9, \u00e9mail ext\u00e9rieur, une couche de verathane; pas de pon\u00e7age<\/td><td>879.00 $<\/td><\/tr><tr><td><strong>Peinture<\/strong> <strong>Custom<\/strong><\/td><td>Deux couches de peinture haute qualit\u00e9, \u00e9mail ext\u00e9rieur<\/td><td>100.00 $<\/td><\/tr><tr><td><\/td><td><\/td><td><\/td><\/tr><tr><td><strong>C\u00f4te<\/strong><\/td><td>c\u00e8dre blanc<\/td><td>ch 49.500 $<\/td><\/tr><tr><td><strong>Planche<\/strong><\/td><td>c\u00e8dre blanc<\/td><td>par pie<br>d lin\u00e9aire 8.00 $<\/td><\/tr><tr><td><strong>pouces aux plats-bords<\/strong><\/td><td>bord externe \u2013 Fr\u00eane blanc<\/td><td>chaque 72,00$<\/td><\/tr><tr><td><strong>pouces aux plats-bords<\/strong><\/td><td>int\u00e9rieure \u2013 Fr\u00eane blanc<\/td><td>chaque 120,00$<\/td><\/tr><tr><td><strong>Stemband<\/strong><\/td><td>ext\u00e9rieure \u2013 Laiton<\/td><td>chaque 55.00 $<\/td><\/tr><tr><td><strong>Stemband<\/strong><\/td><td>int\u00e9rieure \u2013 Fr\u00eane blanc<\/td><td>110,00$ moyenne<\/td><\/tr><tr><td><strong>Banc<\/strong><\/td><td>Proue ou poupe \u2013 Lattes en fr\u00eane blanc (si\u00e8ges cann\u00e9s en option)<\/td><td>chaque 105,00$<\/td><\/tr><tr><td><strong>Pont<\/strong><\/td><td>Proue ou poupe \u2013 Fr\u00eane blanc<\/td><td>chaque 40,00$<\/td><\/tr><tr><td><strong>Contrecarrer<\/strong><\/td><td>Fr\u00eane blanc<\/td><td>chaque 45.00 $<\/td><\/tr><tr><td><strong>Quille<\/strong><\/td><td>Fr\u00eane blanc<\/td><td>115.00 $<\/td><\/tr><tr><td><strong>Pont modifi\u00e9<\/strong><\/td><td>Fr\u00eane blanc<\/td><td>chaque 50.00 $<\/td><\/tr><\/tbody><\/table><figcaption class=\"wp-element-caption\"><em>*Les prix incluent les mat\u00e9riaux et la main d&rsquo;\u0153uvre (taxes en sus). Veuillez appeler notre bureau pour un devis de ramassage et\/ou de livraison. Les prix sont sujets \u00e0 changement sans pr\u00e9avis. Des tarifs r\u00e9duits\/quantit\u00e9s sont disponibles pour les camps. Les cotations fermes ne changeront pas.<\/em><\/figcaption><\/figure>\n\n\n\n<h2 class=\"wp-block-heading\">Prix d\u2019un nouveau canot* <\/h2>\n\n\n\n<figure class=\"wp-block-table\"><table><tbody><tr><td><strong>16 pieds sans quille<\/strong><\/td><td>4,200.00 $<\/td><\/tr><tr><td><strong>16 pieds avec quille<\/strong><\/td><td>4,300.00 $<\/td><\/tr><tr><td><strong>14 pieds sans quille<\/strong><\/td><td>4,000.00 $<\/td><\/tr><tr><td><strong>14 pieds avec quille<\/strong><\/td><td>4,100.00 $<\/td><\/tr><\/tbody><\/table><figcaption class=\"wp-element-caption\"><em>*Les prix incluent les mat\u00e9riaux et la main d&rsquo;\u0153uvre (taxes en sus). Veuillez appeler notre bureau pour un devis de ramassage et\/ou de livraison. Les prix sont sujets \u00e0 changement sans pr\u00e9avis. Des tarifs r\u00e9duits\/quantit\u00e9s sont disponibles pour les camps. Les cotations fermes ne changeront pas.<\/em><\/figcaption><\/figure>\n\n\n\n<p>\nSi vous \u00eates int\u00e9ress\u00e9 ou avez besoin de plus d&rsquo;informations, veuillez nous contacter par courriel \u00e0 <a class=\"link\" href=\"mailto:info@nominingue.com\">info@nominingue.com<\/a> ou par t\u00e9l\u00e9phone au <a class=\"link\" href=\"tel:819-278-3383\">(819) 278-3383<\/a>.\n<\/p>\n","protected":false},"excerpt":{"rendered":"<p>*** Les services de r\u00e9paration de cano\u00ebs sont d\u00e9sormais complets pour cet hiver! *** Nous avons commenc\u00e9 \u00e0 faire la r\u00e9paration de canots et le remplacement de toiles dans les ann\u00e9es 1950. Avec l\u2019acquisition d\u2019excellentes moules en 1968, nous avons commenc\u00e9 \u00e0 faire nos propres canots. Depuis, nous avons construit plus de 500, certains allant [&hellip;]<\/p>\n","protected":false},"author":2,"featured_media":0,"parent":0,"menu_order":0,"comment_status":"closed","ping_status":"closed","template":"","meta":{"_acf_changed":false,"footnotes":""},"class_list":["post-702","page","type-page","status-publish","hentry"],"acf":[],"yoast_head":"<!-- This site is optimized with the Yoast SEO plugin v27.3 - https:\/\/yoast.com\/product\/yoast-seo-wordpress\/ -->\n<title>Compagnie de canot du Camp Nominingue<\/title>\n<meta name=\"description\" content=\"Nous avons commenc\u00e9 \u00e0 faire la r\u00e9paration de canots et le remplacement de toiles dans les ann\u00e9es 1950. Avec l\u2019acquisition d\u2019excellentes moules en 1968, nous avons commenc\u00e9 \u00e0 faire nos propres canots.\" \/>\n<meta name=\"robots\" content=\"index, follow, max-snippet:-1, max-image-preview:large, max-video-preview:-1\" \/>\n<link rel=\"canonical\" href=\"https:\/\/nominingue.com\/fr\/compagnie-de-canot\/\" \/>\n<meta property=\"og:locale\" content=\"fr_FR\" \/>\n<meta property=\"og:type\" content=\"article\" \/>\n<meta property=\"og:title\" content=\"Compagnie de canot du Camp Nominingue\" \/>\n<meta property=\"og:description\" content=\"Nous avons commenc\u00e9 \u00e0 faire la r\u00e9paration de canots et le remplacement de toiles dans les ann\u00e9es 1950. Avec l\u2019acquisition d\u2019excellentes moules en 1968, nous avons commenc\u00e9 \u00e0 faire nos propres canots.\" \/>\n<meta property=\"og:url\" content=\"https:\/\/nominingue.com\/fr\/compagnie-de-canot\/\" \/>\n<meta property=\"og:site_name\" content=\"Nominingue Camp\" \/>\n<meta property=\"article:publisher\" content=\"https:\/\/www.facebook.com\/CampNominingue\/\" \/>\n<meta property=\"article:modified_time\" content=\"2025-10-31T13:42:36+00:00\" \/>\n<meta property=\"og:image\" content=\"https:\/\/nominingue.com\/wp-content\/uploads\/2023\/06\/activity-canoe.webp\" \/>\n\t<meta property=\"og:image:width\" content=\"1599\" \/>\n\t<meta property=\"og:image:height\" content=\"963\" \/>\n\t<meta property=\"og:image:type\" content=\"image\/webp\" \/>\n<meta name=\"twitter:card\" content=\"summary_large_image\" \/>\n<meta name=\"twitter:site\" content=\"@CampNominingue\" \/>\n<meta name=\"twitter:label1\" content=\"Dur\u00e9e de lecture estim\u00e9e\" \/>\n\t<meta name=\"twitter:data1\" content=\"4 minutes\" \/>\n<script type=\"application\/ld+json\" class=\"yoast-schema-graph\">{\"@context\":\"https:\\\/\\\/schema.org\",\"@graph\":[{\"@type\":\"WebPage\",\"@id\":\"https:\\\/\\\/nominingue.com\\\/fr\\\/compagnie-de-canot\\\/\",\"url\":\"https:\\\/\\\/nominingue.com\\\/fr\\\/compagnie-de-canot\\\/\",\"name\":\"Compagnie de canot du Camp Nominingue\",\"isPartOf\":{\"@id\":\"https:\\\/\\\/nominingue.com\\\/fr\\\/#website\"},\"primaryImageOfPage\":{\"@id\":\"https:\\\/\\\/nominingue.com\\\/fr\\\/compagnie-de-canot\\\/#primaryimage\"},\"image\":{\"@id\":\"https:\\\/\\\/nominingue.com\\\/fr\\\/compagnie-de-canot\\\/#primaryimage\"},\"thumbnailUrl\":\"https:\\\/\\\/nominingue.com\\\/wp-content\\\/uploads\\\/2023\\\/06\\\/activity-canoe-1024x617.webp\",\"datePublished\":\"2023-05-13T16:49:22+00:00\",\"dateModified\":\"2025-10-31T13:42:36+00:00\",\"description\":\"Nous avons commenc\u00e9 \u00e0 faire la r\u00e9paration de canots et le remplacement de toiles dans les ann\u00e9es 1950. Avec l\u2019acquisition d\u2019excellentes moules en 1968, nous avons commenc\u00e9 \u00e0 faire nos propres canots.\",\"breadcrumb\":{\"@id\":\"https:\\\/\\\/nominingue.com\\\/fr\\\/compagnie-de-canot\\\/#breadcrumb\"},\"inLanguage\":\"fr-FR\",\"potentialAction\":[{\"@type\":\"ReadAction\",\"target\":[\"https:\\\/\\\/nominingue.com\\\/fr\\\/compagnie-de-canot\\\/\"]}]},{\"@type\":\"ImageObject\",\"inLanguage\":\"fr-FR\",\"@id\":\"https:\\\/\\\/nominingue.com\\\/fr\\\/compagnie-de-canot\\\/#primaryimage\",\"url\":\"https:\\\/\\\/nominingue.com\\\/wp-content\\\/uploads\\\/2023\\\/06\\\/activity-canoe-1024x617.webp\",\"contentUrl\":\"https:\\\/\\\/nominingue.com\\\/wp-content\\\/uploads\\\/2023\\\/06\\\/activity-canoe-1024x617.webp\"},{\"@type\":\"BreadcrumbList\",\"@id\":\"https:\\\/\\\/nominingue.com\\\/fr\\\/compagnie-de-canot\\\/#breadcrumb\",\"itemListElement\":[{\"@type\":\"ListItem\",\"position\":1,\"name\":\"Home\",\"item\":\"https:\\\/\\\/nominingue.com\\\/fr\\\/\"},{\"@type\":\"ListItem\",\"position\":2,\"name\":\"Compagnie de canot du Camp Nominingue\"}]},{\"@type\":\"WebSite\",\"@id\":\"https:\\\/\\\/nominingue.com\\\/fr\\\/#website\",\"url\":\"https:\\\/\\\/nominingue.com\\\/fr\\\/\",\"name\":\"Nominingue Camp\",\"description\":\"Where your summer adventure begins...\",\"publisher\":{\"@id\":\"https:\\\/\\\/nominingue.com\\\/fr\\\/#organization\"},\"potentialAction\":[{\"@type\":\"SearchAction\",\"target\":{\"@type\":\"EntryPoint\",\"urlTemplate\":\"https:\\\/\\\/nominingue.com\\\/fr\\\/?s={search_term_string}\"},\"query-input\":{\"@type\":\"PropertyValueSpecification\",\"valueRequired\":true,\"valueName\":\"search_term_string\"}}],\"inLanguage\":\"fr-FR\"},{\"@type\":\"Organization\",\"@id\":\"https:\\\/\\\/nominingue.com\\\/fr\\\/#organization\",\"name\":\"Nominingue Camp\",\"url\":\"https:\\\/\\\/nominingue.com\\\/fr\\\/\",\"logo\":{\"@type\":\"ImageObject\",\"inLanguage\":\"fr-FR\",\"@id\":\"https:\\\/\\\/nominingue.com\\\/fr\\\/#\\\/schema\\\/logo\\\/image\\\/\",\"url\":\"https:\\\/\\\/nominingue.com\\\/wp-content\\\/uploads\\\/2025\\\/01\\\/CampNominingueTransparentGrey_Red-e1736697536987.png\",\"contentUrl\":\"https:\\\/\\\/nominingue.com\\\/wp-content\\\/uploads\\\/2025\\\/01\\\/CampNominingueTransparentGrey_Red-e1736697536987.png\",\"width\":2230,\"height\":1290,\"caption\":\"Nominingue Camp\"},\"image\":{\"@id\":\"https:\\\/\\\/nominingue.com\\\/fr\\\/#\\\/schema\\\/logo\\\/image\\\/\"},\"sameAs\":[\"https:\\\/\\\/www.facebook.com\\\/CampNominingue\\\/\",\"https:\\\/\\\/x.com\\\/CampNominingue\",\"https:\\\/\\\/www.youtube.com\\\/user\\\/CampNominingue\",\"https:\\\/\\\/www.instagram.com\\\/CampNominingue\\\/\"]}]}<\/script>\n<!-- \/ Yoast SEO plugin. -->","yoast_head_json":{"title":"Compagnie de canot du Camp Nominingue","description":"Nous avons commenc\u00e9 \u00e0 faire la r\u00e9paration de canots et le remplacement de toiles dans les ann\u00e9es 1950. Avec l\u2019acquisition d\u2019excellentes moules en 1968, nous avons commenc\u00e9 \u00e0 faire nos propres canots.","robots":{"index":"index","follow":"follow","max-snippet":"max-snippet:-1","max-image-preview":"max-image-preview:large","max-video-preview":"max-video-preview:-1"},"canonical":"https:\/\/nominingue.com\/fr\/compagnie-de-canot\/","og_locale":"fr_FR","og_type":"article","og_title":"Compagnie de canot du Camp Nominingue","og_description":"Nous avons commenc\u00e9 \u00e0 faire la r\u00e9paration de canots et le remplacement de toiles dans les ann\u00e9es 1950. Avec l\u2019acquisition d\u2019excellentes moules en 1968, nous avons commenc\u00e9 \u00e0 faire nos propres canots.","og_url":"https:\/\/nominingue.com\/fr\/compagnie-de-canot\/","og_site_name":"Nominingue Camp","article_publisher":"https:\/\/www.facebook.com\/CampNominingue\/","article_modified_time":"2025-10-31T13:42:36+00:00","og_image":[{"width":1599,"height":963,"url":"https:\/\/nominingue.com\/wp-content\/uploads\/2023\/06\/activity-canoe.webp","type":"image\/webp"}],"twitter_card":"summary_large_image","twitter_site":"@CampNominingue","twitter_misc":{"Dur\u00e9e de lecture estim\u00e9e":"4 minutes"},"schema":{"@context":"https:\/\/schema.org","@graph":[{"@type":"WebPage","@id":"https:\/\/nominingue.com\/fr\/compagnie-de-canot\/","url":"https:\/\/nominingue.com\/fr\/compagnie-de-canot\/","name":"Compagnie de canot du Camp Nominingue","isPartOf":{"@id":"https:\/\/nominingue.com\/fr\/#website"},"primaryImageOfPage":{"@id":"https:\/\/nominingue.com\/fr\/compagnie-de-canot\/#primaryimage"},"image":{"@id":"https:\/\/nominingue.com\/fr\/compagnie-de-canot\/#primaryimage"},"thumbnailUrl":"https:\/\/nominingue.com\/wp-content\/uploads\/2023\/06\/activity-canoe-1024x617.webp","datePublished":"2023-05-13T16:49:22+00:00","dateModified":"2025-10-31T13:42:36+00:00","description":"Nous avons commenc\u00e9 \u00e0 faire la r\u00e9paration de canots et le remplacement de toiles dans les ann\u00e9es 1950. Avec l\u2019acquisition d\u2019excellentes moules en 1968, nous avons commenc\u00e9 \u00e0 faire nos propres canots.","breadcrumb":{"@id":"https:\/\/nominingue.com\/fr\/compagnie-de-canot\/#breadcrumb"},"inLanguage":"fr-FR","potentialAction":[{"@type":"ReadAction","target":["https:\/\/nominingue.com\/fr\/compagnie-de-canot\/"]}]},{"@type":"ImageObject","inLanguage":"fr-FR","@id":"https:\/\/nominingue.com\/fr\/compagnie-de-canot\/#primaryimage","url":"https:\/\/nominingue.com\/wp-content\/uploads\/2023\/06\/activity-canoe-1024x617.webp","contentUrl":"https:\/\/nominingue.com\/wp-content\/uploads\/2023\/06\/activity-canoe-1024x617.webp"},{"@type":"BreadcrumbList","@id":"https:\/\/nominingue.com\/fr\/compagnie-de-canot\/#breadcrumb","itemListElement":[{"@type":"ListItem","position":1,"name":"Home","item":"https:\/\/nominingue.com\/fr\/"},{"@type":"ListItem","position":2,"name":"Compagnie de canot du Camp Nominingue"}]},{"@type":"WebSite","@id":"https:\/\/nominingue.com\/fr\/#website","url":"https:\/\/nominingue.com\/fr\/","name":"Nominingue Camp","description":"Where your summer adventure begins...","publisher":{"@id":"https:\/\/nominingue.com\/fr\/#organization"},"potentialAction":[{"@type":"SearchAction","target":{"@type":"EntryPoint","urlTemplate":"https:\/\/nominingue.com\/fr\/?s={search_term_string}"},"query-input":{"@type":"PropertyValueSpecification","valueRequired":true,"valueName":"search_term_string"}}],"inLanguage":"fr-FR"},{"@type":"Organization","@id":"https:\/\/nominingue.com\/fr\/#organization","name":"Nominingue Camp","url":"https:\/\/nominingue.com\/fr\/","logo":{"@type":"ImageObject","inLanguage":"fr-FR","@id":"https:\/\/nominingue.com\/fr\/#\/schema\/logo\/image\/","url":"https:\/\/nominingue.com\/wp-content\/uploads\/2025\/01\/CampNominingueTransparentGrey_Red-e1736697536987.png","contentUrl":"https:\/\/nominingue.com\/wp-content\/uploads\/2025\/01\/CampNominingueTransparentGrey_Red-e1736697536987.png","width":2230,"height":1290,"caption":"Nominingue Camp"},"image":{"@id":"https:\/\/nominingue.com\/fr\/#\/schema\/logo\/image\/"},"sameAs":["https:\/\/www.facebook.com\/CampNominingue\/","https:\/\/x.com\/CampNominingue","https:\/\/www.youtube.com\/user\/CampNominingue","https:\/\/www.instagram.com\/CampNominingue\/"]}]}},"_links":{"self":[{"href":"https:\/\/nominingue.com\/fr\/wp-json\/wp\/v2\/pages\/702","targetHints":{"allow":["GET"]}}],"collection":[{"href":"https:\/\/nominingue.com\/fr\/wp-json\/wp\/v2\/pages"}],"about":[{"href":"https:\/\/nominingue.com\/fr\/wp-json\/wp\/v2\/types\/page"}],"author":[{"embeddable":true,"href":"https:\/\/nominingue.com\/fr\/wp-json\/wp\/v2\/users\/2"}],"replies":[{"embeddable":true,"href":"https:\/\/nominingue.com\/fr\/wp-json\/wp\/v2\/comments?post=702"}],"version-history":[{"count":10,"href":"https:\/\/nominingue.com\/fr\/wp-json\/wp\/v2\/pages\/702\/revisions"}],"predecessor-version":[{"id":1741,"href":"https:\/\/nominingue.com\/fr\/wp-json\/wp\/v2\/pages\/702\/revisions\/1741"}],"wp:attachment":[{"href":"https:\/\/nominingue.com\/fr\/wp-json\/wp\/v2\/media?parent=702"}],"curies":[{"name":"wp","href":"https:\/\/api.w.org\/{rel}","templated":true}]}}