{"id":765,"date":"2023-05-12T12:41:09","date_gmt":"2023-05-12T16:41:09","guid":{"rendered":"https:\/\/nominingue.com\/personnel-et-installations\/"},"modified":"2024-10-28T18:48:30","modified_gmt":"2024-10-28T22:48:30","slug":"personnel-et-installations","status":"publish","type":"page","link":"https:\/\/nominingue.com\/fr\/personnel-et-installations\/","title":{"rendered":"Personnel &amp; Installations"},"content":{"rendered":"\n<h2 class=\"wp-block-heading alignLeft\">Notre personnel<\/h2>\n\n\n\n<p>Chaque \u00e9t\u00e9, nous embauchons environ 80 employ\u00e9s pour r\u00e9pondre aux besoins de plus de 200 campeurs. Le maintien d\u2019un ratio personnel \u00e0 campeurs de 1:3 est extr\u00eamement important pour le succ\u00e8s de notre programme. Environ 85 % de notre personnel a \u00e9t\u00e9 soit un campeur ou un membre du personnel au cours de l\u2019\u00e9t\u00e9 pr\u00e9c\u00e9dent \u00e0 Nominingue. Ces membres du personnel sont appr\u00e9ci\u00e9s pour leur exp\u00e9rience au camp. Ils veillent \u00e0 ce que nos traditions demeurent solides, ils partagent notre philosophie et ils veillent \u00e0 ce que notre programme fonctionne bien. Nous cherchons toujours \u00e0 recruter du personnel apportant des comp\u00e9tences nouvelles et des exp\u00e9riences de vie uniques pour favoriser la croissance continue et l\u2019enrichissement de notre camp et de nos programmes estivaux. Chaque ann\u00e9e, nous accueillons de nouveaux membres de l\u2019\u00e9quipe venus des quatre coins du monde. Au cours des derniers \u00e9t\u00e9s, notre \u00e9quipe a compt\u00e9 des employ\u00e9s des \u00c9tats-Unis, du Mexique, d&rsquo;Espagne, d&rsquo;\u00c9cosse, d&rsquo;Angleterre, d&rsquo;Irlande, de France, de Nouvelle-Z\u00e9lande et d&rsquo;Australie, et environ 20 \u00e0 30 % de notre personnel est international.<\/p>\n\n\n\n<div class=\"card-full-width\">\n        <img decoding=\"async\" src=\"https:\/\/nominingue.com\/wp-content\/uploads\/2023\/05\/Erik-235-x-300.webp\" alt=\"Erik Blachford\"\/>\n        <div class=\"card-full-width-content\">\n            <h3>Propri\u00e9taire \u2013 Erik Blachford<\/h3>\n            <p>\n En Avril 2015, Erik Blachford et sa femme Maryam ont achet\u00e9 le Camp Nominingue de Peter Van Wagner. Erik et son fr\u00e8re \u00e9taient campeurs et moniteurs dans les ann\u00e9es 1970 et 1980, suivant la tradition \u00e9tablie par leur p\u00e8re et leur oncle dans les ann\u00e9es 1940 et 1950. Poursuivant la tradition familiale, les enfants d\u2019Erik ont particip\u00e9 au camp comme campeurs et ont travaill\u00e9 comme membres du personnel. L\u2019objectif d\u2019Erik pour le camp est de faire en sorte que Nominingue continue d\u2019offrir aux jeunes et aux familles l\u2019exp\u00e9rience unique, les valeurs et les traditions sp\u00e9ciales sur lesquelles il a \u00e9t\u00e9 fond\u00e9, comme il le fait depuis sa cr\u00e9ation par FM Van Wagner et Hay Finlay en 1925.\n            <\/p>\n        <\/div>\n    <\/div>\n    <div class=\"card-full-width\">\n        <img decoding=\"async\" src=\"https:\/\/nominingue.com\/wp-content\/uploads\/2023\/05\/Matt.webp\" alt=\"Directeur adjoint - Matt Cromey\"\/>\n        <div class=\"card-full-width-content\">\n            <h3>Directeur de camp &#8211; Matt Cromey<\/h3>\n            <p>\n Matt Cromey a commenc\u00e9 comme campeur au Lower Camp en 1990. Apr\u00e8s son premier \u00e9t\u00e9, il a su que le Camp Nominingue allait occuper une place importante dans sa vie. Matt a \u00e9t\u00e9 au camp tous les \u00e9t\u00e9s de 1990 \u00e0 2014. Au cours de cette p\u00e9riode, il a combl\u00e9 plusieurs postes diff\u00e9rents au camp, que ce soit au bord de l\u2019eau \u2013 l\u2019enseignement de la voile, de la natation et du plongeon, en canot, dans l\u2019atelier de bois, en tant que directeur des assistants moniteurs et des LIT, en tant que chauffeur, \u00e0 l\u2019entretien de la propri\u00e9t\u00e9 et en tant que directeur des programmes et du personnel, de 2010 \u00e0 2014.\n            <\/p>\n            <a href=\"https:\/\/nominingue.com\/fr\/assistant-realisateur-matt-cromey\/\" class=\"link\">En savoir plus<\/a>\n        <\/div>\n    <\/div>\n\n    <div class=\"card-full-width\">\n        <img decoding=\"async\" src=\"https:\/\/nominingue.com\/wp-content\/uploads\/2024\/10\/IMG_8855-scaled.jpg\"\/>\n        <div class=\"card-full-width-content\">\n            <h3>Directrice Administrative \u2013 Nicole Larin<\/h3>\n            <p>\n Nicole est la directrice de l\u2019administration au Camp Nominingue, o\u00f9 elle apporte plus de 20 ans d\u2019engagement et une passion pour la communaut\u00e9 du camp. Elle a travaill\u00e9 pour la premi\u00e8re fois \u00e0 Nominingue en 2001, puis est revenue comme membre du personnel au camp familial pendant plusieurs \u00e9t\u00e9s. Avec deux fils, aujourd\u2019hui \u00e2g\u00e9s de 12 et 14 ans, campeurs depuis l\u2019\u00e2ge de 7 ans, Nicole comprend de premi\u00e8re main l\u2019impact des exp\u00e9riences de camp. Elle se consacre \u00e0 am\u00e9liorer les op\u00e9rations du camp et \u00e0 soutenir des \u00e9t\u00e9s m\u00e9morables et enrichissants pour tous les campeurs.\n            <\/p>\n        <\/div>\n    <\/div>\n    <div class=\"card-full-width\">\n        <img decoding=\"async\" src=\"https:\/\/nominingue.com\/wp-content\/uploads\/2023\/05\/Grant-McKenna-300-3.webp\" alt=\"Ancien directeur \u2013 Grant McKenna\"\/>\n        <div class=\"card-full-width-content\">\n            <h3>Ancien directeur \u2013 Grant McKenna<\/h3>\n            <p>\n Grant a commenc\u00e9 \u00e0 travailler pour le Camp Nominingue \u00e0 16 ans en 1975 comme assistant-moniteur, apr\u00e8s avoir pass\u00e9 3 ans comme campeur. Au cours des ann\u00e9es, il a pass\u00e9 plus de 30 \u00e9t\u00e9s au Camp, remplissant une vari\u00e9t\u00e9 de postes, notamment directeur des excursions, directeur de section, directeur administratif et directeur de programme. De 2001 \u00e0 2004, Grant a \u00e9t\u00e9 directeur ex\u00e9cutif du Camp.\n            <\/p>\n            <a href=\"https:\/\/nominingue.com\/fr\/vice-president-grant-mckenna\/\" class=\"link\">En savoir plus<\/a>\n        <\/div>\n    <\/div>\n\n    <div class=\"card-full-width\">\n        <img decoding=\"async\" src=\"https:\/\/nominingue.com\/wp-content\/uploads\/2023\/05\/Elisa-Wagner-sq-300.webp\" alt=\"Ancienne G\u00e9rante administrative \u2013 Elisa van Wagner\"\/>\n        <div class=\"card-full-width-content\">\n            <h3>Ancienne G\u00e9rante administrative \u2013 Elisa van Wagner<\/h3>\n            <p>\n Elisa a grandi \u00e0 Nominingue, en passant ses \u00e9t\u00e9s au Camp avec sa famille. \u00c0 la fin des ann\u00e9es 70 et au d\u00e9but des ann\u00e9es 80, elle a travaill\u00e9 \u00e0 l\u2019infirmerie du camp aux c\u00f4t\u00e9s de l\u2019infirmi\u00e8re et du m\u00e9decin. Elisa a commenc\u00e9 \u00e0 travailler \u00e0 temps plein comme administratrice en chef \u00e0 l\u2019automne 2002. Apr\u00e8s avoir pass\u00e9 au moins une partie de chaque \u00e9t\u00e9 de sa vie \u00e0 Nominingue, elle a une bonne compr\u00e9hension des op\u00e9rations quotidiennes du Camp.\n            <\/p>\n            <a href=\"https:\/\/nominingue.com\/fr\/gestionnaire-dentreprise-elisa-van-wagner\/\" class=\"link\">En savoir plus<\/a>\n        <\/div>\n    <\/div>\n\n\n\n<h2 class=\"wp-block-heading\">Nos installations<\/h2>\n\n\n\n<p>L\u2019eau claire des Laurentides coule sur la plage de sable \u2026 d\u2019immenses bouleaux blancs s\u2019\u00e9l\u00e8vent comme sentinelles \u2026 les cris de huards r\u00e9sonnent et remplient la nuit\u2026 Nestled on the shore of Petit Lac Nominingue, far from the reach of urban sprawl, our 400+ acre property is fronted by a sandy beach, making our waterfront an ideal spot for swimming, sailing or paddling. Nos tentes serpentent \u00e0 travers un bosquet de bouleaux blancs, o\u00f9 le son d\u2019un jeu de ballon-captif est \u00e9touff\u00e9 que par le rire venant d\u2019une tente. Situ\u00e9 sur des plates-formes sur\u00e9lev\u00e9es en bois, nos tentes de toile sont \u00e9quip\u00e9es d\u2019un double-toit avec des parois lat\u00e9rales que nous pouvons rouler ou descendre selon la temp\u00e9rature ou le temps, ce qui en fait une maison d\u2019\u00e9t\u00e9 id\u00e9ale pour un petit groupe de gar\u00e7ons et de leur moniteur.<\/p>\n\n\n\n<figure class=\"wp-block-gallery has-nested-images columns-default is-cropped wp-block-gallery-1 is-layout-flex wp-block-gallery-is-layout-flex\">\n<figure class=\"wp-block-image size-large\"><img loading=\"lazy\" decoding=\"async\" width=\"1024\" height=\"436\" data-id=\"189\" src=\"https:\/\/nominingue.com\/wp-content\/uploads\/2023\/05\/header-meals-1024x436.jpg\" alt=\"\" class=\"wp-image-189\" srcset=\"https:\/\/nominingue.com\/wp-content\/uploads\/2023\/05\/header-meals-1024x436.jpg 1024w, https:\/\/nominingue.com\/wp-content\/uploads\/2023\/05\/header-meals-300x128.jpg 300w, https:\/\/nominingue.com\/wp-content\/uploads\/2023\/05\/header-meals-768x327.jpg 768w, https:\/\/nominingue.com\/wp-content\/uploads\/2023\/05\/header-meals.jpg 1080w\" sizes=\"auto, (max-width: 1024px) 100vw, 1024px\" \/><\/figure>\n\n\n\n<figure class=\"wp-block-image size-large\"><img loading=\"lazy\" decoding=\"async\" width=\"1000\" height=\"667\" data-id=\"344\" src=\"https:\/\/nominingue.com\/wp-content\/uploads\/2023\/06\/facilities-food.jpg\" alt=\"\" class=\"wp-image-344\" srcset=\"https:\/\/nominingue.com\/wp-content\/uploads\/2023\/06\/facilities-food.jpg 1000w, https:\/\/nominingue.com\/wp-content\/uploads\/2023\/06\/facilities-food-300x200.jpg 300w, https:\/\/nominingue.com\/wp-content\/uploads\/2023\/06\/facilities-food-768x512.jpg 768w\" sizes=\"auto, (max-width: 1000px) 100vw, 1000px\" \/><\/figure>\n\n\n\n<figure class=\"wp-block-image size-large\"><img loading=\"lazy\" decoding=\"async\" width=\"1000\" height=\"556\" data-id=\"346\" src=\"https:\/\/nominingue.com\/wp-content\/uploads\/2023\/06\/facilities-showers.webp\" alt=\"\" class=\"wp-image-346\" srcset=\"https:\/\/nominingue.com\/wp-content\/uploads\/2023\/06\/facilities-showers.webp 1000w, https:\/\/nominingue.com\/wp-content\/uploads\/2023\/06\/facilities-showers-300x167.webp 300w, https:\/\/nominingue.com\/wp-content\/uploads\/2023\/06\/facilities-showers-768x427.webp 768w\" sizes=\"auto, (max-width: 1000px) 100vw, 1000px\" \/><\/figure>\n\n\n\n<figure class=\"wp-block-image size-large\"><img loading=\"lazy\" decoding=\"async\" width=\"1000\" height=\"556\" data-id=\"348\" src=\"https:\/\/nominingue.com\/wp-content\/uploads\/2023\/06\/facilities-tent1.webp\" alt=\"\" class=\"wp-image-348\" srcset=\"https:\/\/nominingue.com\/wp-content\/uploads\/2023\/06\/facilities-tent1.webp 1000w, https:\/\/nominingue.com\/wp-content\/uploads\/2023\/06\/facilities-tent1-300x167.webp 300w, https:\/\/nominingue.com\/wp-content\/uploads\/2023\/06\/facilities-tent1-768x427.webp 768w\" sizes=\"auto, (max-width: 1000px) 100vw, 1000px\" \/><\/figure>\n\n\n\n<figure class=\"wp-block-image size-large\"><img loading=\"lazy\" decoding=\"async\" width=\"1000\" height=\"556\" data-id=\"350\" src=\"https:\/\/nominingue.com\/wp-content\/uploads\/2023\/06\/facilities-tents.webp\" alt=\"\" class=\"wp-image-350\" srcset=\"https:\/\/nominingue.com\/wp-content\/uploads\/2023\/06\/facilities-tents.webp 1000w, https:\/\/nominingue.com\/wp-content\/uploads\/2023\/06\/facilities-tents-300x167.webp 300w, https:\/\/nominingue.com\/wp-content\/uploads\/2023\/06\/facilities-tents-768x427.webp 768w\" sizes=\"auto, (max-width: 1000px) 100vw, 1000px\" \/><\/figure>\n\n\n\n<figure class=\"wp-block-image size-large\"><img loading=\"lazy\" decoding=\"async\" width=\"1000\" height=\"556\" data-id=\"352\" src=\"https:\/\/nominingue.com\/wp-content\/uploads\/2023\/06\/facilities-washroom.webp\" alt=\"\" class=\"wp-image-352\" srcset=\"https:\/\/nominingue.com\/wp-content\/uploads\/2023\/06\/facilities-washroom.webp 1000w, https:\/\/nominingue.com\/wp-content\/uploads\/2023\/06\/facilities-washroom-300x167.webp 300w, https:\/\/nominingue.com\/wp-content\/uploads\/2023\/06\/facilities-washroom-768x427.webp 768w\" sizes=\"auto, (max-width: 1000px) 100vw, 1000px\" \/><\/figure>\n<\/figure>\n\n\n\n<p>Les autres installations comprennent : une salle \u00e0 manger \u00e0 300 places, o\u00f9 notre cuisinier pr\u00e9pare un menu \u00e9quilibr\u00e9 de repas de style familial; notre atelier de bois, o\u00f9 les gar\u00e7ons peuvent choisir parmi une grande vari\u00e9t\u00e9 de projets; une infirmerie, o\u00f9 notre m\u00e9decin r\u00e9sident et nos pr\u00e9pos\u00e9s aux premiers soins veillent \u00e0 la sant\u00e9 et s\u00e9curit\u00e9 des gar\u00e7ons; et bien plus encore. Malgr\u00e9 notre site en pleine nature, le Camp Nominingue est facilement accessible en voiture \u00e0 partir de Montr\u00e9al ou d\u2019Ottawa, d\u2019o\u00f9 nous offrons un transport en autobus, et de l\u2019a\u00e9roport Montr\u00e9al \u2013 Trudeau.<\/p>\n\n\n\n<figure class=\"wp-block-embed is-type-video is-provider-youtube wp-block-embed-youtube wp-embed-aspect-16-9 wp-has-aspect-ratio\"><div class=\"wp-block-embed__wrapper\">\n<iframe loading=\"lazy\" title=\"Q   Favourite Spot\" width=\"500\" height=\"281\" src=\"https:\/\/www.youtube.com\/embed\/b23zjz3egqY?feature=oembed\" frameborder=\"0\" allow=\"accelerometer; autoplay; clipboard-write; encrypted-media; gyroscope; picture-in-picture; web-share\" referrerpolicy=\"strict-origin-when-cross-origin\" allowfullscreen><\/iframe>\n<\/div><\/figure>\n\n\n\n<h2 class=\"wp-block-heading\">Plan du camp<\/h2>\n\n\n\n<a href=\"\/wp-content\/uploads\/2023\/07\/camp_map.jpg\" target=\"_blank\" id=\"camp_map\" rel=\"noopener\">\n   <img decoding=\"async\" src=\"\/wp-content\/uploads\/2023\/07\/camp_map.jpg\" alt=\"Plan du camp\"\/>\n<\/a>\n","protected":false},"excerpt":{"rendered":"<p>Notre personnel Chaque \u00e9t\u00e9, nous embauchons environ 80 employ\u00e9s pour r\u00e9pondre aux besoins de plus de 200 campeurs. Le maintien d\u2019un ratio personnel \u00e0 campeurs de 1:3 est extr\u00eamement important pour le succ\u00e8s de notre programme. Environ 85 % de notre personnel a \u00e9t\u00e9 soit un campeur ou un membre du personnel au cours de [&hellip;]<\/p>\n","protected":false},"author":5,"featured_media":0,"parent":0,"menu_order":0,"comment_status":"closed","ping_status":"closed","template":"","meta":{"_acf_changed":false,"footnotes":""},"class_list":["post-765","page","type-page","status-publish","hentry"],"acf":[],"yoast_head":"<!-- This site is optimized with the Yoast SEO plugin v27.3 - https:\/\/yoast.com\/product\/yoast-seo-wordpress\/ -->\n<title>Personnel &amp; Installations - Nominingue Camp<\/title>\n<meta name=\"description\" content=\"Notre personnel veille \u00e0 ce que nos traditions restent fortes. Ils partagent notre philosophie et veillent au bon d\u00e9roulement de notre programme.\" \/>\n<meta name=\"robots\" content=\"index, follow, max-snippet:-1, max-image-preview:large, max-video-preview:-1\" \/>\n<link rel=\"canonical\" href=\"https:\/\/nominingue.com\/fr\/personnel-et-installations\/\" \/>\n<meta property=\"og:locale\" content=\"fr_FR\" \/>\n<meta property=\"og:type\" content=\"article\" \/>\n<meta property=\"og:title\" content=\"Personnel &amp; Installations - Nominingue Camp\" \/>\n<meta property=\"og:description\" content=\"Notre personnel veille \u00e0 ce que nos traditions restent fortes. Ils partagent notre philosophie et veillent au bon d\u00e9roulement de notre programme.\" \/>\n<meta property=\"og:url\" content=\"https:\/\/nominingue.com\/fr\/personnel-et-installations\/\" \/>\n<meta property=\"og:site_name\" content=\"Nominingue Camp\" \/>\n<meta property=\"article:publisher\" content=\"https:\/\/www.facebook.com\/CampNominingue\/\" \/>\n<meta property=\"article:modified_time\" content=\"2024-10-28T22:48:30+00:00\" \/>\n<meta property=\"og:image\" content=\"https:\/\/nominingue.com\/wp-content\/uploads\/2023\/05\/Erik-235-x-300.webp\" \/>\n<meta name=\"twitter:card\" content=\"summary_large_image\" \/>\n<meta name=\"twitter:site\" content=\"@CampNominingue\" \/>\n<meta name=\"twitter:label1\" content=\"Dur\u00e9e de lecture estim\u00e9e\" \/>\n\t<meta name=\"twitter:data1\" content=\"5 minutes\" \/>\n<script type=\"application\/ld+json\" class=\"yoast-schema-graph\">{\"@context\":\"https:\\\/\\\/schema.org\",\"@graph\":[{\"@type\":\"WebPage\",\"@id\":\"https:\\\/\\\/nominingue.com\\\/fr\\\/personnel-et-installations\\\/\",\"url\":\"https:\\\/\\\/nominingue.com\\\/fr\\\/personnel-et-installations\\\/\",\"name\":\"Personnel &amp; Installations - Nominingue Camp\",\"isPartOf\":{\"@id\":\"https:\\\/\\\/nominingue.com\\\/fr\\\/#website\"},\"primaryImageOfPage\":{\"@id\":\"https:\\\/\\\/nominingue.com\\\/fr\\\/personnel-et-installations\\\/#primaryimage\"},\"image\":{\"@id\":\"https:\\\/\\\/nominingue.com\\\/fr\\\/personnel-et-installations\\\/#primaryimage\"},\"thumbnailUrl\":\"https:\\\/\\\/nominingue.com\\\/wp-content\\\/uploads\\\/2023\\\/05\\\/Erik-235-x-300.webp\",\"datePublished\":\"2023-05-12T16:41:09+00:00\",\"dateModified\":\"2024-10-28T22:48:30+00:00\",\"description\":\"Notre personnel veille \u00e0 ce que nos traditions restent fortes. Ils partagent notre philosophie et veillent au bon d\u00e9roulement de notre programme.\",\"breadcrumb\":{\"@id\":\"https:\\\/\\\/nominingue.com\\\/fr\\\/personnel-et-installations\\\/#breadcrumb\"},\"inLanguage\":\"fr-FR\",\"potentialAction\":[{\"@type\":\"ReadAction\",\"target\":[\"https:\\\/\\\/nominingue.com\\\/fr\\\/personnel-et-installations\\\/\"]}]},{\"@type\":\"ImageObject\",\"inLanguage\":\"fr-FR\",\"@id\":\"https:\\\/\\\/nominingue.com\\\/fr\\\/personnel-et-installations\\\/#primaryimage\",\"url\":\"https:\\\/\\\/nominingue.com\\\/wp-content\\\/uploads\\\/2023\\\/05\\\/Erik-235-x-300.webp\",\"contentUrl\":\"https:\\\/\\\/nominingue.com\\\/wp-content\\\/uploads\\\/2023\\\/05\\\/Erik-235-x-300.webp\"},{\"@type\":\"BreadcrumbList\",\"@id\":\"https:\\\/\\\/nominingue.com\\\/fr\\\/personnel-et-installations\\\/#breadcrumb\",\"itemListElement\":[{\"@type\":\"ListItem\",\"position\":1,\"name\":\"Home\",\"item\":\"https:\\\/\\\/nominingue.com\\\/fr\\\/\"},{\"@type\":\"ListItem\",\"position\":2,\"name\":\"Personnel &amp; Installations\"}]},{\"@type\":\"WebSite\",\"@id\":\"https:\\\/\\\/nominingue.com\\\/fr\\\/#website\",\"url\":\"https:\\\/\\\/nominingue.com\\\/fr\\\/\",\"name\":\"Nominingue Camp\",\"description\":\"Where your summer adventure begins...\",\"publisher\":{\"@id\":\"https:\\\/\\\/nominingue.com\\\/fr\\\/#organization\"},\"potentialAction\":[{\"@type\":\"SearchAction\",\"target\":{\"@type\":\"EntryPoint\",\"urlTemplate\":\"https:\\\/\\\/nominingue.com\\\/fr\\\/?s={search_term_string}\"},\"query-input\":{\"@type\":\"PropertyValueSpecification\",\"valueRequired\":true,\"valueName\":\"search_term_string\"}}],\"inLanguage\":\"fr-FR\"},{\"@type\":\"Organization\",\"@id\":\"https:\\\/\\\/nominingue.com\\\/fr\\\/#organization\",\"name\":\"Nominingue Camp\",\"url\":\"https:\\\/\\\/nominingue.com\\\/fr\\\/\",\"logo\":{\"@type\":\"ImageObject\",\"inLanguage\":\"fr-FR\",\"@id\":\"https:\\\/\\\/nominingue.com\\\/fr\\\/#\\\/schema\\\/logo\\\/image\\\/\",\"url\":\"https:\\\/\\\/nominingue.com\\\/wp-content\\\/uploads\\\/2025\\\/01\\\/CampNominingueTransparentGrey_Red-e1736697536987.png\",\"contentUrl\":\"https:\\\/\\\/nominingue.com\\\/wp-content\\\/uploads\\\/2025\\\/01\\\/CampNominingueTransparentGrey_Red-e1736697536987.png\",\"width\":2230,\"height\":1290,\"caption\":\"Nominingue Camp\"},\"image\":{\"@id\":\"https:\\\/\\\/nominingue.com\\\/fr\\\/#\\\/schema\\\/logo\\\/image\\\/\"},\"sameAs\":[\"https:\\\/\\\/www.facebook.com\\\/CampNominingue\\\/\",\"https:\\\/\\\/x.com\\\/CampNominingue\",\"https:\\\/\\\/www.youtube.com\\\/user\\\/CampNominingue\",\"https:\\\/\\\/www.instagram.com\\\/CampNominingue\\\/\"]}]}<\/script>\n<!-- \/ Yoast SEO plugin. -->","yoast_head_json":{"title":"Personnel &amp; Installations - Nominingue Camp","description":"Notre personnel veille \u00e0 ce que nos traditions restent fortes. Ils partagent notre philosophie et veillent au bon d\u00e9roulement de notre programme.","robots":{"index":"index","follow":"follow","max-snippet":"max-snippet:-1","max-image-preview":"max-image-preview:large","max-video-preview":"max-video-preview:-1"},"canonical":"https:\/\/nominingue.com\/fr\/personnel-et-installations\/","og_locale":"fr_FR","og_type":"article","og_title":"Personnel &amp; Installations - Nominingue Camp","og_description":"Notre personnel veille \u00e0 ce que nos traditions restent fortes. Ils partagent notre philosophie et veillent au bon d\u00e9roulement de notre programme.","og_url":"https:\/\/nominingue.com\/fr\/personnel-et-installations\/","og_site_name":"Nominingue Camp","article_publisher":"https:\/\/www.facebook.com\/CampNominingue\/","article_modified_time":"2024-10-28T22:48:30+00:00","og_image":[{"url":"https:\/\/nominingue.com\/wp-content\/uploads\/2023\/05\/Erik-235-x-300.webp","type":"","width":"","height":""}],"twitter_card":"summary_large_image","twitter_site":"@CampNominingue","twitter_misc":{"Dur\u00e9e de lecture estim\u00e9e":"5 minutes"},"schema":{"@context":"https:\/\/schema.org","@graph":[{"@type":"WebPage","@id":"https:\/\/nominingue.com\/fr\/personnel-et-installations\/","url":"https:\/\/nominingue.com\/fr\/personnel-et-installations\/","name":"Personnel &amp; Installations - Nominingue Camp","isPartOf":{"@id":"https:\/\/nominingue.com\/fr\/#website"},"primaryImageOfPage":{"@id":"https:\/\/nominingue.com\/fr\/personnel-et-installations\/#primaryimage"},"image":{"@id":"https:\/\/nominingue.com\/fr\/personnel-et-installations\/#primaryimage"},"thumbnailUrl":"https:\/\/nominingue.com\/wp-content\/uploads\/2023\/05\/Erik-235-x-300.webp","datePublished":"2023-05-12T16:41:09+00:00","dateModified":"2024-10-28T22:48:30+00:00","description":"Notre personnel veille \u00e0 ce que nos traditions restent fortes. Ils partagent notre philosophie et veillent au bon d\u00e9roulement de notre programme.","breadcrumb":{"@id":"https:\/\/nominingue.com\/fr\/personnel-et-installations\/#breadcrumb"},"inLanguage":"fr-FR","potentialAction":[{"@type":"ReadAction","target":["https:\/\/nominingue.com\/fr\/personnel-et-installations\/"]}]},{"@type":"ImageObject","inLanguage":"fr-FR","@id":"https:\/\/nominingue.com\/fr\/personnel-et-installations\/#primaryimage","url":"https:\/\/nominingue.com\/wp-content\/uploads\/2023\/05\/Erik-235-x-300.webp","contentUrl":"https:\/\/nominingue.com\/wp-content\/uploads\/2023\/05\/Erik-235-x-300.webp"},{"@type":"BreadcrumbList","@id":"https:\/\/nominingue.com\/fr\/personnel-et-installations\/#breadcrumb","itemListElement":[{"@type":"ListItem","position":1,"name":"Home","item":"https:\/\/nominingue.com\/fr\/"},{"@type":"ListItem","position":2,"name":"Personnel &amp; Installations"}]},{"@type":"WebSite","@id":"https:\/\/nominingue.com\/fr\/#website","url":"https:\/\/nominingue.com\/fr\/","name":"Nominingue Camp","description":"Where your summer adventure begins...","publisher":{"@id":"https:\/\/nominingue.com\/fr\/#organization"},"potentialAction":[{"@type":"SearchAction","target":{"@type":"EntryPoint","urlTemplate":"https:\/\/nominingue.com\/fr\/?s={search_term_string}"},"query-input":{"@type":"PropertyValueSpecification","valueRequired":true,"valueName":"search_term_string"}}],"inLanguage":"fr-FR"},{"@type":"Organization","@id":"https:\/\/nominingue.com\/fr\/#organization","name":"Nominingue Camp","url":"https:\/\/nominingue.com\/fr\/","logo":{"@type":"ImageObject","inLanguage":"fr-FR","@id":"https:\/\/nominingue.com\/fr\/#\/schema\/logo\/image\/","url":"https:\/\/nominingue.com\/wp-content\/uploads\/2025\/01\/CampNominingueTransparentGrey_Red-e1736697536987.png","contentUrl":"https:\/\/nominingue.com\/wp-content\/uploads\/2025\/01\/CampNominingueTransparentGrey_Red-e1736697536987.png","width":2230,"height":1290,"caption":"Nominingue Camp"},"image":{"@id":"https:\/\/nominingue.com\/fr\/#\/schema\/logo\/image\/"},"sameAs":["https:\/\/www.facebook.com\/CampNominingue\/","https:\/\/x.com\/CampNominingue","https:\/\/www.youtube.com\/user\/CampNominingue","https:\/\/www.instagram.com\/CampNominingue\/"]}]}},"_links":{"self":[{"href":"https:\/\/nominingue.com\/fr\/wp-json\/wp\/v2\/pages\/765","targetHints":{"allow":["GET"]}}],"collection":[{"href":"https:\/\/nominingue.com\/fr\/wp-json\/wp\/v2\/pages"}],"about":[{"href":"https:\/\/nominingue.com\/fr\/wp-json\/wp\/v2\/types\/page"}],"author":[{"embeddable":true,"href":"https:\/\/nominingue.com\/fr\/wp-json\/wp\/v2\/users\/5"}],"replies":[{"embeddable":true,"href":"https:\/\/nominingue.com\/fr\/wp-json\/wp\/v2\/comments?post=765"}],"version-history":[{"count":19,"href":"https:\/\/nominingue.com\/fr\/wp-json\/wp\/v2\/pages\/765\/revisions"}],"predecessor-version":[{"id":1249,"href":"https:\/\/nominingue.com\/fr\/wp-json\/wp\/v2\/pages\/765\/revisions\/1249"}],"wp:attachment":[{"href":"https:\/\/nominingue.com\/fr\/wp-json\/wp\/v2\/media?parent=765"}],"curies":[{"name":"wp","href":"https:\/\/api.w.org\/{rel}","templated":true}]}}