{"id":814,"date":"2023-05-24T15:23:09","date_gmt":"2023-05-24T19:23:09","guid":{"rendered":"https:\/\/nominingue.com\/opportunite-lapprentissage-de-langues\/"},"modified":"2024-09-28T14:37:42","modified_gmt":"2024-09-28T18:37:42","slug":"opportunite-lapprentissage-de-langues","status":"publish","type":"page","link":"https:\/\/nominingue.com\/fr\/opportunite-lapprentissage-de-langues\/","title":{"rendered":"Opportunit\u00e9 \u2013 l\u2019apprentissage de langues"},"content":{"rendered":"\n<p>Le Camp Nominingue est un camp anglais situ\u00e9 au Qu\u00e9bec, mais la majorit\u00e9 des campeurs sont anglophones. Environ 65 % de nos campeurs viennent du Qu\u00e9bec, avec 20% des campeurs venant de l\u2019Ontario et 15% des campeurs venant de l\u2019ext\u00e9rieur du Canada. 20 % de nos parents nous disent que leur fils est faible ou nul en anglais et choisissent Nominingue pour une immersion anglaise.<\/p>\n\n<figure class=\"wp-block-image size-large\"><img loading=\"lazy\" decoding=\"async\" width=\"1024\" height=\"628\" src=\"https:\/\/nominingue.com\/wp-content\/uploads\/2023\/06\/language-opportunities-group-1024x628.webp\" alt=\"\" class=\"wp-image-451\" srcset=\"https:\/\/nominingue.com\/wp-content\/uploads\/2023\/06\/language-opportunities-group-1024x628.webp 1024w, https:\/\/nominingue.com\/wp-content\/uploads\/2023\/06\/language-opportunities-group-300x184.webp 300w, https:\/\/nominingue.com\/wp-content\/uploads\/2023\/06\/language-opportunities-group-768x471.webp 768w, https:\/\/nominingue.com\/wp-content\/uploads\/2023\/06\/language-opportunities-group-1536x942.webp 1536w, https:\/\/nominingue.com\/wp-content\/uploads\/2023\/06\/language-opportunities-group-2048x1256.webp 2048w\" sizes=\"auto, (max-width: 1024px) 100vw, 1024px\" \/><\/figure>\n\n<p>De nombreux francophones choisissent Nominingue pour donner \u00e0 leur fils l&rsquo;opportunit\u00e9 de pratiquer son anglais. Toutes nos activit\u00e9s se d\u00e9roulent en anglais. Nos moniteurs, malgr\u00e9 le fait que plusieurs parmi eux sont parfaitement bilingues, parlent aux campeurs francophones majoritairement en anglais et les encouragent \u00e0 s\u2019exprimer en anglais. Nous organisons les groupes de campeurs en s\u2019assurant que les francophones aient des amis anglophones dans la tente Il y a suffisamment de moniteurs et de campeurs francophones pour soutenir les campeurs unilingues francophones dans leur adaptation \u00e0 la vie au Camp Nominingue.<\/p>\n\n<p>Gr\u00e2ce \u00e0 notre emplacement au nord de Montr\u00e9al et aux campeurs francophones au camp, nous sommes en mesure d\u2019offrir des opportunit\u00e9s pour les campeurs anglophones de pratiquer leur fran\u00e7ais. Nous pouvons placer un campeur anglophone dans une tente avec un francophone parmi ses camarades de tente ou de lui donner un moniteur de langue fran\u00e7aise. Les parents peuvent faire cette demande dans le formulaire Parents, disponible dans leur compte \u00e0 partir du 15 avril.<\/p>\n","protected":false},"excerpt":{"rendered":"<p>Le Camp Nominingue est un camp anglais situ\u00e9 au Qu\u00e9bec, mais la majorit\u00e9 des campeurs sont anglophones. Environ 65 % de nos campeurs viennent du Qu\u00e9bec, avec 20% des campeurs venant de l\u2019Ontario et 15% des campeurs venant de l\u2019ext\u00e9rieur du Canada. 20 % de nos parents nous disent que leur fils est faible ou [&hellip;]<\/p>\n","protected":false},"author":2,"featured_media":0,"parent":0,"menu_order":0,"comment_status":"closed","ping_status":"closed","template":"","meta":{"_acf_changed":false,"footnotes":""},"class_list":["post-814","page","type-page","status-publish","hentry"],"acf":[],"yoast_head":"<!-- This site is optimized with the Yoast SEO plugin v27.3 - https:\/\/yoast.com\/product\/yoast-seo-wordpress\/ -->\n<title>Opportunit\u00e9 \u2013 l\u2019apprentissage de langues - Nominingue Camp<\/title>\n<meta name=\"description\" content=\"Le Camp Nominingue est un camp anglais situ\u00e9 au Qu\u00e9bec, mais la majorit\u00e9 des campeurs sont anglophones. Nous encourageons les campeurs non anglais \u00e0 pratiquer leur anglais.\" \/>\n<meta name=\"robots\" content=\"index, follow, max-snippet:-1, max-image-preview:large, max-video-preview:-1\" \/>\n<link rel=\"canonical\" href=\"https:\/\/nominingue.com\/fr\/opportunite-lapprentissage-de-langues\/\" \/>\n<meta property=\"og:locale\" content=\"fr_FR\" \/>\n<meta property=\"og:type\" content=\"article\" \/>\n<meta property=\"og:title\" content=\"Opportunit\u00e9 \u2013 l\u2019apprentissage de langues - Nominingue Camp\" \/>\n<meta property=\"og:description\" content=\"Le Camp Nominingue est un camp anglais situ\u00e9 au Qu\u00e9bec, mais la majorit\u00e9 des campeurs sont anglophones. Nous encourageons les campeurs non anglais \u00e0 pratiquer leur anglais.\" \/>\n<meta property=\"og:url\" content=\"https:\/\/nominingue.com\/fr\/opportunite-lapprentissage-de-langues\/\" \/>\n<meta property=\"og:site_name\" content=\"Nominingue Camp\" \/>\n<meta property=\"article:publisher\" content=\"https:\/\/www.facebook.com\/CampNominingue\/\" \/>\n<meta property=\"article:modified_time\" content=\"2024-09-28T18:37:42+00:00\" \/>\n<meta property=\"og:image\" content=\"https:\/\/nominingue.com\/wp-content\/uploads\/2023\/06\/language-opportunities-group-1024x628.webp\" \/>\n<meta name=\"twitter:card\" content=\"summary_large_image\" \/>\n<meta name=\"twitter:site\" content=\"@CampNominingue\" \/>\n<meta name=\"twitter:label1\" content=\"Dur\u00e9e de lecture estim\u00e9e\" \/>\n\t<meta name=\"twitter:data1\" content=\"1 minute\" \/>\n<script type=\"application\/ld+json\" class=\"yoast-schema-graph\">{\"@context\":\"https:\\\/\\\/schema.org\",\"@graph\":[{\"@type\":\"WebPage\",\"@id\":\"https:\\\/\\\/nominingue.com\\\/fr\\\/opportunite-lapprentissage-de-langues\\\/\",\"url\":\"https:\\\/\\\/nominingue.com\\\/fr\\\/opportunite-lapprentissage-de-langues\\\/\",\"name\":\"Opportunit\u00e9 \u2013 l\u2019apprentissage de langues - Nominingue Camp\",\"isPartOf\":{\"@id\":\"https:\\\/\\\/nominingue.com\\\/fr\\\/#website\"},\"primaryImageOfPage\":{\"@id\":\"https:\\\/\\\/nominingue.com\\\/fr\\\/opportunite-lapprentissage-de-langues\\\/#primaryimage\"},\"image\":{\"@id\":\"https:\\\/\\\/nominingue.com\\\/fr\\\/opportunite-lapprentissage-de-langues\\\/#primaryimage\"},\"thumbnailUrl\":\"https:\\\/\\\/nominingue.com\\\/wp-content\\\/uploads\\\/2023\\\/06\\\/language-opportunities-group-1024x628.webp\",\"datePublished\":\"2023-05-24T19:23:09+00:00\",\"dateModified\":\"2024-09-28T18:37:42+00:00\",\"description\":\"Le Camp Nominingue est un camp anglais situ\u00e9 au Qu\u00e9bec, mais la majorit\u00e9 des campeurs sont anglophones. Nous encourageons les campeurs non anglais \u00e0 pratiquer leur anglais.\",\"breadcrumb\":{\"@id\":\"https:\\\/\\\/nominingue.com\\\/fr\\\/opportunite-lapprentissage-de-langues\\\/#breadcrumb\"},\"inLanguage\":\"fr-FR\",\"potentialAction\":[{\"@type\":\"ReadAction\",\"target\":[\"https:\\\/\\\/nominingue.com\\\/fr\\\/opportunite-lapprentissage-de-langues\\\/\"]}]},{\"@type\":\"ImageObject\",\"inLanguage\":\"fr-FR\",\"@id\":\"https:\\\/\\\/nominingue.com\\\/fr\\\/opportunite-lapprentissage-de-langues\\\/#primaryimage\",\"url\":\"https:\\\/\\\/nominingue.com\\\/wp-content\\\/uploads\\\/2023\\\/06\\\/language-opportunities-group-1024x628.webp\",\"contentUrl\":\"https:\\\/\\\/nominingue.com\\\/wp-content\\\/uploads\\\/2023\\\/06\\\/language-opportunities-group-1024x628.webp\"},{\"@type\":\"BreadcrumbList\",\"@id\":\"https:\\\/\\\/nominingue.com\\\/fr\\\/opportunite-lapprentissage-de-langues\\\/#breadcrumb\",\"itemListElement\":[{\"@type\":\"ListItem\",\"position\":1,\"name\":\"Home\",\"item\":\"https:\\\/\\\/nominingue.com\\\/fr\\\/\"},{\"@type\":\"ListItem\",\"position\":2,\"name\":\"Opportunit\u00e9 \u2013 l\u2019apprentissage de langues\"}]},{\"@type\":\"WebSite\",\"@id\":\"https:\\\/\\\/nominingue.com\\\/fr\\\/#website\",\"url\":\"https:\\\/\\\/nominingue.com\\\/fr\\\/\",\"name\":\"Nominingue Camp\",\"description\":\"Where your summer adventure begins...\",\"publisher\":{\"@id\":\"https:\\\/\\\/nominingue.com\\\/fr\\\/#organization\"},\"potentialAction\":[{\"@type\":\"SearchAction\",\"target\":{\"@type\":\"EntryPoint\",\"urlTemplate\":\"https:\\\/\\\/nominingue.com\\\/fr\\\/?s={search_term_string}\"},\"query-input\":{\"@type\":\"PropertyValueSpecification\",\"valueRequired\":true,\"valueName\":\"search_term_string\"}}],\"inLanguage\":\"fr-FR\"},{\"@type\":\"Organization\",\"@id\":\"https:\\\/\\\/nominingue.com\\\/fr\\\/#organization\",\"name\":\"Nominingue Camp\",\"url\":\"https:\\\/\\\/nominingue.com\\\/fr\\\/\",\"logo\":{\"@type\":\"ImageObject\",\"inLanguage\":\"fr-FR\",\"@id\":\"https:\\\/\\\/nominingue.com\\\/fr\\\/#\\\/schema\\\/logo\\\/image\\\/\",\"url\":\"https:\\\/\\\/nominingue.com\\\/wp-content\\\/uploads\\\/2025\\\/01\\\/CampNominingueTransparentGrey_Red-e1736697536987.png\",\"contentUrl\":\"https:\\\/\\\/nominingue.com\\\/wp-content\\\/uploads\\\/2025\\\/01\\\/CampNominingueTransparentGrey_Red-e1736697536987.png\",\"width\":2230,\"height\":1290,\"caption\":\"Nominingue Camp\"},\"image\":{\"@id\":\"https:\\\/\\\/nominingue.com\\\/fr\\\/#\\\/schema\\\/logo\\\/image\\\/\"},\"sameAs\":[\"https:\\\/\\\/www.facebook.com\\\/CampNominingue\\\/\",\"https:\\\/\\\/x.com\\\/CampNominingue\",\"https:\\\/\\\/www.youtube.com\\\/user\\\/CampNominingue\",\"https:\\\/\\\/www.instagram.com\\\/CampNominingue\\\/\"]}]}<\/script>\n<!-- \/ Yoast SEO plugin. -->","yoast_head_json":{"title":"Opportunit\u00e9 \u2013 l\u2019apprentissage de langues - Nominingue Camp","description":"Le Camp Nominingue est un camp anglais situ\u00e9 au Qu\u00e9bec, mais la majorit\u00e9 des campeurs sont anglophones. Nous encourageons les campeurs non anglais \u00e0 pratiquer leur anglais.","robots":{"index":"index","follow":"follow","max-snippet":"max-snippet:-1","max-image-preview":"max-image-preview:large","max-video-preview":"max-video-preview:-1"},"canonical":"https:\/\/nominingue.com\/fr\/opportunite-lapprentissage-de-langues\/","og_locale":"fr_FR","og_type":"article","og_title":"Opportunit\u00e9 \u2013 l\u2019apprentissage de langues - Nominingue Camp","og_description":"Le Camp Nominingue est un camp anglais situ\u00e9 au Qu\u00e9bec, mais la majorit\u00e9 des campeurs sont anglophones. Nous encourageons les campeurs non anglais \u00e0 pratiquer leur anglais.","og_url":"https:\/\/nominingue.com\/fr\/opportunite-lapprentissage-de-langues\/","og_site_name":"Nominingue Camp","article_publisher":"https:\/\/www.facebook.com\/CampNominingue\/","article_modified_time":"2024-09-28T18:37:42+00:00","og_image":[{"url":"https:\/\/nominingue.com\/wp-content\/uploads\/2023\/06\/language-opportunities-group-1024x628.webp","type":"","width":"","height":""}],"twitter_card":"summary_large_image","twitter_site":"@CampNominingue","twitter_misc":{"Dur\u00e9e de lecture estim\u00e9e":"1 minute"},"schema":{"@context":"https:\/\/schema.org","@graph":[{"@type":"WebPage","@id":"https:\/\/nominingue.com\/fr\/opportunite-lapprentissage-de-langues\/","url":"https:\/\/nominingue.com\/fr\/opportunite-lapprentissage-de-langues\/","name":"Opportunit\u00e9 \u2013 l\u2019apprentissage de langues - Nominingue Camp","isPartOf":{"@id":"https:\/\/nominingue.com\/fr\/#website"},"primaryImageOfPage":{"@id":"https:\/\/nominingue.com\/fr\/opportunite-lapprentissage-de-langues\/#primaryimage"},"image":{"@id":"https:\/\/nominingue.com\/fr\/opportunite-lapprentissage-de-langues\/#primaryimage"},"thumbnailUrl":"https:\/\/nominingue.com\/wp-content\/uploads\/2023\/06\/language-opportunities-group-1024x628.webp","datePublished":"2023-05-24T19:23:09+00:00","dateModified":"2024-09-28T18:37:42+00:00","description":"Le Camp Nominingue est un camp anglais situ\u00e9 au Qu\u00e9bec, mais la majorit\u00e9 des campeurs sont anglophones. Nous encourageons les campeurs non anglais \u00e0 pratiquer leur anglais.","breadcrumb":{"@id":"https:\/\/nominingue.com\/fr\/opportunite-lapprentissage-de-langues\/#breadcrumb"},"inLanguage":"fr-FR","potentialAction":[{"@type":"ReadAction","target":["https:\/\/nominingue.com\/fr\/opportunite-lapprentissage-de-langues\/"]}]},{"@type":"ImageObject","inLanguage":"fr-FR","@id":"https:\/\/nominingue.com\/fr\/opportunite-lapprentissage-de-langues\/#primaryimage","url":"https:\/\/nominingue.com\/wp-content\/uploads\/2023\/06\/language-opportunities-group-1024x628.webp","contentUrl":"https:\/\/nominingue.com\/wp-content\/uploads\/2023\/06\/language-opportunities-group-1024x628.webp"},{"@type":"BreadcrumbList","@id":"https:\/\/nominingue.com\/fr\/opportunite-lapprentissage-de-langues\/#breadcrumb","itemListElement":[{"@type":"ListItem","position":1,"name":"Home","item":"https:\/\/nominingue.com\/fr\/"},{"@type":"ListItem","position":2,"name":"Opportunit\u00e9 \u2013 l\u2019apprentissage de langues"}]},{"@type":"WebSite","@id":"https:\/\/nominingue.com\/fr\/#website","url":"https:\/\/nominingue.com\/fr\/","name":"Nominingue Camp","description":"Where your summer adventure begins...","publisher":{"@id":"https:\/\/nominingue.com\/fr\/#organization"},"potentialAction":[{"@type":"SearchAction","target":{"@type":"EntryPoint","urlTemplate":"https:\/\/nominingue.com\/fr\/?s={search_term_string}"},"query-input":{"@type":"PropertyValueSpecification","valueRequired":true,"valueName":"search_term_string"}}],"inLanguage":"fr-FR"},{"@type":"Organization","@id":"https:\/\/nominingue.com\/fr\/#organization","name":"Nominingue Camp","url":"https:\/\/nominingue.com\/fr\/","logo":{"@type":"ImageObject","inLanguage":"fr-FR","@id":"https:\/\/nominingue.com\/fr\/#\/schema\/logo\/image\/","url":"https:\/\/nominingue.com\/wp-content\/uploads\/2025\/01\/CampNominingueTransparentGrey_Red-e1736697536987.png","contentUrl":"https:\/\/nominingue.com\/wp-content\/uploads\/2025\/01\/CampNominingueTransparentGrey_Red-e1736697536987.png","width":2230,"height":1290,"caption":"Nominingue Camp"},"image":{"@id":"https:\/\/nominingue.com\/fr\/#\/schema\/logo\/image\/"},"sameAs":["https:\/\/www.facebook.com\/CampNominingue\/","https:\/\/x.com\/CampNominingue","https:\/\/www.youtube.com\/user\/CampNominingue","https:\/\/www.instagram.com\/CampNominingue\/"]}]}},"_links":{"self":[{"href":"https:\/\/nominingue.com\/fr\/wp-json\/wp\/v2\/pages\/814","targetHints":{"allow":["GET"]}}],"collection":[{"href":"https:\/\/nominingue.com\/fr\/wp-json\/wp\/v2\/pages"}],"about":[{"href":"https:\/\/nominingue.com\/fr\/wp-json\/wp\/v2\/types\/page"}],"author":[{"embeddable":true,"href":"https:\/\/nominingue.com\/fr\/wp-json\/wp\/v2\/users\/2"}],"replies":[{"embeddable":true,"href":"https:\/\/nominingue.com\/fr\/wp-json\/wp\/v2\/comments?post=814"}],"version-history":[{"count":4,"href":"https:\/\/nominingue.com\/fr\/wp-json\/wp\/v2\/pages\/814\/revisions"}],"predecessor-version":[{"id":960,"href":"https:\/\/nominingue.com\/fr\/wp-json\/wp\/v2\/pages\/814\/revisions\/960"}],"wp:attachment":[{"href":"https:\/\/nominingue.com\/fr\/wp-json\/wp\/v2\/media?parent=814"}],"curies":[{"name":"wp","href":"https:\/\/api.w.org\/{rel}","templated":true}]}}