{"id":821,"date":"2023-05-24T15:27:09","date_gmt":"2023-05-24T19:27:09","guid":{"rendered":"https:\/\/nominingue.com\/horaire-du-jour\/"},"modified":"2024-09-28T12:51:24","modified_gmt":"2024-09-28T16:51:24","slug":"horaire-du-jour","status":"publish","type":"page","link":"https:\/\/nominingue.com\/fr\/horaire-du-jour\/","title":{"rendered":"Horaire du jour"},"content":{"rendered":"\n<h2 class=\"wp-block-heading\">Une journ\u00e9e typique au Camp Nominingue<\/h2>\n\n<figure class=\"wp-block-table is-style-regular\"><table><tbody><tr><td><strong>7h50<\/strong><\/td><td>R\u00e9veil et baignade (optionnelle)<\/td><\/tr><tr><td><strong>8h00<\/strong><\/td><td>Se lever et se pr\u00e9parer pour le d\u00e9jeuner<\/td><\/tr><tr><td><strong>8h30<\/strong><\/td><td>Petit-d\u00e9jeuner<\/td><\/tr><tr><td><strong>9h15 <\/strong><\/td><td>Nettoyage de la tente et de la section<\/td><\/tr><tr><td><strong>9h30 <\/strong><\/td><td>Premi\u00e8re p\u00e9riode d\u2019activit\u00e9s<\/td><\/tr><tr><td><strong>10h30 <\/strong><\/td><td>Deuxi\u00e8me p\u00e9riode d\u2019activit\u00e9s<\/td><\/tr><tr><td><strong>11h30 <\/strong><\/td><td>Baignade libre: Opportunit\u00e9 de se baigner, de faire de la voile, la planche \u00e0 voile, le canot, la p\u00eache, et plus. La salle d\u2019\u00e9quipements sportifs est ouverte. Des courts de tennis et de basket-ball sont disponibles Le personnel est pr\u00e9sent dans la rang\u00e9e de tentes afin de superviser et d&rsquo;initier d&rsquo;autres divertissements et jeux.<\/td><\/tr><tr><td><strong>13h00 <\/strong><\/td><td>D\u00eener: De la salade\u2026 parfois une bonne soupe, un repas chaud et un dessert.<\/td><\/tr><tr><td><strong>14h00 <\/strong><\/td><td>L\u2019heure calme : une opportunit\u00e9 d\u2019\u00e9crire une lettre, de lire un bon livre ou de jouer un jeu tranquille avec des amis.<\/td><\/tr><tr><td><strong>15h00<\/strong><\/td><td>Programme de l\u2019apr\u00e8s-midi: Un nouveau jeu excitant avec d\u2019autres gar\u00e7ons du m\u00eame \u00e2ge. \u00c7a pourrait \u00eatre une f\u00eate \u00e0 la plage ; tir ou tir \u00e0 l\u2019arc ; un jeu de football avec melon d\u2019eau ou une autre activit\u00e9 amusante. Nos moniteurs sont toujours au travail \u00e0 cr\u00e9er de nouveaux programmes !<\/td><\/tr><tr><td><strong>16h30<\/strong><\/td><td>Baignade libre: En plus des activit\u00e9s du matin, c\u2019est possible que vous deviez pr\u00e9parer les bagages ou le menu pour votre excursion de canot ou que vous vouliez traverser le lac \u00e0 la nage.<\/td><\/tr><tr><td><strong>18h00<\/strong><\/td><td>Souper: Encore de la bonne nourriture! Chaque jeudi, les campeurs mangent \u00e0 l\u2019ext\u00e9rieur de la salle \u00e0 manger \u2013 des hot-dogs ou des hamburgers cuits sur un feu. Peut-\u00eatre de la pizza ou du poulet BBQ&#8230; Que diriez-vous d&rsquo;un \u00e9clair au chocolat ?<\/td><\/tr><tr><td><strong>19h00<\/strong><\/td><td>Programme du soir: Nos moniteurs pr\u00e9parent \u00e0 nouveau des jeux excitants. Peut \u00eatre un jeu de \u00ab Pony Express \u00bb pour tout le monde; un voyage \u00e0 la rivi\u00e8re des fant\u00f4mes\u2026La liste d\u2019id\u00e9es est infinie\u2026 La liste des activit\u00e9s est interminable\u2026<\/td><\/tr><tr><td><strong>20h00<\/strong><\/td><td>Baignade rapide: d\u00e9pendant du temps et du soleil<\/td><\/tr><tr><td><strong>20h15<\/strong><\/td><td>Feux de camp, chansons et hstoires, une marche dans la noirceur, un jeu de \u201cSPOT\u201d<\/td><\/tr><tr><td><strong>21h00<\/strong><\/td><td>\u00ab Lower camp \u00bb &#8211; on \u00e9teint les lumi\u00e8res !<\/td><\/tr><tr><td><strong>21h30<\/strong><\/td><td>\u00ab Middle camp \u00bb &#8211; on \u00e9teint les lumi\u00e8res !<\/td><\/tr><tr><td><strong>22h00<\/strong><\/td><td>\u00ab Upper camp \u00bb &#8211; on \u00e9teint les lumi\u00e8res !<\/td><\/tr><\/tbody><\/table><\/figure>\n","protected":false},"excerpt":{"rendered":"<p>Une journ\u00e9e typique au Camp Nominingue 7h50 R\u00e9veil et baignade (optionnelle) 8h00 Se lever et se pr\u00e9parer pour le d\u00e9jeuner 8h30 Petit-d\u00e9jeuner 9h15 Nettoyage de la tente et de la section 9h30 Premi\u00e8re p\u00e9riode d\u2019activit\u00e9s 10h30 Deuxi\u00e8me p\u00e9riode d\u2019activit\u00e9s 11h30 Baignade libre: Opportunit\u00e9 de se baigner, de faire de la voile, la planche \u00e0 voile, [&hellip;]<\/p>\n","protected":false},"author":2,"featured_media":0,"parent":0,"menu_order":0,"comment_status":"closed","ping_status":"closed","template":"","meta":{"_acf_changed":false,"footnotes":""},"class_list":["post-821","page","type-page","status-publish","hentry"],"acf":[],"yoast_head":"<!-- This site is optimized with the Yoast SEO plugin v27.5 - https:\/\/yoast.com\/product\/yoast-seo-wordpress\/ -->\n<title>Horaire du jour - Nominingue Camp<\/title>\n<meta name=\"robots\" content=\"index, follow, max-snippet:-1, max-image-preview:large, max-video-preview:-1\" \/>\n<link rel=\"canonical\" href=\"https:\/\/nominingue.com\/fr\/horaire-du-jour\/\" \/>\n<meta property=\"og:locale\" content=\"fr_FR\" \/>\n<meta property=\"og:type\" content=\"article\" \/>\n<meta property=\"og:title\" content=\"Horaire du jour - Nominingue Camp\" \/>\n<meta property=\"og:description\" content=\"Une journ\u00e9e typique au Camp Nominingue 7h50 R\u00e9veil et baignade (optionnelle) 8h00 Se lever et se pr\u00e9parer pour le d\u00e9jeuner 8h30 Petit-d\u00e9jeuner 9h15 Nettoyage de la tente et de la section 9h30 Premi\u00e8re p\u00e9riode d\u2019activit\u00e9s 10h30 Deuxi\u00e8me p\u00e9riode d\u2019activit\u00e9s 11h30 Baignade libre: Opportunit\u00e9 de se baigner, de faire de la voile, la planche \u00e0 voile, [&hellip;]\" \/>\n<meta property=\"og:url\" content=\"https:\/\/nominingue.com\/fr\/horaire-du-jour\/\" \/>\n<meta property=\"og:site_name\" content=\"Nominingue Camp\" \/>\n<meta property=\"article:publisher\" content=\"https:\/\/www.facebook.com\/CampNominingue\/\" \/>\n<meta property=\"article:modified_time\" content=\"2024-09-28T16:51:24+00:00\" \/>\n<meta property=\"og:image\" content=\"https:\/\/nominingue.com\/wp-content\/uploads\/2025\/01\/CampNominingueTransparentGrey_Red-e1736697536987.png\" \/>\n\t<meta property=\"og:image:width\" content=\"2230\" \/>\n\t<meta property=\"og:image:height\" content=\"1290\" \/>\n\t<meta property=\"og:image:type\" content=\"image\/png\" \/>\n<meta name=\"twitter:card\" content=\"summary_large_image\" \/>\n<meta name=\"twitter:site\" content=\"@CampNominingue\" \/>\n<meta name=\"twitter:label1\" content=\"Dur\u00e9e de lecture estim\u00e9e\" \/>\n\t<meta name=\"twitter:data1\" content=\"2 minutes\" \/>\n<script type=\"application\/ld+json\" class=\"yoast-schema-graph\">{\"@context\":\"https:\\\/\\\/schema.org\",\"@graph\":[{\"@type\":\"WebPage\",\"@id\":\"https:\\\/\\\/nominingue.com\\\/fr\\\/horaire-du-jour\\\/\",\"url\":\"https:\\\/\\\/nominingue.com\\\/fr\\\/horaire-du-jour\\\/\",\"name\":\"Horaire du jour - Nominingue Camp\",\"isPartOf\":{\"@id\":\"https:\\\/\\\/nominingue.com\\\/fr\\\/#website\"},\"datePublished\":\"2023-05-24T19:27:09+00:00\",\"dateModified\":\"2024-09-28T16:51:24+00:00\",\"breadcrumb\":{\"@id\":\"https:\\\/\\\/nominingue.com\\\/fr\\\/horaire-du-jour\\\/#breadcrumb\"},\"inLanguage\":\"fr-FR\",\"potentialAction\":[{\"@type\":\"ReadAction\",\"target\":[\"https:\\\/\\\/nominingue.com\\\/fr\\\/horaire-du-jour\\\/\"]}]},{\"@type\":\"BreadcrumbList\",\"@id\":\"https:\\\/\\\/nominingue.com\\\/fr\\\/horaire-du-jour\\\/#breadcrumb\",\"itemListElement\":[{\"@type\":\"ListItem\",\"position\":1,\"name\":\"Home\",\"item\":\"https:\\\/\\\/nominingue.com\\\/fr\\\/\"},{\"@type\":\"ListItem\",\"position\":2,\"name\":\"Horaire du jour\"}]},{\"@type\":\"WebSite\",\"@id\":\"https:\\\/\\\/nominingue.com\\\/fr\\\/#website\",\"url\":\"https:\\\/\\\/nominingue.com\\\/fr\\\/\",\"name\":\"Nominingue Camp\",\"description\":\"Where your summer adventure begins...\",\"publisher\":{\"@id\":\"https:\\\/\\\/nominingue.com\\\/fr\\\/#organization\"},\"potentialAction\":[{\"@type\":\"SearchAction\",\"target\":{\"@type\":\"EntryPoint\",\"urlTemplate\":\"https:\\\/\\\/nominingue.com\\\/fr\\\/?s={search_term_string}\"},\"query-input\":{\"@type\":\"PropertyValueSpecification\",\"valueRequired\":true,\"valueName\":\"search_term_string\"}}],\"inLanguage\":\"fr-FR\"},{\"@type\":\"Organization\",\"@id\":\"https:\\\/\\\/nominingue.com\\\/fr\\\/#organization\",\"name\":\"Nominingue Camp\",\"url\":\"https:\\\/\\\/nominingue.com\\\/fr\\\/\",\"logo\":{\"@type\":\"ImageObject\",\"inLanguage\":\"fr-FR\",\"@id\":\"https:\\\/\\\/nominingue.com\\\/fr\\\/#\\\/schema\\\/logo\\\/image\\\/\",\"url\":\"https:\\\/\\\/nominingue.com\\\/wp-content\\\/uploads\\\/2025\\\/01\\\/CampNominingueTransparentGrey_Red-e1736697536987.png\",\"contentUrl\":\"https:\\\/\\\/nominingue.com\\\/wp-content\\\/uploads\\\/2025\\\/01\\\/CampNominingueTransparentGrey_Red-e1736697536987.png\",\"width\":2230,\"height\":1290,\"caption\":\"Nominingue Camp\"},\"image\":{\"@id\":\"https:\\\/\\\/nominingue.com\\\/fr\\\/#\\\/schema\\\/logo\\\/image\\\/\"},\"sameAs\":[\"https:\\\/\\\/www.facebook.com\\\/CampNominingue\\\/\",\"https:\\\/\\\/x.com\\\/CampNominingue\",\"https:\\\/\\\/www.youtube.com\\\/user\\\/CampNominingue\",\"https:\\\/\\\/www.instagram.com\\\/CampNominingue\\\/\"]}]}<\/script>\n<!-- \/ Yoast SEO plugin. -->","yoast_head_json":{"title":"Horaire du jour - Nominingue Camp","robots":{"index":"index","follow":"follow","max-snippet":"max-snippet:-1","max-image-preview":"max-image-preview:large","max-video-preview":"max-video-preview:-1"},"canonical":"https:\/\/nominingue.com\/fr\/horaire-du-jour\/","og_locale":"fr_FR","og_type":"article","og_title":"Horaire du jour - Nominingue Camp","og_description":"Une journ\u00e9e typique au Camp Nominingue 7h50 R\u00e9veil et baignade (optionnelle) 8h00 Se lever et se pr\u00e9parer pour le d\u00e9jeuner 8h30 Petit-d\u00e9jeuner 9h15 Nettoyage de la tente et de la section 9h30 Premi\u00e8re p\u00e9riode d\u2019activit\u00e9s 10h30 Deuxi\u00e8me p\u00e9riode d\u2019activit\u00e9s 11h30 Baignade libre: Opportunit\u00e9 de se baigner, de faire de la voile, la planche \u00e0 voile, [&hellip;]","og_url":"https:\/\/nominingue.com\/fr\/horaire-du-jour\/","og_site_name":"Nominingue Camp","article_publisher":"https:\/\/www.facebook.com\/CampNominingue\/","article_modified_time":"2024-09-28T16:51:24+00:00","og_image":[{"width":2230,"height":1290,"url":"https:\/\/nominingue.com\/wp-content\/uploads\/2025\/01\/CampNominingueTransparentGrey_Red-e1736697536987.png","type":"image\/png"}],"twitter_card":"summary_large_image","twitter_site":"@CampNominingue","twitter_misc":{"Dur\u00e9e de lecture estim\u00e9e":"2 minutes"},"schema":{"@context":"https:\/\/schema.org","@graph":[{"@type":"WebPage","@id":"https:\/\/nominingue.com\/fr\/horaire-du-jour\/","url":"https:\/\/nominingue.com\/fr\/horaire-du-jour\/","name":"Horaire du jour - Nominingue Camp","isPartOf":{"@id":"https:\/\/nominingue.com\/fr\/#website"},"datePublished":"2023-05-24T19:27:09+00:00","dateModified":"2024-09-28T16:51:24+00:00","breadcrumb":{"@id":"https:\/\/nominingue.com\/fr\/horaire-du-jour\/#breadcrumb"},"inLanguage":"fr-FR","potentialAction":[{"@type":"ReadAction","target":["https:\/\/nominingue.com\/fr\/horaire-du-jour\/"]}]},{"@type":"BreadcrumbList","@id":"https:\/\/nominingue.com\/fr\/horaire-du-jour\/#breadcrumb","itemListElement":[{"@type":"ListItem","position":1,"name":"Home","item":"https:\/\/nominingue.com\/fr\/"},{"@type":"ListItem","position":2,"name":"Horaire du jour"}]},{"@type":"WebSite","@id":"https:\/\/nominingue.com\/fr\/#website","url":"https:\/\/nominingue.com\/fr\/","name":"Nominingue Camp","description":"Where your summer adventure begins...","publisher":{"@id":"https:\/\/nominingue.com\/fr\/#organization"},"potentialAction":[{"@type":"SearchAction","target":{"@type":"EntryPoint","urlTemplate":"https:\/\/nominingue.com\/fr\/?s={search_term_string}"},"query-input":{"@type":"PropertyValueSpecification","valueRequired":true,"valueName":"search_term_string"}}],"inLanguage":"fr-FR"},{"@type":"Organization","@id":"https:\/\/nominingue.com\/fr\/#organization","name":"Nominingue Camp","url":"https:\/\/nominingue.com\/fr\/","logo":{"@type":"ImageObject","inLanguage":"fr-FR","@id":"https:\/\/nominingue.com\/fr\/#\/schema\/logo\/image\/","url":"https:\/\/nominingue.com\/wp-content\/uploads\/2025\/01\/CampNominingueTransparentGrey_Red-e1736697536987.png","contentUrl":"https:\/\/nominingue.com\/wp-content\/uploads\/2025\/01\/CampNominingueTransparentGrey_Red-e1736697536987.png","width":2230,"height":1290,"caption":"Nominingue Camp"},"image":{"@id":"https:\/\/nominingue.com\/fr\/#\/schema\/logo\/image\/"},"sameAs":["https:\/\/www.facebook.com\/CampNominingue\/","https:\/\/x.com\/CampNominingue","https:\/\/www.youtube.com\/user\/CampNominingue","https:\/\/www.instagram.com\/CampNominingue\/"]}]}},"_links":{"self":[{"href":"https:\/\/nominingue.com\/fr\/wp-json\/wp\/v2\/pages\/821","targetHints":{"allow":["GET"]}}],"collection":[{"href":"https:\/\/nominingue.com\/fr\/wp-json\/wp\/v2\/pages"}],"about":[{"href":"https:\/\/nominingue.com\/fr\/wp-json\/wp\/v2\/types\/page"}],"author":[{"embeddable":true,"href":"https:\/\/nominingue.com\/fr\/wp-json\/wp\/v2\/users\/2"}],"replies":[{"embeddable":true,"href":"https:\/\/nominingue.com\/fr\/wp-json\/wp\/v2\/comments?post=821"}],"version-history":[{"count":3,"href":"https:\/\/nominingue.com\/fr\/wp-json\/wp\/v2\/pages\/821\/revisions"}],"predecessor-version":[{"id":941,"href":"https:\/\/nominingue.com\/fr\/wp-json\/wp\/v2\/pages\/821\/revisions\/941"}],"wp:attachment":[{"href":"https:\/\/nominingue.com\/fr\/wp-json\/wp\/v2\/media?parent=821"}],"curies":[{"name":"wp","href":"https:\/\/api.w.org\/{rel}","templated":true}]}}