{"id":860,"date":"2023-05-24T15:44:26","date_gmt":"2023-05-24T19:44:26","guid":{"rendered":"https:\/\/nominingue.com\/la-vie-au-camp\/"},"modified":"2025-03-03T13:37:53","modified_gmt":"2025-03-03T18:37:53","slug":"la-vie-au-camp","status":"publish","type":"page","link":"https:\/\/nominingue.com\/fr\/la-vie-au-camp\/","title":{"rendered":"La vie au camp"},"content":{"rendered":"\n<h2 class=\"wp-block-heading\"><strong>H\u00e9bergement<\/strong><\/h2>\n\n<p>Plongez dans la vie exceptionnelle au Camp Nominingue, o\u00f9 nous avons cr\u00e9\u00e9 un m\u00e9lange de plaisir, d&rsquo;aventure et de confort qui touche le c\u0153ur des campeurs depuis pr\u00e8s d&rsquo;un si\u00e8cle.<\/p>\n\n<p>Nos tentes en toile, bord\u00e9es au milieu d&rsquo;un bosquet de bouleaux blancs, constituent le deuxi\u00e8me chez-soi id\u00e9al pour nos campeurs. Nich\u00e9e sur des plates-formes bois\u00e9es sur\u00e9lev\u00e9es, chaque tente est \u00e9quip\u00e9e de parois lat\u00e9rales enroulables et d&rsquo;un double toit, offrant \u00e0 la fois confort et une exp\u00e9rience de camping agr\u00e9able.<\/p>\n\n<p>\u00c0 l\u2019int\u00e9rieur, les campeurs trouvent un lit de camp en m\u00e9tal avec un matelas, pr\u00eat \u00e0 accueillir leur sac de couchage, leur oreiller et leur couverture, garantissant ainsi leur confort lors des nuits fra\u00eeches. Les caisses de rangement et les sacs de voyage contiennent des effets personnels, tandis qu&rsquo;une malle s&rsquo;av\u00e8re inestimable pour les v\u00eatements.<\/p>\n\n<p>Nous avons segment\u00e9 notre gamme de tentes pour offrir des espaces de vie adapt\u00e9s \u00e0 l&rsquo;\u00e2ge. Nous avons segment\u00e9 notre gamme de tentes pour offrir des espaces de vie adapt\u00e9s \u00e0 l&rsquo;\u00e2ge. Le Middle Camp, abritant des enfants de 11 \u00e0 12 ans, s&rsquo;\u00e9tend du pavillon principal jusqu&rsquo;au b\u00e2timent des douches. Upper Camp, destin\u00e9 aux 13-15 ans, gravite autour du Lodge Interm\u00e9diaire. Chaque grande tente accueille cinq campeurs et un moniteur, les plus jeunes b\u00e9n\u00e9ficiant de la pr\u00e9sence suppl\u00e9mentaire d&rsquo;un moniteur junior. Nos campeurs plus \u00e2g\u00e9s, \u00e2g\u00e9s de 14 et 15 ans, b\u00e9n\u00e9ficient d&rsquo;un peu plus d&rsquo;ind\u00e9pendance dans des tentes plus petites pour 3 personnes, avec un animateur post\u00e9 \u00e0 proximit\u00e9.<\/p>\n\n<h2 class=\"wp-block-heading\"><strong>Exp\u00e9rience culinaire<\/strong><\/h2>\n\n<figure class=\"wp-block-embed is-type-video is-provider-youtube wp-block-embed-youtube wp-embed-aspect-4-3 wp-has-aspect-ratio\"><div class=\"wp-block-embed__wrapper\">\n<iframe loading=\"lazy\" title=\"Meals at Nominingue\" width=\"500\" height=\"375\" src=\"https:\/\/www.youtube.com\/embed\/1rODJIbrlpw?feature=oembed\" frameborder=\"0\" allow=\"accelerometer; autoplay; clipboard-write; encrypted-media; gyroscope; picture-in-picture; web-share\" referrerpolicy=\"strict-origin-when-cross-origin\" allowfullscreen><\/iframe>\n<\/div><\/figure>\n\n<p>Notre salle \u00e0 manger historique, construite en 1930, regorge de pr\u00e8s d&rsquo;un si\u00e8cle de traditions du Camp Nominingue. Cano\u00ebs suspendus aux chevrons, plaques de r\u00e9compense des leaders, photos de notre fondateur, F.M. Van Wagner et les premiers souvenirs du camp offrent une atmosph\u00e8re chaleureuse et nostalgique.<\/p>\n\n<p>Les campeurs d\u00eenent avec leurs compagnons de tente et leurs moniteurs autour de grandes tables, favorisant ainsi la camaraderie. Un campeur, le serveur, apporte le plateau de nourriture de la cuisine, tandis que l&rsquo;animateur veille \u00e0 une r\u00e9partition \u00e9quilibr\u00e9e des repas.<\/p>\n\n<p>Nous sommes fiers de nos repas, dans le but d&rsquo;\u00e9galer la qualit\u00e9 et la quantit\u00e9 de la cuisine maison. Des fruits frais sont servis \u00e0 chaque repas et une collation de fruits en milieu de matin\u00e9e permet de conserver un niveau d&rsquo;\u00e9nergie \u00e9lev\u00e9. Nos bars \u00e0 salades pour le d\u00e9jeuner et le d\u00eener offrent une gamme de l\u00e9gumes, de prot\u00e9ines, de salades et de vinaigrettes.<\/p>\n\n<p>Les menus sont ajust\u00e9s chaque hors-saison en fonction des retours et des conseils d&rsquo;une di\u00e9t\u00e9ticienne agr\u00e9\u00e9e. Nous maintenons un environnement sans noix ni arachides et proposons un menu v\u00e9g\u00e9tarien. Notre personnel de cuisine g\u00e8re efficacement un large \u00e9ventail d\u2019allergies et d\u2019intol\u00e9rances alimentaires.<\/p>\n\n<p>Les repas sont une exp\u00e9rience en soi. Tandis que le petit-d\u00e9jeuner se d\u00e9roule paisiblement, le d\u00e9jeuner et le d\u00eener se terminent par les acclamations anim\u00e9es de chaque section du camp, dynamisant les gar\u00e7ons pour leur prochaine activit\u00e9.<\/p>\n\n<p>Nous vous invitons \u00e0 <a href=\"https:\/\/nominingue.com\/contact-us\/\">nous contacter<\/a> pour plus d&rsquo;informations sur nos h\u00e9bergements ou nos options de restauration.<\/p>\n","protected":false},"excerpt":{"rendered":"<p>H\u00e9bergement Plongez dans la vie exceptionnelle au Camp Nominingue, o\u00f9 nous avons cr\u00e9\u00e9 un m\u00e9lange de plaisir, d&rsquo;aventure et de confort qui touche le c\u0153ur des campeurs depuis pr\u00e8s d&rsquo;un si\u00e8cle. Nos tentes en toile, bord\u00e9es au milieu d&rsquo;un bosquet de bouleaux blancs, constituent le deuxi\u00e8me chez-soi id\u00e9al pour nos campeurs. Nich\u00e9e sur des plates-formes [&hellip;]<\/p>\n","protected":false},"author":2,"featured_media":0,"parent":0,"menu_order":0,"comment_status":"closed","ping_status":"closed","template":"","meta":{"_acf_changed":false,"footnotes":""},"class_list":["post-860","page","type-page","status-publish","hentry"],"acf":[],"yoast_head":"<!-- This site is optimized with the Yoast SEO plugin v27.3 - https:\/\/yoast.com\/product\/yoast-seo-wordpress\/ -->\n<title>La vie au camp - Nominingue Camp<\/title>\n<meta name=\"description\" content=\"Profitez d&#039;un h\u00e9bergement sous tente confortable et de d\u00e9licieux repas tout en \u00e9tant immerg\u00e9 dans pr\u00e8s d&#039;un si\u00e8cle de riches traditions.\" \/>\n<meta name=\"robots\" content=\"index, follow, max-snippet:-1, max-image-preview:large, max-video-preview:-1\" \/>\n<link rel=\"canonical\" href=\"https:\/\/nominingue.com\/fr\/la-vie-au-camp\/\" \/>\n<meta property=\"og:locale\" content=\"fr_FR\" \/>\n<meta property=\"og:type\" content=\"article\" \/>\n<meta property=\"og:title\" content=\"La vie au camp - Nominingue Camp\" \/>\n<meta property=\"og:description\" content=\"Profitez d&#039;un h\u00e9bergement sous tente confortable et de d\u00e9licieux repas tout en \u00e9tant immerg\u00e9 dans pr\u00e8s d&#039;un si\u00e8cle de riches traditions.\" \/>\n<meta property=\"og:url\" content=\"https:\/\/nominingue.com\/fr\/la-vie-au-camp\/\" \/>\n<meta property=\"og:site_name\" content=\"Nominingue Camp\" \/>\n<meta property=\"article:publisher\" content=\"https:\/\/www.facebook.com\/CampNominingue\/\" \/>\n<meta property=\"article:modified_time\" content=\"2025-03-03T18:37:53+00:00\" \/>\n<meta property=\"og:image\" content=\"https:\/\/nominingue.com\/wp-content\/uploads\/2025\/01\/CampNominingueTransparentGrey_Red-e1736697536987.png\" \/>\n\t<meta property=\"og:image:width\" content=\"2230\" \/>\n\t<meta property=\"og:image:height\" content=\"1290\" \/>\n\t<meta property=\"og:image:type\" content=\"image\/png\" \/>\n<meta name=\"twitter:card\" content=\"summary_large_image\" \/>\n<meta name=\"twitter:site\" content=\"@CampNominingue\" \/>\n<meta name=\"twitter:label1\" content=\"Dur\u00e9e de lecture estim\u00e9e\" \/>\n\t<meta name=\"twitter:data1\" content=\"3 minutes\" \/>\n<script type=\"application\/ld+json\" class=\"yoast-schema-graph\">{\"@context\":\"https:\\\/\\\/schema.org\",\"@graph\":[{\"@type\":\"WebPage\",\"@id\":\"https:\\\/\\\/nominingue.com\\\/fr\\\/la-vie-au-camp\\\/\",\"url\":\"https:\\\/\\\/nominingue.com\\\/fr\\\/la-vie-au-camp\\\/\",\"name\":\"La vie au camp - Nominingue Camp\",\"isPartOf\":{\"@id\":\"https:\\\/\\\/nominingue.com\\\/fr\\\/#website\"},\"datePublished\":\"2023-05-24T19:44:26+00:00\",\"dateModified\":\"2025-03-03T18:37:53+00:00\",\"description\":\"Profitez d'un h\u00e9bergement sous tente confortable et de d\u00e9licieux repas tout en \u00e9tant immerg\u00e9 dans pr\u00e8s d'un si\u00e8cle de riches traditions.\",\"breadcrumb\":{\"@id\":\"https:\\\/\\\/nominingue.com\\\/fr\\\/la-vie-au-camp\\\/#breadcrumb\"},\"inLanguage\":\"fr-FR\",\"potentialAction\":[{\"@type\":\"ReadAction\",\"target\":[\"https:\\\/\\\/nominingue.com\\\/fr\\\/la-vie-au-camp\\\/\"]}]},{\"@type\":\"BreadcrumbList\",\"@id\":\"https:\\\/\\\/nominingue.com\\\/fr\\\/la-vie-au-camp\\\/#breadcrumb\",\"itemListElement\":[{\"@type\":\"ListItem\",\"position\":1,\"name\":\"Home\",\"item\":\"https:\\\/\\\/nominingue.com\\\/fr\\\/\"},{\"@type\":\"ListItem\",\"position\":2,\"name\":\"La vie au camp\"}]},{\"@type\":\"WebSite\",\"@id\":\"https:\\\/\\\/nominingue.com\\\/fr\\\/#website\",\"url\":\"https:\\\/\\\/nominingue.com\\\/fr\\\/\",\"name\":\"Nominingue Camp\",\"description\":\"Where your summer adventure begins...\",\"publisher\":{\"@id\":\"https:\\\/\\\/nominingue.com\\\/fr\\\/#organization\"},\"potentialAction\":[{\"@type\":\"SearchAction\",\"target\":{\"@type\":\"EntryPoint\",\"urlTemplate\":\"https:\\\/\\\/nominingue.com\\\/fr\\\/?s={search_term_string}\"},\"query-input\":{\"@type\":\"PropertyValueSpecification\",\"valueRequired\":true,\"valueName\":\"search_term_string\"}}],\"inLanguage\":\"fr-FR\"},{\"@type\":\"Organization\",\"@id\":\"https:\\\/\\\/nominingue.com\\\/fr\\\/#organization\",\"name\":\"Nominingue Camp\",\"url\":\"https:\\\/\\\/nominingue.com\\\/fr\\\/\",\"logo\":{\"@type\":\"ImageObject\",\"inLanguage\":\"fr-FR\",\"@id\":\"https:\\\/\\\/nominingue.com\\\/fr\\\/#\\\/schema\\\/logo\\\/image\\\/\",\"url\":\"https:\\\/\\\/nominingue.com\\\/wp-content\\\/uploads\\\/2025\\\/01\\\/CampNominingueTransparentGrey_Red-e1736697536987.png\",\"contentUrl\":\"https:\\\/\\\/nominingue.com\\\/wp-content\\\/uploads\\\/2025\\\/01\\\/CampNominingueTransparentGrey_Red-e1736697536987.png\",\"width\":2230,\"height\":1290,\"caption\":\"Nominingue Camp\"},\"image\":{\"@id\":\"https:\\\/\\\/nominingue.com\\\/fr\\\/#\\\/schema\\\/logo\\\/image\\\/\"},\"sameAs\":[\"https:\\\/\\\/www.facebook.com\\\/CampNominingue\\\/\",\"https:\\\/\\\/x.com\\\/CampNominingue\",\"https:\\\/\\\/www.youtube.com\\\/user\\\/CampNominingue\",\"https:\\\/\\\/www.instagram.com\\\/CampNominingue\\\/\"]}]}<\/script>\n<!-- \/ Yoast SEO plugin. -->","yoast_head_json":{"title":"La vie au camp - Nominingue Camp","description":"Profitez d'un h\u00e9bergement sous tente confortable et de d\u00e9licieux repas tout en \u00e9tant immerg\u00e9 dans pr\u00e8s d'un si\u00e8cle de riches traditions.","robots":{"index":"index","follow":"follow","max-snippet":"max-snippet:-1","max-image-preview":"max-image-preview:large","max-video-preview":"max-video-preview:-1"},"canonical":"https:\/\/nominingue.com\/fr\/la-vie-au-camp\/","og_locale":"fr_FR","og_type":"article","og_title":"La vie au camp - Nominingue Camp","og_description":"Profitez d'un h\u00e9bergement sous tente confortable et de d\u00e9licieux repas tout en \u00e9tant immerg\u00e9 dans pr\u00e8s d'un si\u00e8cle de riches traditions.","og_url":"https:\/\/nominingue.com\/fr\/la-vie-au-camp\/","og_site_name":"Nominingue Camp","article_publisher":"https:\/\/www.facebook.com\/CampNominingue\/","article_modified_time":"2025-03-03T18:37:53+00:00","og_image":[{"width":2230,"height":1290,"url":"https:\/\/nominingue.com\/wp-content\/uploads\/2025\/01\/CampNominingueTransparentGrey_Red-e1736697536987.png","type":"image\/png"}],"twitter_card":"summary_large_image","twitter_site":"@CampNominingue","twitter_misc":{"Dur\u00e9e de lecture estim\u00e9e":"3 minutes"},"schema":{"@context":"https:\/\/schema.org","@graph":[{"@type":"WebPage","@id":"https:\/\/nominingue.com\/fr\/la-vie-au-camp\/","url":"https:\/\/nominingue.com\/fr\/la-vie-au-camp\/","name":"La vie au camp - Nominingue Camp","isPartOf":{"@id":"https:\/\/nominingue.com\/fr\/#website"},"datePublished":"2023-05-24T19:44:26+00:00","dateModified":"2025-03-03T18:37:53+00:00","description":"Profitez d'un h\u00e9bergement sous tente confortable et de d\u00e9licieux repas tout en \u00e9tant immerg\u00e9 dans pr\u00e8s d'un si\u00e8cle de riches traditions.","breadcrumb":{"@id":"https:\/\/nominingue.com\/fr\/la-vie-au-camp\/#breadcrumb"},"inLanguage":"fr-FR","potentialAction":[{"@type":"ReadAction","target":["https:\/\/nominingue.com\/fr\/la-vie-au-camp\/"]}]},{"@type":"BreadcrumbList","@id":"https:\/\/nominingue.com\/fr\/la-vie-au-camp\/#breadcrumb","itemListElement":[{"@type":"ListItem","position":1,"name":"Home","item":"https:\/\/nominingue.com\/fr\/"},{"@type":"ListItem","position":2,"name":"La vie au camp"}]},{"@type":"WebSite","@id":"https:\/\/nominingue.com\/fr\/#website","url":"https:\/\/nominingue.com\/fr\/","name":"Nominingue Camp","description":"Where your summer adventure begins...","publisher":{"@id":"https:\/\/nominingue.com\/fr\/#organization"},"potentialAction":[{"@type":"SearchAction","target":{"@type":"EntryPoint","urlTemplate":"https:\/\/nominingue.com\/fr\/?s={search_term_string}"},"query-input":{"@type":"PropertyValueSpecification","valueRequired":true,"valueName":"search_term_string"}}],"inLanguage":"fr-FR"},{"@type":"Organization","@id":"https:\/\/nominingue.com\/fr\/#organization","name":"Nominingue Camp","url":"https:\/\/nominingue.com\/fr\/","logo":{"@type":"ImageObject","inLanguage":"fr-FR","@id":"https:\/\/nominingue.com\/fr\/#\/schema\/logo\/image\/","url":"https:\/\/nominingue.com\/wp-content\/uploads\/2025\/01\/CampNominingueTransparentGrey_Red-e1736697536987.png","contentUrl":"https:\/\/nominingue.com\/wp-content\/uploads\/2025\/01\/CampNominingueTransparentGrey_Red-e1736697536987.png","width":2230,"height":1290,"caption":"Nominingue Camp"},"image":{"@id":"https:\/\/nominingue.com\/fr\/#\/schema\/logo\/image\/"},"sameAs":["https:\/\/www.facebook.com\/CampNominingue\/","https:\/\/x.com\/CampNominingue","https:\/\/www.youtube.com\/user\/CampNominingue","https:\/\/www.instagram.com\/CampNominingue\/"]}]}},"_links":{"self":[{"href":"https:\/\/nominingue.com\/fr\/wp-json\/wp\/v2\/pages\/860","targetHints":{"allow":["GET"]}}],"collection":[{"href":"https:\/\/nominingue.com\/fr\/wp-json\/wp\/v2\/pages"}],"about":[{"href":"https:\/\/nominingue.com\/fr\/wp-json\/wp\/v2\/types\/page"}],"author":[{"embeddable":true,"href":"https:\/\/nominingue.com\/fr\/wp-json\/wp\/v2\/users\/2"}],"replies":[{"embeddable":true,"href":"https:\/\/nominingue.com\/fr\/wp-json\/wp\/v2\/comments?post=860"}],"version-history":[{"count":6,"href":"https:\/\/nominingue.com\/fr\/wp-json\/wp\/v2\/pages\/860\/revisions"}],"predecessor-version":[{"id":1404,"href":"https:\/\/nominingue.com\/fr\/wp-json\/wp\/v2\/pages\/860\/revisions\/1404"}],"wp:attachment":[{"href":"https:\/\/nominingue.com\/fr\/wp-json\/wp\/v2\/media?parent=860"}],"curies":[{"name":"wp","href":"https:\/\/api.w.org\/{rel}","templated":true}]}}