{"id":880,"date":"2023-05-24T15:11:33","date_gmt":"2023-05-24T19:11:33","guid":{"rendered":"https:\/\/nominingue.com\/pourquoi-choisir-le-camp-nominingue\/"},"modified":"2026-04-09T11:16:01","modified_gmt":"2026-04-09T15:16:01","slug":"pourquoi-choisir-le-camp-nominingue","status":"publish","type":"page","link":"https:\/\/nominingue.com\/fr\/pourquoi-choisir-le-camp-nominingue\/","title":{"rendered":"Pourquoi choisir le Camp Nominingue?"},"content":{"rendered":"\n<p>Il n\u2019y a pas de doute qu\u2019il existe beaucoup plus de choix d\u2019activit\u00e9s l\u2019\u00e9t\u00e9 pour les enfants de 7 \u00e0 16 ans en 2020 qu\u2019il existait en 1950 ou m\u00eame en 1990. N\u00e9anmoins, nous croyons qu\u2019une exp\u00e9rience de vie dans un camp traditionnel comme le Camp Nominingue contribuera grandement au d\u00e9veloppement de l\u2019estime de soi et \u00e0 l\u2019ind\u00e9pendance de votre fils.<\/p>\n\n<p>\u00c0 Nominingue, tous les campeurs vivent dans une tente. Du moment de leurs arriv\u00e9es jusqu\u2019\u00e0 l\u2019heure du d\u00e9part, les gar\u00e7ons vivent en plein air, sur un site naturel de toute beaut\u00e9. Les t\u00e9l\u00e9phones portables, les I-Pod et les \u00e9crans d&rsquo;ordinateur restent \u00e0 la maison pendant une, deux, trois semaines ou plus et les campeurs ont la possibilit\u00e9 de renouer avec la nature et de nouer des amiti\u00e9s, sans l&rsquo;interf\u00e9rence de la technologie.<\/p>\n\n<figure class=\"wp-block-image size-large\"><img loading=\"lazy\" decoding=\"async\" width=\"1024\" height=\"683\" src=\"https:\/\/nominingue.com\/wp-content\/uploads\/2023\/06\/why-nominingue-group-1024x683.webp\" alt=\"\" class=\"wp-image-419\" srcset=\"https:\/\/nominingue.com\/wp-content\/uploads\/2023\/06\/why-nominingue-group-1024x683.webp 1024w, https:\/\/nominingue.com\/wp-content\/uploads\/2023\/06\/why-nominingue-group-300x200.webp 300w, https:\/\/nominingue.com\/wp-content\/uploads\/2023\/06\/why-nominingue-group-768x512.webp 768w, https:\/\/nominingue.com\/wp-content\/uploads\/2023\/06\/why-nominingue-group-1536x1024.webp 1536w, https:\/\/nominingue.com\/wp-content\/uploads\/2023\/06\/why-nominingue-group-2048x1365.webp 2048w\" sizes=\"auto, (max-width: 1024px) 100vw, 1024px\" \/><\/figure>\n\n<p>\u00c0 Nominingue, nous croyons fortement que l\u2019estime de soi et la confiance grandit quand un gar\u00e7on a l\u2019opportunit\u00e9 d\u2019apprendre de nouvelles comp\u00e9tences et de d\u00e9velopper des comp\u00e9tences apprises ant\u00e9rieurement. Notre programme d&rsquo;enseignement propose une formation dans un certain nombre de comp\u00e9tences de vie en plein air. \u00c0 chaque activit\u00e9, il y a diff\u00e9rents niveaux d\u2019apprentissage adapt\u00e9s \u00e0 l\u2019\u00e2ge et aux habilet\u00e9s des campeurs. Chaque campeur choisit ses activit\u00e9s pour la semaine, ce qui assure son int\u00e9r\u00eat et son enthousiasme pour l\u2019activit\u00e9 choisie!<\/p>\n\n<p>\u00c0 Nominingue, nous croyons \u00e0 l\u2019importance du choix au d\u00e9veloppement de l\u2019ind\u00e9pendance de l\u2019enfant. En plus de choisir leurs activit\u00e9s matinales, le choix de partir en excursion de canots revient aussi au gar\u00e7on. Fr\u00e9quemment, les campeurs ont aussi un choix \u00e0 faire lors de leurs activit\u00e9s de l\u2019apr\u00e8s-midi ou du soir. Deux fois par jour, lors de la baignade libre du matin et de l\u2019apr\u00e8s-midi, les gar\u00e7ons doivent choisir comment utiliser leur temps libre : se baigner, sauter du tremplin ou du trampoline, faire de la voile, jouer au tennis, travailler sur un projet \u00e0 l\u2019atelier de bois, jouer un jeu d\u2019\u00e9chec, un match de \u00abtetherball \u00bb ou de simplement de lire un bon livre!<\/p>\n\n<p>La majorit\u00e9 des chalets familiaux ne peuvent offrir le choix d\u2019activit\u00e9s, de jeux ou d\u2019excursions de canot comme celui qu\u2019offre le Camp Nominingue. En effet, la vie au Camp Nominingue est unique en son genre. On y retrouve 24 heures sur 24, un programme sp\u00e9cialement con\u00e7u et planifi\u00e9 pour des gar\u00e7ons, par un personnel professionnel, hautement qualifi\u00e9.<\/p>\n","protected":false},"excerpt":{"rendered":"<p>Il n\u2019y a pas de doute qu\u2019il existe beaucoup plus de choix d\u2019activit\u00e9s l\u2019\u00e9t\u00e9 pour les enfants de 7 \u00e0 16 ans en 2020 qu\u2019il existait en 1950 ou m\u00eame en 1990. N\u00e9anmoins, nous croyons qu\u2019une exp\u00e9rience de vie dans un camp traditionnel comme le Camp Nominingue contribuera grandement au d\u00e9veloppement de l\u2019estime de soi [&hellip;]<\/p>\n","protected":false},"author":2,"featured_media":0,"parent":0,"menu_order":0,"comment_status":"closed","ping_status":"closed","template":"","meta":{"_acf_changed":false,"footnotes":""},"class_list":["post-880","page","type-page","status-publish","hentry"],"acf":[],"yoast_head":"<!-- This site is optimized with the Yoast SEO plugin v27.4 - https:\/\/yoast.com\/product\/yoast-seo-wordpress\/ -->\n<title>Pourquoi choisir le Camp Nominingue? - Nominingue Camp<\/title>\n<meta name=\"description\" content=\"Chez Nominingue, nous croyons fermement que l&#039;estime de soi et la confiance en soi grandissent \u00e0 mesure que les gar\u00e7ons apprennent et d\u00e9veloppent de nouvelles comp\u00e9tences.\" \/>\n<meta name=\"robots\" content=\"index, follow, max-snippet:-1, max-image-preview:large, max-video-preview:-1\" \/>\n<link rel=\"canonical\" href=\"https:\/\/nominingue.com\/fr\/pourquoi-choisir-le-camp-nominingue\/\" \/>\n<meta property=\"og:locale\" content=\"fr_FR\" \/>\n<meta property=\"og:type\" content=\"article\" \/>\n<meta property=\"og:title\" content=\"Pourquoi choisir le Camp Nominingue? - Nominingue Camp\" \/>\n<meta property=\"og:description\" content=\"Chez Nominingue, nous croyons fermement que l&#039;estime de soi et la confiance en soi grandissent \u00e0 mesure que les gar\u00e7ons apprennent et d\u00e9veloppent de nouvelles comp\u00e9tences.\" \/>\n<meta property=\"og:url\" content=\"https:\/\/nominingue.com\/fr\/pourquoi-choisir-le-camp-nominingue\/\" \/>\n<meta property=\"og:site_name\" content=\"Nominingue Camp\" \/>\n<meta property=\"article:publisher\" content=\"https:\/\/www.facebook.com\/CampNominingue\/\" \/>\n<meta property=\"article:modified_time\" content=\"2026-04-09T15:16:01+00:00\" \/>\n<meta property=\"og:image\" content=\"https:\/\/nominingue.com\/wp-content\/uploads\/2023\/06\/why-nominingue-group-scaled.webp\" \/>\n\t<meta property=\"og:image:width\" content=\"2560\" \/>\n\t<meta property=\"og:image:height\" content=\"1707\" \/>\n\t<meta property=\"og:image:type\" content=\"image\/webp\" \/>\n<meta name=\"twitter:card\" content=\"summary_large_image\" \/>\n<meta name=\"twitter:site\" content=\"@CampNominingue\" \/>\n<meta name=\"twitter:label1\" content=\"Dur\u00e9e de lecture estim\u00e9e\" \/>\n\t<meta name=\"twitter:data1\" content=\"2 minutes\" \/>\n<script type=\"application\/ld+json\" class=\"yoast-schema-graph\">{\"@context\":\"https:\\\/\\\/schema.org\",\"@graph\":[{\"@type\":\"WebPage\",\"@id\":\"https:\\\/\\\/nominingue.com\\\/fr\\\/pourquoi-choisir-le-camp-nominingue\\\/\",\"url\":\"https:\\\/\\\/nominingue.com\\\/fr\\\/pourquoi-choisir-le-camp-nominingue\\\/\",\"name\":\"Pourquoi choisir le Camp Nominingue? - Nominingue Camp\",\"isPartOf\":{\"@id\":\"https:\\\/\\\/nominingue.com\\\/fr\\\/#website\"},\"primaryImageOfPage\":{\"@id\":\"https:\\\/\\\/nominingue.com\\\/fr\\\/pourquoi-choisir-le-camp-nominingue\\\/#primaryimage\"},\"image\":{\"@id\":\"https:\\\/\\\/nominingue.com\\\/fr\\\/pourquoi-choisir-le-camp-nominingue\\\/#primaryimage\"},\"thumbnailUrl\":\"https:\\\/\\\/nominingue.com\\\/wp-content\\\/uploads\\\/2023\\\/06\\\/why-nominingue-group-1024x683.webp\",\"datePublished\":\"2023-05-24T19:11:33+00:00\",\"dateModified\":\"2026-04-09T15:16:01+00:00\",\"description\":\"Chez Nominingue, nous croyons fermement que l'estime de soi et la confiance en soi grandissent \u00e0 mesure que les gar\u00e7ons apprennent et d\u00e9veloppent de nouvelles comp\u00e9tences.\",\"breadcrumb\":{\"@id\":\"https:\\\/\\\/nominingue.com\\\/fr\\\/pourquoi-choisir-le-camp-nominingue\\\/#breadcrumb\"},\"inLanguage\":\"fr-FR\",\"potentialAction\":[{\"@type\":\"ReadAction\",\"target\":[\"https:\\\/\\\/nominingue.com\\\/fr\\\/pourquoi-choisir-le-camp-nominingue\\\/\"]}]},{\"@type\":\"ImageObject\",\"inLanguage\":\"fr-FR\",\"@id\":\"https:\\\/\\\/nominingue.com\\\/fr\\\/pourquoi-choisir-le-camp-nominingue\\\/#primaryimage\",\"url\":\"https:\\\/\\\/nominingue.com\\\/wp-content\\\/uploads\\\/2023\\\/06\\\/why-nominingue-group-1024x683.webp\",\"contentUrl\":\"https:\\\/\\\/nominingue.com\\\/wp-content\\\/uploads\\\/2023\\\/06\\\/why-nominingue-group-1024x683.webp\"},{\"@type\":\"BreadcrumbList\",\"@id\":\"https:\\\/\\\/nominingue.com\\\/fr\\\/pourquoi-choisir-le-camp-nominingue\\\/#breadcrumb\",\"itemListElement\":[{\"@type\":\"ListItem\",\"position\":1,\"name\":\"Home\",\"item\":\"https:\\\/\\\/nominingue.com\\\/fr\\\/\"},{\"@type\":\"ListItem\",\"position\":2,\"name\":\"Pourquoi choisir le Camp Nominingue?\"}]},{\"@type\":\"WebSite\",\"@id\":\"https:\\\/\\\/nominingue.com\\\/fr\\\/#website\",\"url\":\"https:\\\/\\\/nominingue.com\\\/fr\\\/\",\"name\":\"Nominingue Camp\",\"description\":\"Where your summer adventure begins...\",\"publisher\":{\"@id\":\"https:\\\/\\\/nominingue.com\\\/fr\\\/#organization\"},\"potentialAction\":[{\"@type\":\"SearchAction\",\"target\":{\"@type\":\"EntryPoint\",\"urlTemplate\":\"https:\\\/\\\/nominingue.com\\\/fr\\\/?s={search_term_string}\"},\"query-input\":{\"@type\":\"PropertyValueSpecification\",\"valueRequired\":true,\"valueName\":\"search_term_string\"}}],\"inLanguage\":\"fr-FR\"},{\"@type\":\"Organization\",\"@id\":\"https:\\\/\\\/nominingue.com\\\/fr\\\/#organization\",\"name\":\"Nominingue Camp\",\"url\":\"https:\\\/\\\/nominingue.com\\\/fr\\\/\",\"logo\":{\"@type\":\"ImageObject\",\"inLanguage\":\"fr-FR\",\"@id\":\"https:\\\/\\\/nominingue.com\\\/fr\\\/#\\\/schema\\\/logo\\\/image\\\/\",\"url\":\"https:\\\/\\\/nominingue.com\\\/wp-content\\\/uploads\\\/2025\\\/01\\\/CampNominingueTransparentGrey_Red-e1736697536987.png\",\"contentUrl\":\"https:\\\/\\\/nominingue.com\\\/wp-content\\\/uploads\\\/2025\\\/01\\\/CampNominingueTransparentGrey_Red-e1736697536987.png\",\"width\":2230,\"height\":1290,\"caption\":\"Nominingue Camp\"},\"image\":{\"@id\":\"https:\\\/\\\/nominingue.com\\\/fr\\\/#\\\/schema\\\/logo\\\/image\\\/\"},\"sameAs\":[\"https:\\\/\\\/www.facebook.com\\\/CampNominingue\\\/\",\"https:\\\/\\\/x.com\\\/CampNominingue\",\"https:\\\/\\\/www.youtube.com\\\/user\\\/CampNominingue\",\"https:\\\/\\\/www.instagram.com\\\/CampNominingue\\\/\"]}]}<\/script>\n<!-- \/ Yoast SEO plugin. -->","yoast_head_json":{"title":"Pourquoi choisir le Camp Nominingue? - Nominingue Camp","description":"Chez Nominingue, nous croyons fermement que l'estime de soi et la confiance en soi grandissent \u00e0 mesure que les gar\u00e7ons apprennent et d\u00e9veloppent de nouvelles comp\u00e9tences.","robots":{"index":"index","follow":"follow","max-snippet":"max-snippet:-1","max-image-preview":"max-image-preview:large","max-video-preview":"max-video-preview:-1"},"canonical":"https:\/\/nominingue.com\/fr\/pourquoi-choisir-le-camp-nominingue\/","og_locale":"fr_FR","og_type":"article","og_title":"Pourquoi choisir le Camp Nominingue? - Nominingue Camp","og_description":"Chez Nominingue, nous croyons fermement que l'estime de soi et la confiance en soi grandissent \u00e0 mesure que les gar\u00e7ons apprennent et d\u00e9veloppent de nouvelles comp\u00e9tences.","og_url":"https:\/\/nominingue.com\/fr\/pourquoi-choisir-le-camp-nominingue\/","og_site_name":"Nominingue Camp","article_publisher":"https:\/\/www.facebook.com\/CampNominingue\/","article_modified_time":"2026-04-09T15:16:01+00:00","og_image":[{"width":2560,"height":1707,"url":"https:\/\/nominingue.com\/wp-content\/uploads\/2023\/06\/why-nominingue-group-scaled.webp","type":"image\/webp"}],"twitter_card":"summary_large_image","twitter_site":"@CampNominingue","twitter_misc":{"Dur\u00e9e de lecture estim\u00e9e":"2 minutes"},"schema":{"@context":"https:\/\/schema.org","@graph":[{"@type":"WebPage","@id":"https:\/\/nominingue.com\/fr\/pourquoi-choisir-le-camp-nominingue\/","url":"https:\/\/nominingue.com\/fr\/pourquoi-choisir-le-camp-nominingue\/","name":"Pourquoi choisir le Camp Nominingue? - Nominingue Camp","isPartOf":{"@id":"https:\/\/nominingue.com\/fr\/#website"},"primaryImageOfPage":{"@id":"https:\/\/nominingue.com\/fr\/pourquoi-choisir-le-camp-nominingue\/#primaryimage"},"image":{"@id":"https:\/\/nominingue.com\/fr\/pourquoi-choisir-le-camp-nominingue\/#primaryimage"},"thumbnailUrl":"https:\/\/nominingue.com\/wp-content\/uploads\/2023\/06\/why-nominingue-group-1024x683.webp","datePublished":"2023-05-24T19:11:33+00:00","dateModified":"2026-04-09T15:16:01+00:00","description":"Chez Nominingue, nous croyons fermement que l'estime de soi et la confiance en soi grandissent \u00e0 mesure que les gar\u00e7ons apprennent et d\u00e9veloppent de nouvelles comp\u00e9tences.","breadcrumb":{"@id":"https:\/\/nominingue.com\/fr\/pourquoi-choisir-le-camp-nominingue\/#breadcrumb"},"inLanguage":"fr-FR","potentialAction":[{"@type":"ReadAction","target":["https:\/\/nominingue.com\/fr\/pourquoi-choisir-le-camp-nominingue\/"]}]},{"@type":"ImageObject","inLanguage":"fr-FR","@id":"https:\/\/nominingue.com\/fr\/pourquoi-choisir-le-camp-nominingue\/#primaryimage","url":"https:\/\/nominingue.com\/wp-content\/uploads\/2023\/06\/why-nominingue-group-1024x683.webp","contentUrl":"https:\/\/nominingue.com\/wp-content\/uploads\/2023\/06\/why-nominingue-group-1024x683.webp"},{"@type":"BreadcrumbList","@id":"https:\/\/nominingue.com\/fr\/pourquoi-choisir-le-camp-nominingue\/#breadcrumb","itemListElement":[{"@type":"ListItem","position":1,"name":"Home","item":"https:\/\/nominingue.com\/fr\/"},{"@type":"ListItem","position":2,"name":"Pourquoi choisir le Camp Nominingue?"}]},{"@type":"WebSite","@id":"https:\/\/nominingue.com\/fr\/#website","url":"https:\/\/nominingue.com\/fr\/","name":"Nominingue Camp","description":"Where your summer adventure begins...","publisher":{"@id":"https:\/\/nominingue.com\/fr\/#organization"},"potentialAction":[{"@type":"SearchAction","target":{"@type":"EntryPoint","urlTemplate":"https:\/\/nominingue.com\/fr\/?s={search_term_string}"},"query-input":{"@type":"PropertyValueSpecification","valueRequired":true,"valueName":"search_term_string"}}],"inLanguage":"fr-FR"},{"@type":"Organization","@id":"https:\/\/nominingue.com\/fr\/#organization","name":"Nominingue Camp","url":"https:\/\/nominingue.com\/fr\/","logo":{"@type":"ImageObject","inLanguage":"fr-FR","@id":"https:\/\/nominingue.com\/fr\/#\/schema\/logo\/image\/","url":"https:\/\/nominingue.com\/wp-content\/uploads\/2025\/01\/CampNominingueTransparentGrey_Red-e1736697536987.png","contentUrl":"https:\/\/nominingue.com\/wp-content\/uploads\/2025\/01\/CampNominingueTransparentGrey_Red-e1736697536987.png","width":2230,"height":1290,"caption":"Nominingue Camp"},"image":{"@id":"https:\/\/nominingue.com\/fr\/#\/schema\/logo\/image\/"},"sameAs":["https:\/\/www.facebook.com\/CampNominingue\/","https:\/\/x.com\/CampNominingue","https:\/\/www.youtube.com\/user\/CampNominingue","https:\/\/www.instagram.com\/CampNominingue\/"]}]}},"_links":{"self":[{"href":"https:\/\/nominingue.com\/fr\/wp-json\/wp\/v2\/pages\/880","targetHints":{"allow":["GET"]}}],"collection":[{"href":"https:\/\/nominingue.com\/fr\/wp-json\/wp\/v2\/pages"}],"about":[{"href":"https:\/\/nominingue.com\/fr\/wp-json\/wp\/v2\/types\/page"}],"author":[{"embeddable":true,"href":"https:\/\/nominingue.com\/fr\/wp-json\/wp\/v2\/users\/2"}],"replies":[{"embeddable":true,"href":"https:\/\/nominingue.com\/fr\/wp-json\/wp\/v2\/comments?post=880"}],"version-history":[{"count":13,"href":"https:\/\/nominingue.com\/fr\/wp-json\/wp\/v2\/pages\/880\/revisions"}],"predecessor-version":[{"id":933,"href":"https:\/\/nominingue.com\/fr\/wp-json\/wp\/v2\/pages\/880\/revisions\/933"}],"wp:attachment":[{"href":"https:\/\/nominingue.com\/fr\/wp-json\/wp\/v2\/media?parent=880"}],"curies":[{"name":"wp","href":"https:\/\/api.w.org\/{rel}","templated":true}]}}